{"id":3163,"date":"2022-02-08T14:50:46","date_gmt":"2022-02-08T14:50:46","guid":{"rendered":"https:\/\/shopcinius.com\/condizioni-di-vendita\/"},"modified":"2023-04-12T19:30:37","modified_gmt":"2023-04-12T17:30:37","slug":"condizioni-di-vendita","status":"publish","type":"page","link":"https:\/\/shopcinius.com\/en\/condizioni-di-vendita\/","title":{"rendered":"Condizioni di vendita"},"content":{"rendered":"<div>\n<div>\n<p><strong>Pagamenti:<\/strong><\/p>\n<p>Il pagamento pu\u00f2 essere effettuato nelle seguenti modalit\u00e0:<\/p>\n<ul>\n<li><strong>Bonifico bancario<span>\u00a0<\/span><\/strong>(senza costi aggiuntivi)<\/li>\n<li><strong>Contrassegno<span>\u00a0<\/span><\/strong>(valido solo in Italia e con un costo aggiuntivo pari al 2% del valore della merce con un minimo di 5.00 euro)<\/li>\n<li><strong>PostePay<span>\u00a0<\/span><\/strong>(senza costi aggiuntivi)<\/li>\n<li><strong>PayPal:<span>\u00a0<\/span><\/strong>(senza costi aggiuntivi)<span>\u00a0<\/span><a href=\"https:\/\/www.paypal.com\/it\" target=\"_blank\" rel=\"noopener\">PayPal<\/a><span>\u00a0<\/span>\u00e8 un sistema di pagamento sicuro che ti permette di pagare in modo gratuito, immediato e protetto senza dover rivelare al commerciante i tuoi numeri di carta di credito o informazioni finanziarie. Puoi servirti di:<br \/>\u2013 carta di credito (Visa, Visa Electron, MasterCard);<br \/>\u2013 carta prepagata ricaricabile (come Postepay, Kalibra ed altre ancora);<br \/>\u2013 fondi disponibili sul tuo conto PayPal (saldo).<\/li>\n<\/ul>\n<p>Le vendite per corrispondenza sono esenti dall\u2019emissione di scontrino o ricevuta fiscale ai sensi del DPR 696\/1996 e dell\u2019 art. 22 DPR 633\/72.<\/p>\n<p><strong>L\u2019eventuale richiesta di fattura dovr\u00e0 essere effettuata al momento dell\u2019ordine.<\/strong><\/p>\n<\/p>\n<p><strong>Tempi di Consegna:<\/strong><\/p>\n<p>I pacchi sono solitamente spediti entro 1-2 giorni dopo il ricevimento del pagamento e inviati tramite\u00a0Corriere.<\/p>\n<p>I tempi di consegna del corriere in Italia sono generalmente di 2-3 gg lavorativi. (per l\u2019estero invece possono essere 5-6 gg lavorativi)<\/p>\n<p>Se non doveste ricevere la merce entro tali termini vi preghiamo di contattarci allo 051-6028482<\/p>\n<\/p>\n<p><strong>Costi Consegna in Italia:<\/strong><\/p>\n<p>Per quasi tutti gli oggetti il costo di spedizione in Italia \u00e8 fissato in 9.00 Euro,<br \/>fanno eccezione articoli ingombranti e fragili quali ad esempio le Fontane in ardesia, le testate Futon, i Separ\u00e8, le poltrone dondolo\u2026 per i quali il costo di trasporto \u00e8 di 25.00 euro ed i Letti e materassi per i quali il costo di trasporto \u00e8 di 40.00 Euro.<\/p>\n<\/p>\n<p>Vi consigliamo di raggruppare i vostri articoli in un unico ordine. Non possiamo raggruppare due ordini distinti eseguiti separatamente, e ad ognuno di esso saranno applicate le spese di spedizione.<\/p>\n<\/p>\n<p><strong>Corrieri<\/strong><\/p>\n<p>Per le consegne utilizziamo le poste oppure i corrieri nazionali.<br \/><strong>La consegna \u00e8 intesa sempre al numero civico piano terra. (NON al piano)<\/strong><\/p>\n<\/p>\n<p><strong>Privacy<\/strong><\/p>\n<table border=\"2\" cellspacing=\"0\" cellpadding=\"7\">\n<tbody>\n<tr>\n<td><strong>Informativa ai sensi dell\u2019articolo 13 del Decreto Legislativo n. 196\/2003<br \/>(informativa resa solo per il presente sito di Cinius e non per altri visitabili tramite link)<\/strong><strong>Gentile Cliente<\/strong>,<br \/>Il Decreto Legislativo n. 196 del 2003 tutela la riservatezza dei dati personali ed impone una serie di obblighi a chi tratta\u009d informazioni personali riferite ad altri soggetti.Tra i pi\u00f9 importanti adempimenti che la legge impone di rispettare c\u2019\u00e8 quello di informare gli interessati in merito al trattamento dei loro dati personali e di acquisire il loro consenso al trattamento, soprattutto per le attivit\u00e0\u00a0 di trattamento relativamente alle quali i dati devono essere comunicati ad altri soggetti.Alla luce di quanto<span>\u00a0<\/span><strong>sopra<\/strong>, pertanto, ai sensi dell\u2019articolo 13 del decreto legislativo in oggetto, Le forniamo le seguenti informazioni.<\/p>\n<p>Il trattamento dei dati avviene per le seguenti finalit\u00e0:<\/p>\n<p>1) per gestire i rapporti con Lei volti alla fornitura di beni, prestazioni o servizi, per adempiere ad ogni obbligo di legge previsto dalla normativa vigente (quali obblighi amministrativi, contabili o fiscali), o disposto da Autorit\u00e0 e Organi di Vigilanza, per adempimenti contrattuali e per quanto strettamente necessario o funzionale all\u2019esecuzione del contratto stesso, per la gestione del credito e per statistiche contabili o di vendita;<\/p>\n<p>2) per iniziative promozionali riguardanti beni o servizi della Ns attivit\u00e0.<\/p>\n<p>3) per la rilevazione del grado di soddisfazione della clientela sulla qualit\u00e0 dei servizi resi, elaborazione di studi e ricerche di mercato, finalit\u00e0 informative, statistiche, finalit\u00e0 di marketing, promozione di prodotti e servizi, svolgimento di attivit\u00e0 di pubbliche relazioni<\/p>\n<p>Il trattamento sar\u00e0 effettuato sia in forma manuale che con l\u2019ausilio di sistemi informatici e ad opera di soggetti di ci\u00f2 appositamente incaricati.<\/p>\n<p>I Vs. dati, potranno essere comunicati a terzi, anche all\u2019estero, esclusivamente per esigenze tecniche ed operative strettamente collegate alle finalit\u00e0 sopra enunciate ed in particolare alle seguenti categorie di soggetti:<\/p>\n<p>a) enti, professionisti, societ\u00e0 o altre strutture da noi incaricate dei trattamenti connessi all\u2019adempimento degli obblighi amministrativi, contabili e gestionali legati all\u2019ordinario svolgimento della nostra attivit\u00e0 economica, anche per finalit\u00e0 di recupero credito;<\/p>\n<p>b) pubbliche autorit\u00e0, amministrazioni ed enti per le finalit\u00e0 connesse all\u2019adempimento di obblighi di legge;<\/p>\n<p>c) banche, istituti finanziari o altri soggetti ai quali il trasferimento dei suoi dati risulti necessario allo svolgimento dell\u2019attivit\u00c3\u00a0 della nostra azienda in relazione all\u2019assolvimento, da parte nostra, delle obbligazioni contrattuali nei Vs. confronti<\/p>\n<p>Il conferimento dei dati e la comunicazione ai soggetti indicati alle lettere a), b) e c), relativamente alla finalit\u00e0 di cui al punto 1), \u00e8 per Lei obbligatorio in quanto \u00e8 necessario al fine di adempiere agli obblighi di legge e\/o contrattuali, contabili, retributivi, previdenziali, fiscali da parte del titolare del trattamento e\/o dei soggetti terzi sopra richiamati; mentre \u00e8 facoltativo per la finalit\u00e0 di cui al punto 2), il quale in qualsiasi momento, manifestando la Vs opposizione al seguente indirizzo E MAIL<span>\u00a0<\/span><strong>privacy@cinius.com<\/strong>, verr\u00e0 cessato.<\/p>\n<p>Il titolare rende noto, inoltre, che l\u2019eventuale non conferimento o conferimento errato, di una delle<span>\u00a0<\/span><em>informazioni obbligatorie<\/em>, ha come conseguenze emergenti:<\/p>\n<ul>\n<li>l\u2019impossibilit\u00e0 del titolare di garantire la congruit\u00e0 del trattamento stesso ai patti contrattuali per cui esso sia eseguito;<\/li>\n<li>la possibile mancata corrispondenza dei risultati del trattamento stesso agli obblighi imposti dalla normativa fiscale, amministrativa o del lavoro cui esso \u00e8 indirizzato<\/li>\n<\/ul>\n<p>Il non conferimento delle<span>\u00a0<\/span><em>informazioni facoltative<\/em><span>\u00a0<\/span>non comporta alcuna conseguenza salvo l\u2019impossibilit\u00e0 di fruire dei servizi offerti (ricevere pubblicazioni o altro materiale informativo che potrebbe essere di suo interesse, essere aggiornato su eventi, manifestazioni, presentazioni di nuovi prodotti o servizi, etc.)<\/p>\n<p>Lei potr\u00e0 far valere i propri diritti come espressi dagli artt. 7, 8, 9 e 10 del D. Lgs. 196\/2003 rivolgendosi al titolare del trattamento.<\/p>\n<p>Titolare del trattamento \u00e8 la scrivente CINIUS SRL<\/p>\n<\/td>\n<\/tr>\n<\/tbody>\n<\/table>\n<p><strong>Diritto di recesso<\/strong><\/p>\n<p>Ai sensi del D.Lg. 22\/5\/99 n.185, che recepisce la direttiva 97\/7\/CE relativa alla protezione dei consumatori in materia di contratti a distanza.<\/p>\n<p>Questo diritto \u00e8 riservato esclusivamente alle persone fisiche (consumatori), quindi non pu\u00f2 essere esercitato dalle persone giuridiche e dalle persone fisiche che agiscono per scopi riferibili all\u2019attivit\u00e0 professionale eventualmente svolta. Tale normativa sancisce il diritto di recesso, ovvero la possibilit\u00e0 per il consumatore di restituire il prodotto acquistato e di ottenere il rimborso. Per esercitare il diritto di recesso \u00e8 necessario inviare, entro 14 giorni dal ricevimento della merce, una comunicazione nella quale viene manifestata la volont\u00e0 di recedere dal contratto La comunicazione va inviata a Cinius (Via Collamarini 25 \u2013 40138 Bologna) tramite raccomandata con avviso di ricevimento; L\u2019oggetto deve essere reso dal cliente perfettamente imballato, le spese di spedizione sia per l\u2019invio originale della merce che per il reso non verranno comunque rimborsate. Il diritto di recesso decade totalmente qualora il prodotto restituito non sia integro, ovvero: -mancanza dell\u2019imballo -assenza di elementi integranti del prodotto -danneggiamento del prodotto per cause diverse dal trasporto. Il diritto di recesso non si applica agli articoli confezionati su misura (al di fuori delle misure standard proposte dal catalogo) o comunque personalizzati.<\/p>\n<\/div>\n<\/div>\n<p><!--more--><br \/>\n<!-- {\"type\":\"layout\",\"children\":[{\"type\":\"section\",\"props\":{\"image_position\":\"center-center\",\"padding\":\"xsmall\",\"padding_remove_bottom\":true,\"style\":\"default\",\"title_breakpoint\":\"xl\",\"title_position\":\"top-left\",\"title_rotation\":\"left\",\"vertical_align\":\"middle\",\"width\":\"xlarge\"},\"children\":[{\"type\":\"row\",\"children\":[{\"type\":\"column\",\"props\":{\"image_position\":\"center-center\",\"media_overlay_gradient\":\"\",\"position_sticky_breakpoint\":\"m\"},\"children\":[{\"type\":\"breadcrumbs\",\"props\":{\"show_current\":true,\"show_home\":true}}]}]}],\"modified\":\"2022-01-10T16:58:41.432Z\",\"name\":\"Breadcrumb\"},{\"type\":\"section\",\"props\":{\"image_position\":\"center-center\",\"style\":\"default\",\"title_breakpoint\":\"xl\",\"title_position\":\"top-left\",\"title_rotation\":\"left\",\"vertical_align\":\"middle\",\"width\":\"small\"},\"children\":[{\"type\":\"row\",\"children\":[{\"type\":\"column\",\"props\":{\"image_position\":\"center-center\",\"media_overlay_gradient\":\"\",\"position_sticky_breakpoint\":\"m\"},\"children\":[{\"type\":\"panel\",\"props\":{\"content\":\"\n\n<p><strong>Pagamenti:<\\\/strong><\\\/p>\\n\n\n<p>Il pagamento pu\\u00f2 essere effettuato nelle seguenti modalit\\u00e0:<\\\/p>\\n\n\n<ul>\\n\n\n<li><strong>Bonifico bancario<span>\\u00a0<\\\/span><\\\/strong>(senza costi aggiuntivi)<\\\/li>\\n\n\n<li><strong>Contrassegno<span>\\u00a0<\\\/span><\\\/strong>(valido solo in Italia e con un costo aggiuntivo pari al 2% del valore della merce con un minimo di 5.00 euro)<\\\/li>\\n\n\n<li><strong>PostePay<span>\\u00a0<\\\/span><\\\/strong>(senza costi aggiuntivi)<\\\/li>\\n\n\n<li><strong>PayPal:<span>\\u00a0<\\\/span><\\\/strong>(senza costi aggiuntivi)<span>\\u00a0<\\\/span><a href=\\\"https:\\\/\\\/www.paypal.com\\\/it\\\" target=\\\"_blank\\\" rel=\\\"noopener\\\">PayPal<\\\/a><span>\\u00a0<\\\/span>\\u00e8 un sistema di pagamento sicuro che ti permette di pagare in modo gratuito, immediato e protetto senza dover rivelare al commerciante i tuoi numeri di carta di credito o informazioni finanziarie. Puoi servirti di:<br \\\/>\\u2013 carta di credito (Visa, Visa Electron, MasterCard);<br \\\/>\\u2013 carta prepagata ricaricabile (come Postepay, Kalibra ed altre ancora);<br \\\/>\\u2013 fondi disponibili sul tuo conto PayPal (saldo).<\\\/li>\\n<\\\/ul>\\n\n\n<p><\\\/p>\\n\n\n<p>Le vendite per corrispondenza sono esenti dall\\u2019emissione di scontrino o ricevuta fiscale ai sensi del DPR 696\\\/1996 e dell\\u2019 art. 22 DPR 633\\\/72.<\\\/p>\\n\n\n<p><strong>L\\u2019eventuale richiesta di fattura dovr\\u00e0 essere effettuata al momento dell\\u2019ordine.<\\\/strong><\\\/p>\\n\n\n<p><\\\/p>\\n\n\n<p><strong>Tempi di Consegna:<\\\/strong><\\\/p>\\n\n\n<p>I pacchi sono solitamente spediti entro 1-2 giorni dopo il ricevimento del pagamento e inviati tramite\\u00a0Corriere.<\\\/p>\\n\n\n<p>I tempi di consegna del corriere in Italia sono generalmente di 2-3 gg lavorativi. (per l\\u2019estero invece possono essere 5-6 gg lavorativi)<\\\/p>\\n\n\n<p>Se non doveste ricevere la merce entro tali termini vi preghiamo di contattarci allo 051-6028482<\\\/p>\\n\n\n<p><\\\/p>\\n\n\n<p><strong>Costi Consegna in Italia:<\\\/strong><\\\/p>\\n\n\n<p>Per quasi tutti gli oggetti il costo di spedizione in Italia \\u00e8 fissato in 9.00 Euro,<br \\\/>fanno eccezione articoli ingombranti e fragili quali ad esempio le Fontane in ardesia, le testate Futon, i Separ\\u00e8, le poltrone dondolo\\u2026 per i quali il costo di trasporto \\u00e8 di 25.00 euro ed i Letti e materassi per i quali il costo di trasporto \\u00e8 di 40.00 Euro.<\\\/p>\\n\n\n<p><\\\/p>\\n\n\n<p>Vi consigliamo di raggruppare i vostri articoli in un unico ordine. Non possiamo raggruppare due ordini distinti eseguiti separatamente, e ad ognuno di esso saranno applicate le spese di spedizione.<\\\/p>\\n\n\n<p><\\\/p>\\n\n\n<p><strong>Corrieri<\\\/strong><\\\/p>\\n\n\n<p>Per le consegne utilizziamo le poste oppure i corrieri nazionali.<br \\\/><strong>La consegna \\u00e8 intesa sempre al numero civico piano terra. (NON al piano)<\\\/strong><\\\/p>\\n\n\n<p><\\\/p>\\n\n\n<p><strong>Privacy<\\\/strong><\\\/p>\\n\n\n<table border=\\\"2\\\" cellspacing=\\\"0\\\" cellpadding=\\\"7\\\">\\n\n\n<tbody>\\n\n\n<tr>\\n\n\n<td><strong>Informativa ai sensi dell\\u2019articolo 13 del Decreto Legislativo n. 196\\\/2003<br \\\/>(informativa resa solo per il presente sito di Cinius e non per altri visitabili tramite link)<\\\/strong><strong>Gentile Cliente<\\\/strong>,<br \\\/>Il Decreto Legislativo n. 196 del 2003 tutela la riservatezza dei dati personali ed impone una serie di obblighi a chi tratta\\u009d informazioni personali riferite ad altri soggetti.Tra i pi\\u00f9 importanti adempimenti che la legge impone di rispettare c\\u2019\\u00e8 quello di informare gli interessati in merito al trattamento dei loro dati personali e di acquisire il loro consenso al trattamento, soprattutto per le attivit\\u00e0\\u00a0 di trattamento relativamente alle quali i dati devono essere comunicati ad altri soggetti.Alla luce di quanto<span>\\u00a0<\\\/span><strong>sopra<\\\/strong>, pertanto, ai sensi dell\\u2019articolo 13 del decreto legislativo in oggetto, Le forniamo le seguenti informazioni.\\n\n\n<p>Il trattamento dei dati avviene per le seguenti finalit\\u00e0:<\\\/p>\\n\n\n<p>1) per gestire i rapporti con Lei volti alla fornitura di beni, prestazioni o servizi, per adempiere ad ogni obbligo di legge previsto dalla normativa vigente (quali obblighi amministrativi, contabili o fiscali), o disposto da Autorit\\u00e0 e Organi di Vigilanza, per adempimenti contrattuali e per quanto strettamente necessario o funzionale all\\u2019esecuzione del contratto stesso, per la gestione del credito e per statistiche contabili o di vendita;<\\\/p>\\n\n\n<p>2) per iniziative promozionali riguardanti beni o servizi della Ns attivit\\u00e0.<\\\/p>\\n\n\n<p>3) per la rilevazione del grado di soddisfazione della clientela sulla qualit\\u00e0 dei servizi resi, elaborazione di studi e ricerche di mercato, finalit\\u00e0 informative, statistiche, finalit\\u00e0 di marketing, promozione di prodotti e servizi, svolgimento di attivit\\u00e0 di pubbliche relazioni<\\\/p>\\n\n\n<p>Il trattamento sar\\u00e0 effettuato sia in forma manuale che con l\\u2019ausilio di sistemi informatici e ad opera di soggetti di ci\\u00f2 appositamente incaricati.<\\\/p>\\n\n\n<p>I Vs. dati, potranno essere comunicati a terzi, anche all\\u2019estero, esclusivamente per esigenze tecniche ed operative strettamente collegate alle finalit\\u00e0 sopra enunciate ed in particolare alle seguenti categorie di soggetti:<\\\/p>\\n\n\n<p>a) enti, professionisti, societ\\u00e0 o altre strutture da noi incaricate dei trattamenti connessi all\\u2019adempimento degli obblighi amministrativi, contabili e gestionali legati all\\u2019ordinario svolgimento della nostra attivit\\u00e0 economica, anche per finalit\\u00e0 di recupero credito;<\\\/p>\\n\n\n<p>b) pubbliche autorit\\u00e0, amministrazioni ed enti per le finalit\\u00e0 connesse all\\u2019adempimento di obblighi di legge;<\\\/p>\\n\n\n<p>c) banche, istituti finanziari o altri soggetti ai quali il trasferimento dei suoi dati risulti necessario allo svolgimento dell\\u2019attivit\\u00c3\\u00a0 della nostra azienda in relazione all\\u2019assolvimento, da parte nostra, delle obbligazioni contrattuali nei Vs. confronti<\\\/p>\\n\n\n<p>Il conferimento dei dati e la comunicazione ai soggetti indicati alle lettere a), b) e c), relativamente alla finalit\\u00e0 di cui al punto 1), \\u00e8 per Lei obbligatorio in quanto \\u00e8 necessario al fine di adempiere agli obblighi di legge e\\\/o contrattuali, contabili, retributivi, previdenziali, fiscali da parte del titolare del trattamento e\\\/o dei soggetti terzi sopra richiamati; mentre \\u00e8 facoltativo per la finalit\\u00e0 di cui al punto 2), il quale in qualsiasi momento, manifestando la Vs opposizione al seguente indirizzo E MAIL<span>\\u00a0<\\\/span><strong>privacy@cinius.com<\\\/strong>, verr\\u00e0 cessato.<\\\/p>\\n\n\n<p>Il titolare rende noto, inoltre, che l\\u2019eventuale non conferimento o conferimento errato, di una delle<span>\\u00a0<\\\/span><em>informazioni obbligatorie<\\\/em>, ha come conseguenze emergenti:<\\\/p>\\n\n\n<ul>\\n\n\n<li>l\\u2019impossibilit\\u00e0 del titolare di garantire la congruit\\u00e0 del trattamento stesso ai patti contrattuali per cui esso sia eseguito;<\\\/li>\\n\n\n<li>la possibile mancata corrispondenza dei risultati del trattamento stesso agli obblighi imposti dalla normativa fiscale, amministrativa o del lavoro cui esso \\u00e8 indirizzato<\\\/li>\\n<\\\/ul>\\n\n\n<p>Il non conferimento delle<span>\\u00a0<\\\/span><em>informazioni facoltative<\\\/em><span>\\u00a0<\\\/span>non comporta alcuna conseguenza salvo l\\u2019impossibilit\\u00e0 di fruire dei servizi offerti (ricevere pubblicazioni o altro materiale informativo che potrebbe essere di suo interesse, essere aggiornato su eventi, manifestazioni, presentazioni di nuovi prodotti o servizi, etc.)<\\\/p>\\n\n\n<p>Lei potr\\u00e0 far valere i propri diritti come espressi dagli artt. 7, 8, 9 e 10 del D. Lgs. 196\\\/2003 rivolgendosi al titolare del trattamento.<\\\/p>\\n\n\n<p>Titolare del trattamento \\u00e8 la scrivente CINIUS SRL<\\\/p>\\n<\\\/td>\\n<\\\/tr>\\n<\\\/tbody>\\n<\\\/table>\\n\n\n<p><\\\/p>\\n\n\n<p><strong>Diritto di recesso<\\\/strong><\\\/p>\\n\n\n<p>Ai sensi del D.Lg. 22\\\/5\\\/99 n.185, che recepisce la direttiva 97\\\/7\\\/CE relativa alla protezione dei consumatori in materia di contratti a distanza.<\\\/p>\\n\n\n<p>Questo diritto \\u00e8 riservato esclusivamente alle persone fisiche (consumatori), quindi non pu\\u00f2 essere esercitato dalle persone giuridiche e dalle persone fisiche che agiscono per scopi riferibili all\\u2019attivit\\u00e0 professionale eventualmente svolta. Tale normativa sancisce il diritto di recesso, ovvero la possibilit\\u00e0 per il consumatore di restituire il prodotto acquistato e di ottenere il rimborso. Per esercitare il diritto di recesso \\u00e8 necessario inviare, entro 14 giorni dal ricevimento della merce, una comunicazione nella quale viene manifestata la volont\\u00e0 di recedere dal contratto La comunicazione va inviata a Cinius (Via Collamarini 25 \\u2013 40138 Bologna) tramite raccomandata con avviso di ricevimento; L\\u2019oggetto deve essere reso dal cliente perfettamente imballato, le spese di spedizione sia per l\\u2019invio originale della merce che per il reso non verranno comunque rimborsate. Il diritto di recesso decade totalmente qualora il prodotto restituito non sia integro, ovvero: -mancanza dell\\u2019imballo -assenza di elementi integranti del prodotto -danneggiamento del prodotto per cause diverse dal trasporto. Il diritto di recesso non si applica agli articoli confezionati su misura (al di fuori delle misure standard proposte dal catalogo) o comunque personalizzati.<\\\/p>\",\"content_column_breakpoint\":\"m\",\"icon_width\":80,\"image_align\":\"top\",\"image_grid_breakpoint\":\"m\",\"image_grid_width\":\"1-2\",\"image_svg_color\":\"emphasis\",\"link_style\":\"default\",\"link_text\":\"Read more\",\"margin\":\"default\",\"meta_align\":\"below-title\",\"meta_element\":\"div\",\"meta_style\":\"text-meta\",\"title_align\":\"top\",\"title_element\":\"h1\",\"title_grid_breakpoint\":\"m\",\"title_grid_width\":\"1-2\",\"title_hover_style\":\"reset\"},\"source\":{\"query\":{\"name\":\"pages.singlePage\"},\"props\":{\"title\":{\"filters\":{\"search\":\"\"},\"name\":\"title\"}}}}]}]}]}],\"version\":\"3.0.21\"} --><\/p>\n","protected":false},"excerpt":{"rendered":"<p>Pagamenti: Il pagamento pu\u00f2 essere effettuato nelle seguenti modalit\u00e0: Bonifico bancario\u00a0(senza costi aggiuntivi) Contrassegno\u00a0(valido solo in Italia e con un costo aggiuntivo pari al 2% del valore della merce con un minimo di 5.00 euro) PostePay\u00a0(senza costi aggiuntivi) PayPal:\u00a0(senza costi aggiuntivi)\u00a0PayPal\u00a0\u00e8 un sistema di pagamento sicuro che ti permette di pagare in modo gratuito, immediato [&hellip;]<\/p>\n","protected":false},"author":7,"featured_media":0,"parent":0,"menu_order":0,"comment_status":"closed","ping_status":"closed","template":"","meta":{"footnotes":""},"class_list":["post-3163","page","type-page","status-publish","hentry"],"acf":[],"_links":{"self":[{"href":"https:\/\/shopcinius.com\/en\/wp-json\/wp\/v2\/pages\/3163","targetHints":{"allow":["GET"]}}],"collection":[{"href":"https:\/\/shopcinius.com\/en\/wp-json\/wp\/v2\/pages"}],"about":[{"href":"https:\/\/shopcinius.com\/en\/wp-json\/wp\/v2\/types\/page"}],"author":[{"embeddable":true,"href":"https:\/\/shopcinius.com\/en\/wp-json\/wp\/v2\/users\/7"}],"replies":[{"embeddable":true,"href":"https:\/\/shopcinius.com\/en\/wp-json\/wp\/v2\/comments?post=3163"}],"version-history":[{"count":0,"href":"https:\/\/shopcinius.com\/en\/wp-json\/wp\/v2\/pages\/3163\/revisions"}],"wp:attachment":[{"href":"https:\/\/shopcinius.com\/en\/wp-json\/wp\/v2\/media?parent=3163"}],"curies":[{"name":"wp","href":"https:\/\/api.w.org\/{rel}","templated":true}]}}