{"id":3457,"date":"2022-02-08T14:52:34","date_gmt":"2022-02-08T14:52:34","guid":{"rendered":"https:\/\/shopcinius.com\/privacy-policy\/"},"modified":"2023-04-07T14:56:39","modified_gmt":"2023-04-07T12:56:39","slug":"privacy-policy","status":"publish","type":"page","link":"https:\/\/shopcinius.com\/en\/privacy-policy\/","title":{"rendered":"Privacy Policy"},"content":{"rendered":"<div>\n<div>\n<p><strong>Informativa ai sensi dell\u2019articolo 13 del Decreto Legislativo n. 196\/2003<br \/>(informativa resa solo per il presente sito di Cinius e non per altri visitabili tramite link)<\/strong><\/p>\n<p><strong>Gentile Cliente<\/strong>,<br \/>Il Decreto Legislativo n. 196 del 2003 tutela la riservatezza dei dati personali ed impone una serie di obblighi a chi tratta\u009d informazioni personali riferite ad altri soggetti.<\/p>\n<p>Tra i pi\u00f9 importanti adempimenti che la legge impone di rispettare c\u2019\u00e8 quello di informare gli interessati in merito al trattamento dei loro dati personali e di acquisire il loro consenso al trattamento, soprattutto per le attivit\u00e0\u00a0 di trattamento relativamente alle quali i dati devono essere comunicati ad altri soggetti.<\/p>\n<p>Alla luce di quanto<span>\u00a0<\/span><strong>sopra<\/strong>, pertanto, ai sensi dell\u2019articolo 13 del decreto legislativo in oggetto, Le forniamo le seguenti informazioni.<\/p>\n<p>Il trattamento dei dati avviene per le seguenti finalit\u00e0:<\/p>\n<p>1) per gestire i rapporti con Lei volti alla fornitura di beni, prestazioni o servizi, per adempiere ad ogni obbligo di legge previsto dalla normativa vigente (quali obblighi amministrativi, contabili o fiscali), o disposto da Autorit\u00e0 e Organi di Vigilanza, per adempimenti contrattuali e per quanto strettamente necessario o funzionale all\u2019esecuzione del contratto stesso, per la gestione del credito e per statistiche contabili o di vendita;<\/p>\n<p>2) per iniziative promozionali riguardanti beni o servizi della Ns attivit\u00e0.<\/p>\n<p>3) per la rilevazione del grado di soddisfazione della clientela sulla qualit\u00e0 dei servizi resi, elaborazione di studi e ricerche di mercato, finalit\u00e0 informative, statistiche, finalit\u00e0 di marketing, promozione di prodotti e servizi, svolgimento di attivit\u00e0 di pubbliche relazioni<\/p>\n<p>Il trattamento sar\u00e0 effettuato sia in forma manuale che con l\u2019ausilio di sistemi informatici e ad opera di soggetti di ci\u00f2 appositamente incaricati.<\/p>\n<p>I Vs. dati, potranno essere comunicati a terzi, anche all\u2019estero, esclusivamente per esigenze tecniche ed operative strettamente collegate alle finalit\u00e0 sopra enunciate ed in particolare alle seguenti categorie di soggetti:<\/p>\n<p>a) enti, professionisti, societ\u00e0 o altre strutture da noi incaricate dei trattamenti connessi all\u2019adempimento degli obblighi amministrativi, contabili e gestionali legati all\u2019ordinario svolgimento della nostra attivit\u00e0 economica, anche per finalit\u00e0 di recupero credito;<\/p>\n<p>b) pubbliche autorit\u00e0, amministrazioni ed enti per le finalit\u00e0 connesse all\u2019adempimento di obblighi di legge;<\/p>\n<p>c) banche, istituti finanziari o altri soggetti ai quali il trasferimento dei suoi dati risulti necessario allo svolgimento dell\u2019attivit\u00c3\u00a0 della nostra azienda in relazione all\u2019assolvimento, da parte nostra, delle obbligazioni contrattuali nei Vs. confronti<\/p>\n<p>Il conferimento dei dati e la comunicazione ai soggetti indicati alle lettere a), b) e c), relativamente alla finalit\u00e0 di cui al punto 1), \u00e8 per Lei obbligatorio in quanto \u00e8 necessario al fine di adempiere agli obblighi di legge e\/o contrattuali, contabili, retributivi, previdenziali, fiscali da parte del titolare del trattamento e\/o dei soggetti terzi sopra richiamati; mentre \u00e8 facoltativo per la finalit\u00e0 di cui al punto 2), il quale in qualsiasi momento, manifestando la Vs opposizione al seguente indirizzo E MAIL<span>\u00a0<\/span><strong>privacy@cinius.com<\/strong>, verr\u00e0 cessato.<\/p>\n<p>Il titolare rende noto, inoltre, che l\u2019eventuale non conferimento o conferimento errato, di una delle<span>\u00a0<\/span><em>informazioni obbligatorie<\/em>, ha come conseguenze emergenti:<\/p>\n<ul>\n<li>l\u2019impossibilit\u00e0 del titolare di garantire la congruit\u00e0 del trattamento stesso ai patti contrattuali per cui esso sia eseguito;<\/li>\n<li>la possibile mancata corrispondenza dei risultati del trattamento stesso agli obblighi imposti dalla normativa fiscale, amministrativa o del lavoro cui esso \u00e8 indirizzato<\/li>\n<\/ul>\n<p>Il non conferimento delle<span>\u00a0<\/span><em>informazioni facoltative<\/em><span>\u00a0<\/span>non comporta alcuna conseguenza salvo l\u2019impossibilit\u00e0 di fruire dei servizi offerti (ricevere pubblicazioni o altro materiale informativo che potrebbe essere di suo interesse, essere aggiornato su eventi, manifestazioni, presentazioni di nuovi prodotti o servizi, etc.)<\/p>\n<p>Lei potr\u00e0 far valere i propri diritti come espressi dagli artt. 7, 8, 9 e 10 del D. Lgs. 196\/2003 rivolgendosi al titolare del trattamento.<\/p>\n<p>Titolare del trattamento \u00e8 la scrivente CINIUS SRL<\/p>\n<\/div>\n<\/div>\n<p><!--more--><br \/>\n<!-- {\"type\":\"layout\",\"children\":[{\"type\":\"section\",\"props\":{\"style\":\"default\",\"width\":\"xlarge\",\"vertical_align\":\"middle\",\"title_position\":\"top-left\",\"title_rotation\":\"left\",\"title_breakpoint\":\"xl\",\"image_position\":\"center-center\",\"padding\":\"xsmall\",\"padding_remove_bottom\":true},\"children\":[{\"type\":\"row\",\"children\":[{\"type\":\"column\",\"props\":{\"position_sticky_breakpoint\":\"m\",\"image_position\":\"center-center\",\"media_overlay_gradient\":\"\"},\"children\":[{\"type\":\"breadcrumbs\",\"props\":{\"show_home\":true,\"show_current\":true}}]}]}],\"modified\":\"2022-01-10T16:58:41.432Z\",\"name\":\"Breadcrumb\"},{\"type\":\"section\",\"props\":{\"style\":\"default\",\"width\":\"small\",\"vertical_align\":\"middle\",\"title_position\":\"top-left\",\"title_rotation\":\"left\",\"title_breakpoint\":\"xl\",\"image_position\":\"center-center\"},\"children\":[{\"type\":\"row\",\"children\":[{\"type\":\"column\",\"props\":{\"position_sticky_breakpoint\":\"m\",\"image_position\":\"center-center\",\"media_overlay_gradient\":\"\"},\"children\":[{\"type\":\"panel\",\"props\":{\"link_text\":\"Read more\",\"title_hover_style\":\"reset\",\"title_element\":\"h1\",\"title_align\":\"top\",\"title_grid_width\":\"1-2\",\"title_grid_breakpoint\":\"m\",\"meta_style\":\"meta\",\"meta_align\":\"below-title\",\"meta_element\":\"div\",\"content_column_breakpoint\":\"m\",\"icon_width\":80,\"image_align\":\"top\",\"image_grid_width\":\"1-2\",\"image_grid_breakpoint\":\"m\",\"image_svg_color\":\"emphasis\",\"link_style\":\"default\",\"margin\":\"default\",\"content\":\"\n\n<p><strong>Informativa ai sensi dell\\u2019articolo 13 del Decreto Legislativo n. 196\\\/2003<br \\\/>(informativa resa solo per il presente sito di Cinius e non per altri visitabili tramite link)<\\\/strong><\\\/p>\\n\n\n<p><strong>Gentile Cliente<\\\/strong>,<br \\\/>Il Decreto Legislativo n. 196 del 2003 tutela la riservatezza dei dati personali ed impone una serie di obblighi a chi tratta\\u009d informazioni personali riferite ad altri soggetti.<\\\/p>\\n\n\n<p>Tra i pi\\u00f9 importanti adempimenti che la legge impone di rispettare c\\u2019\\u00e8 quello di informare gli interessati in merito al trattamento dei loro dati personali e di acquisire il loro consenso al trattamento, soprattutto per le attivit\\u00e0\\u00a0 di trattamento relativamente alle quali i dati devono essere comunicati ad altri soggetti.<\\\/p>\\n\n\n<p>Alla luce di quanto<span>\\u00a0<\\\/span><strong>sopra<\\\/strong>, pertanto, ai sensi dell\\u2019articolo 13 del decreto legislativo in oggetto, Le forniamo le seguenti informazioni.<\\\/p>\\n\n\n<p>Il trattamento dei dati avviene per le seguenti finalit\\u00e0:<\\\/p>\\n\n\n<p>1) per gestire i rapporti con Lei volti alla fornitura di beni, prestazioni o servizi, per adempiere ad ogni obbligo di legge previsto dalla normativa vigente (quali obblighi amministrativi, contabili o fiscali), o disposto da Autorit\\u00e0 e Organi di Vigilanza, per adempimenti contrattuali e per quanto strettamente necessario o funzionale all\\u2019esecuzione del contratto stesso, per la gestione del credito e per statistiche contabili o di vendita;<\\\/p>\\n\n\n<p>2) per iniziative promozionali riguardanti beni o servizi della Ns attivit\\u00e0.<\\\/p>\\n\n\n<p>3) per la rilevazione del grado di soddisfazione della clientela sulla qualit\\u00e0 dei servizi resi, elaborazione di studi e ricerche di mercato, finalit\\u00e0 informative, statistiche, finalit\\u00e0 di marketing, promozione di prodotti e servizi, svolgimento di attivit\\u00e0 di pubbliche relazioni<\\\/p>\\n\n\n<p>Il trattamento sar\\u00e0 effettuato sia in forma manuale che con l\\u2019ausilio di sistemi informatici e ad opera di soggetti di ci\\u00f2 appositamente incaricati.<\\\/p>\\n\n\n<p>I Vs. dati, potranno essere comunicati a terzi, anche all\\u2019estero, esclusivamente per esigenze tecniche ed operative strettamente collegate alle finalit\\u00e0 sopra enunciate ed in particolare alle seguenti categorie di soggetti:<\\\/p>\\n\n\n<p>a) enti, professionisti, societ\\u00e0 o altre strutture da noi incaricate dei trattamenti connessi all\\u2019adempimento degli obblighi amministrativi, contabili e gestionali legati all\\u2019ordinario svolgimento della nostra attivit\\u00e0 economica, anche per finalit\\u00e0 di recupero credito;<\\\/p>\\n\n\n<p>b) pubbliche autorit\\u00e0, amministrazioni ed enti per le finalit\\u00e0 connesse all\\u2019adempimento di obblighi di legge;<\\\/p>\\n\n\n<p>c) banche, istituti finanziari o altri soggetti ai quali il trasferimento dei suoi dati risulti necessario allo svolgimento dell\\u2019attivit\\u00c3\\u00a0 della nostra azienda in relazione all\\u2019assolvimento, da parte nostra, delle obbligazioni contrattuali nei Vs. confronti<\\\/p>\\n\n\n<p>Il conferimento dei dati e la comunicazione ai soggetti indicati alle lettere a), b) e c), relativamente alla finalit\\u00e0 di cui al punto 1), \\u00e8 per Lei obbligatorio in quanto \\u00e8 necessario al fine di adempiere agli obblighi di legge e\\\/o contrattuali, contabili, retributivi, previdenziali, fiscali da parte del titolare del trattamento e\\\/o dei soggetti terzi sopra richiamati; mentre \\u00e8 facoltativo per la finalit\\u00e0 di cui al punto 2), il quale in qualsiasi momento, manifestando la Vs opposizione al seguente indirizzo E MAIL<span>\\u00a0<\\\/span><strong>privacy@cinius.com<\\\/strong>, verr\\u00e0 cessato.<\\\/p>\\n\n\n<p>Il titolare rende noto, inoltre, che l\\u2019eventuale non conferimento o conferimento errato, di una delle<span>\\u00a0<\\\/span><em>informazioni obbligatorie<\\\/em>, ha come conseguenze emergenti:<\\\/p>\\n\n\n<ul>\\n\n\n<li>l\\u2019impossibilit\\u00e0 del titolare di garantire la congruit\\u00e0 del trattamento stesso ai patti contrattuali per cui esso sia eseguito;<\\\/li>\\n\n\n<li>la possibile mancata corrispondenza dei risultati del trattamento stesso agli obblighi imposti dalla normativa fiscale, amministrativa o del lavoro cui esso \\u00e8 indirizzato<\\\/li>\\n<\\\/ul>\\n\n\n<p>Il non conferimento delle<span>\\u00a0<\\\/span><em>informazioni facoltative<\\\/em><span>\\u00a0<\\\/span>non comporta alcuna conseguenza salvo l\\u2019impossibilit\\u00e0 di fruire dei servizi offerti (ricevere pubblicazioni o altro materiale informativo che potrebbe essere di suo interesse, essere aggiornato su eventi, manifestazioni, presentazioni di nuovi prodotti o servizi, etc.)<\\\/p>\\n\n\n<p>Lei potr\\u00e0 far valere i propri diritti come espressi dagli artt. 7, 8, 9 e 10 del D. Lgs. 196\\\/2003 rivolgendosi al titolare del trattamento.<\\\/p>\\n\n\n<p>Titolare del trattamento \\u00e8 la scrivente CINIUS SRL<\\\/p>\"},\"source\":{\"query\":{\"name\":\"pages.singlePage\"},\"props\":{\"title\":{\"filters\":{\"search\":\"\"},\"name\":\"title\"}}}}]}]}]}],\"version\":\"2.7.16\"} --><\/p>\n","protected":false},"excerpt":{"rendered":"<p>Informativa ai sensi dell\u2019articolo 13 del Decreto Legislativo n. 196\/2003(informativa resa solo per il presente sito di Cinius e non per altri visitabili tramite link) Gentile Cliente,Il Decreto Legislativo n. 196 del 2003 tutela la riservatezza dei dati personali ed impone una serie di obblighi a chi tratta\u009d informazioni personali riferite ad altri soggetti. Tra [&hellip;]<\/p>\n","protected":false},"author":7,"featured_media":0,"parent":0,"menu_order":0,"comment_status":"closed","ping_status":"closed","template":"","meta":{"footnotes":""},"class_list":["post-3457","page","type-page","status-publish","hentry"],"acf":[],"_links":{"self":[{"href":"https:\/\/shopcinius.com\/en\/wp-json\/wp\/v2\/pages\/3457","targetHints":{"allow":["GET"]}}],"collection":[{"href":"https:\/\/shopcinius.com\/en\/wp-json\/wp\/v2\/pages"}],"about":[{"href":"https:\/\/shopcinius.com\/en\/wp-json\/wp\/v2\/types\/page"}],"author":[{"embeddable":true,"href":"https:\/\/shopcinius.com\/en\/wp-json\/wp\/v2\/users\/7"}],"replies":[{"embeddable":true,"href":"https:\/\/shopcinius.com\/en\/wp-json\/wp\/v2\/comments?post=3457"}],"version-history":[{"count":0,"href":"https:\/\/shopcinius.com\/en\/wp-json\/wp\/v2\/pages\/3457\/revisions"}],"wp:attachment":[{"href":"https:\/\/shopcinius.com\/en\/wp-json\/wp\/v2\/media?parent=3457"}],"curies":[{"name":"wp","href":"https:\/\/api.w.org\/{rel}","templated":true}]}}