{"id":1008,"date":"2022-02-07T16:30:18","date_gmt":"2022-02-07T16:30:18","guid":{"rendered":"https:\/\/shopcinius.com\/?page_id=1008"},"modified":"2024-05-27T14:31:31","modified_gmt":"2024-05-27T12:31:31","slug":"produits","status":"publish","type":"page","link":"https:\/\/shopcinius.com\/fr\/produits\/","title":{"rendered":"Produits"},"content":{"rendered":"\t\t<div data-elementor-type=\"wp-page\" data-elementor-id=\"1008\" class=\"elementor elementor-1008 elementor-16\" data-elementor-post-type=\"page\">\n\t\t\t\t<div class=\"elementor-element elementor-element-084644d e-flex e-con-boxed e-con e-parent\" data-id=\"084644d\" data-element_type=\"container\" data-e-type=\"container\">\n\t\t\t\t\t<div class=\"e-con-inner\">\n\t\t\t\t<div class=\"elementor-element elementor-element-f04e5c2 elementor-grid-3 elementor-grid-tablet-3 elementor-grid-mobile-2 elementor-products-grid elementor-wc-products elementor-widget elementor-widget-wc-categories\" data-id=\"f04e5c2\" data-element_type=\"widget\" data-e-type=\"widget\" data-widget_type=\"wc-categories.default\">\n\t\t\t\t<div class=\"elementor-widget-container\">\n\t\t\t\t\t<div class=\"woocommerce columns-3\"><ul class=\"products elementor-grid columns-3\">\n<li class=\"product-category product first\">\n\t<a aria-label=\"Acc\u00e9der \u00e0 la cat\u00e9gorie de produits Chaises ergonomiques\" href=\"https:\/\/shopcinius.com\/fr\/chaises-ergonomiques\/\"><img fetchpriority=\"high\" decoding=\"async\" src=\"https:\/\/shopcinius.com\/wp-content\/uploads\/2022\/01\/sedie-ergonomiche.png\" alt=\"Chaises ergonomiques\" width=\"600\" height=\"600\" srcset=\"https:\/\/shopcinius.com\/wp-content\/uploads\/2022\/01\/sedie-ergonomiche.png 593w, https:\/\/shopcinius.com\/wp-content\/uploads\/2022\/01\/sedie-ergonomiche-250x232.png 250w, https:\/\/shopcinius.com\/wp-content\/uploads\/2022\/01\/sedie-ergonomiche-300x278.png 300w\" sizes=\"(max-width: 593px) 100vw, 593px\" title=\"\">\t\t<h2 class=\"woocommerce-loop-category__title\">\n\t\t\tChaises ergonomiques <mark class=\"count\">(15)<\/mark>\t\t<\/h2>\n\t\t<\/a><\/li>\n<li class=\"product-category product\">\n\t<a aria-label=\"Acc\u00e9der \u00e0 la cat\u00e9gorie de produits Futons et matelas\" href=\"https:\/\/shopcinius.com\/fr\/futons-et-matelas\/\"><img decoding=\"async\" src=\"https:\/\/shopcinius.com\/wp-content\/uploads\/2022\/02\/Futon_160-600x600.jpg\" alt=\"Futons et matelas\" width=\"600\" height=\"600\" srcset=\"https:\/\/shopcinius.com\/wp-content\/uploads\/2022\/02\/Futon_160-600x600.jpg 600w, https:\/\/shopcinius.com\/wp-content\/uploads\/2022\/02\/Futon_160-300x300.jpg 300w\" sizes=\"(max-width: 600px) 100vw, 600px\" title=\"\">\t\t<h2 class=\"woocommerce-loop-category__title\">\n\t\t\tFutons et matelas <mark class=\"count\">(10)<\/mark>\t\t<\/h2>\n\t\t<\/a><\/li>\n<li class=\"product-category product last\">\n\t<a aria-label=\"Acc\u00e9der \u00e0 la cat\u00e9gorie de produits Lits\" href=\"https:\/\/shopcinius.com\/fr\/lits\/\"><img decoding=\"async\" src=\"https:\/\/shopcinius.com\/wp-content\/uploads\/2023\/07\/aurora5-600x600.jpg\" alt=\"Lits\" width=\"600\" height=\"600\" srcset=\"https:\/\/shopcinius.com\/wp-content\/uploads\/2023\/07\/aurora5-600x600.jpg 600w, https:\/\/shopcinius.com\/wp-content\/uploads\/2023\/07\/aurora5-300x300.jpg 300w\" sizes=\"(max-width: 600px) 100vw, 600px\" title=\"\">\t\t<h2 class=\"woocommerce-loop-category__title\">\n\t\t\tLits <mark class=\"count\">(35)<\/mark>\t\t<\/h2>\n\t\t<\/a><\/li>\n<li class=\"product-category product first\">\n\t<a aria-label=\"Acc\u00e9der \u00e0 la cat\u00e9gorie de produits Tatami\" href=\"https:\/\/shopcinius.com\/fr\/tatami-fr\/\"><img loading=\"lazy\" decoding=\"async\" src=\"https:\/\/shopcinius.com\/wp-content\/uploads\/2022\/04\/Tatami-Giapponese-600x600.jpg\" alt=\"Tatami\" width=\"600\" height=\"600\" srcset=\"https:\/\/shopcinius.com\/wp-content\/uploads\/2022\/04\/Tatami-Giapponese-600x600.jpg 600w, https:\/\/shopcinius.com\/wp-content\/uploads\/2022\/04\/Tatami-Giapponese-300x300.jpg 300w\" sizes=\"(max-width: 600px) 100vw, 600px\" title=\"\">\t\t<h2 class=\"woocommerce-loop-category__title\">\n\t\t\tTatami <mark class=\"count\">(1)<\/mark>\t\t<\/h2>\n\t\t<\/a><\/li>\n<li class=\"product-category product\">\n\t<a aria-label=\"Acc\u00e9der \u00e0 la cat\u00e9gorie de produits Biblioth\u00e8ques\" href=\"https:\/\/shopcinius.com\/fr\/bibliotheques\/\"><img loading=\"lazy\" decoding=\"async\" src=\"https:\/\/shopcinius.com\/wp-content\/uploads\/2022\/04\/libreria-vertical-600x600.jpg\" alt=\"Biblioth\u00e8ques\" width=\"600\" height=\"600\" srcset=\"https:\/\/shopcinius.com\/wp-content\/uploads\/2022\/04\/libreria-vertical-600x600.jpg 600w, https:\/\/shopcinius.com\/wp-content\/uploads\/2022\/04\/libreria-vertical-300x300.jpg 300w\" sizes=\"(max-width: 600px) 100vw, 600px\" title=\"\">\t\t<h2 class=\"woocommerce-loop-category__title\">\n\t\t\tBiblioth\u00e8ques <mark class=\"count\">(9)<\/mark>\t\t<\/h2>\n\t\t<\/a><\/li>\n<li class=\"product-category product last\">\n\t<a aria-label=\"Acc\u00e9der \u00e0 la cat\u00e9gorie de produits T\u00eates de lit\" href=\"https:\/\/shopcinius.com\/fr\/tetes-de-lit\/\"><img loading=\"lazy\" decoding=\"async\" src=\"https:\/\/shopcinius.com\/wp-content\/uploads\/2023\/08\/Testata_Futon-600x600.jpg\" alt=\"T\u00eates de lit\" width=\"600\" height=\"600\" srcset=\"https:\/\/shopcinius.com\/wp-content\/uploads\/2023\/08\/Testata_Futon-600x600.jpg 600w, https:\/\/shopcinius.com\/wp-content\/uploads\/2023\/08\/Testata_Futon-250x250.jpg 250w, https:\/\/shopcinius.com\/wp-content\/uploads\/2023\/08\/Testata_Futon-300x300.jpg 300w, https:\/\/shopcinius.com\/wp-content\/uploads\/2023\/08\/Testata_Futon.jpg 720w\" sizes=\"(max-width: 600px) 100vw, 600px\" title=\"\">\t\t<h2 class=\"woocommerce-loop-category__title\">\n\t\t\tT\u00eates de lit <mark class=\"count\">(12)<\/mark>\t\t<\/h2>\n\t\t<\/a><\/li>\n<li class=\"product-category product first\">\n\t<a aria-label=\"Acc\u00e9der \u00e0 la cat\u00e9gorie de produits Chambres pour enfants\" href=\"https:\/\/shopcinius.com\/fr\/chambres-pour-enfants\/\"><img loading=\"lazy\" decoding=\"async\" src=\"https:\/\/shopcinius.com\/wp-content\/uploads\/2024\/02\/Impero-Young-5.jpg\" alt=\"Chambres pour enfants\" width=\"600\" height=\"600\" srcset=\"https:\/\/shopcinius.com\/wp-content\/uploads\/2024\/02\/Impero-Young-5.jpg 600w, https:\/\/shopcinius.com\/wp-content\/uploads\/2024\/02\/Impero-Young-5-300x300.jpg 300w, https:\/\/shopcinius.com\/wp-content\/uploads\/2024\/02\/Impero-Young-5-250x250.jpg 250w\" sizes=\"(max-width: 600px) 100vw, 600px\" title=\"\">\t\t<h2 class=\"woocommerce-loop-category__title\">\n\t\t\tChambres pour enfants <mark class=\"count\">(2)<\/mark>\t\t<\/h2>\n\t\t<\/a><\/li>\n<li class=\"product-category product\">\n\t<a aria-label=\"Acc\u00e9der \u00e0 la cat\u00e9gorie de produits Lits \u00e0 faible encombrement\" href=\"https:\/\/shopcinius.com\/fr\/lits-a-faible-encombrement\/\"><img loading=\"lazy\" decoding=\"async\" src=\"https:\/\/shopcinius.com\/wp-content\/uploads\/2022\/04\/impero-con-cassetti-frontali01-600x600.jpg\" alt=\"Lits \u00e0 faible encombrement\" width=\"600\" height=\"600\" srcset=\"https:\/\/shopcinius.com\/wp-content\/uploads\/2022\/04\/impero-con-cassetti-frontali01-600x600.jpg 600w, https:\/\/shopcinius.com\/wp-content\/uploads\/2022\/04\/impero-con-cassetti-frontali01-300x300.jpg 300w\" sizes=\"(max-width: 600px) 100vw, 600px\" title=\"\">\t\t<h2 class=\"woocommerce-loop-category__title\">\n\t\t\tLits \u00e0 faible encombrement <mark class=\"count\">(7)<\/mark>\t\t<\/h2>\n\t\t<\/a><\/li>\n<li class=\"product-category product last\">\n\t<a aria-label=\"Acc\u00e9der \u00e0 la cat\u00e9gorie de produits Lits mezzanines\" href=\"https:\/\/shopcinius.com\/fr\/lits-mezzanines\/\"><img loading=\"lazy\" decoding=\"async\" src=\"https:\/\/shopcinius.com\/wp-content\/uploads\/2022\/04\/RISING-LettoScorrimentoVerticale-Basso_WEB-600x600.jpeg\" alt=\"Lits mezzanines\" width=\"600\" height=\"600\" srcset=\"https:\/\/shopcinius.com\/wp-content\/uploads\/2022\/04\/RISING-LettoScorrimentoVerticale-Basso_WEB-600x600.jpeg 600w, https:\/\/shopcinius.com\/wp-content\/uploads\/2022\/04\/RISING-LettoScorrimentoVerticale-Basso_WEB-300x300.jpeg 300w\" sizes=\"(max-width: 600px) 100vw, 600px\" title=\"\">\t\t<h2 class=\"woocommerce-loop-category__title\">\n\t\t\tLits mezzanines <mark class=\"count\">(3)<\/mark>\t\t<\/h2>\n\t\t<\/a><\/li>\n<li class=\"product-category product first\">\n\t<a aria-label=\"Acc\u00e9der \u00e0 la cat\u00e9gorie de produits Portes Coulissants\" href=\"https:\/\/shopcinius.com\/fr\/murs-coulissants\/\"><img loading=\"lazy\" decoding=\"async\" src=\"https:\/\/shopcinius.com\/wp-content\/uploads\/2022\/04\/main-img-shoji04-600x600.jpeg\" alt=\"Portes Coulissants\" width=\"600\" height=\"600\" srcset=\"https:\/\/shopcinius.com\/wp-content\/uploads\/2022\/04\/main-img-shoji04-600x600.jpeg 600w, https:\/\/shopcinius.com\/wp-content\/uploads\/2022\/04\/main-img-shoji04-300x300.jpeg 300w\" sizes=\"(max-width: 600px) 100vw, 600px\" title=\"\">\t\t<h2 class=\"woocommerce-loop-category__title\">\n\t\t\tPortes Coulissants <mark class=\"count\">(1)<\/mark>\t\t<\/h2>\n\t\t<\/a><\/li>\n<li class=\"product-category product\">\n\t<a aria-label=\"Acc\u00e9der \u00e0 la cat\u00e9gorie de produits Escaliers et \u00c9chelles\" href=\"https:\/\/shopcinius.com\/fr\/echelles\/\"><img loading=\"lazy\" decoding=\"async\" src=\"https:\/\/shopcinius.com\/wp-content\/uploads\/2023\/05\/13-1-F-LDB-Advertising-Assago-MI-Via-Bazzana-Inferiore-4-17-scaled-600x600.jpg\" alt=\"Escaliers et \u00c9chelles\" width=\"600\" height=\"600\" srcset=\"https:\/\/shopcinius.com\/wp-content\/uploads\/2023\/05\/13-1-F-LDB-Advertising-Assago-MI-Via-Bazzana-Inferiore-4-17-scaled-600x600.jpg 600w, https:\/\/shopcinius.com\/wp-content\/uploads\/2023\/05\/13-1-F-LDB-Advertising-Assago-MI-Via-Bazzana-Inferiore-4-17-300x300.jpg 300w\" sizes=\"(max-width: 600px) 100vw, 600px\" title=\"\">\t\t<h2 class=\"woocommerce-loop-category__title\">\n\t\t\tEscaliers et \u00c9chelles <mark class=\"count\">(8)<\/mark>\t\t<\/h2>\n\t\t<\/a><\/li>\n<li class=\"product-category product last\">\n\t<a aria-label=\"Acc\u00e9der \u00e0 la cat\u00e9gorie de produits Lits superpos\u00e9s\" href=\"https:\/\/shopcinius.com\/fr\/lits-superposes\/\"><img loading=\"lazy\" decoding=\"async\" src=\"https:\/\/shopcinius.com\/wp-content\/uploads\/2022\/06\/Letto_SpazioBed_Castello-scala_a_cubi-600x600.jpeg\" alt=\"Lits superpos\u00e9s\" width=\"600\" height=\"600\" srcset=\"https:\/\/shopcinius.com\/wp-content\/uploads\/2022\/06\/Letto_SpazioBed_Castello-scala_a_cubi-600x600.jpeg 600w, https:\/\/shopcinius.com\/wp-content\/uploads\/2022\/06\/Letto_SpazioBed_Castello-scala_a_cubi-250x250.jpeg 250w, https:\/\/shopcinius.com\/wp-content\/uploads\/2022\/06\/Letto_SpazioBed_Castello-scala_a_cubi-300x300.jpeg 300w, https:\/\/shopcinius.com\/wp-content\/uploads\/2022\/06\/Letto_SpazioBed_Castello-scala_a_cubi-768x768.jpeg 768w, https:\/\/shopcinius.com\/wp-content\/uploads\/2022\/06\/Letto_SpazioBed_Castello-scala_a_cubi.jpeg 1200w\" sizes=\"(max-width: 600px) 100vw, 600px\" title=\"\">\t\t<h2 class=\"woocommerce-loop-category__title\">\n\t\t\tLits superpos\u00e9s <mark class=\"count\">(4)<\/mark>\t\t<\/h2>\n\t\t<\/a><\/li>\n<li class=\"product-category product first\">\n\t<a aria-label=\"Acc\u00e9der \u00e0 la cat\u00e9gorie de produits Objets\" href=\"https:\/\/shopcinius.com\/fr\/objets\/\"><img loading=\"lazy\" decoding=\"async\" src=\"https:\/\/shopcinius.com\/wp-content\/uploads\/2023\/08\/zori-shopcinius-1-1-600x600.png\" alt=\"Objets\" width=\"600\" height=\"600\" srcset=\"https:\/\/shopcinius.com\/wp-content\/uploads\/2023\/08\/zori-shopcinius-1-1-600x600.png 600w, https:\/\/shopcinius.com\/wp-content\/uploads\/2023\/08\/zori-shopcinius-1-1-250x250.png 250w, https:\/\/shopcinius.com\/wp-content\/uploads\/2023\/08\/zori-shopcinius-1-1-300x300.png 300w, https:\/\/shopcinius.com\/wp-content\/uploads\/2023\/08\/zori-shopcinius-1-1-768x768.png 768w, https:\/\/shopcinius.com\/wp-content\/uploads\/2023\/08\/zori-shopcinius-1-1.png 1080w\" sizes=\"(max-width: 600px) 100vw, 600px\" title=\"\">\t\t<h2 class=\"woocommerce-loop-category__title\">\n\t\t\tObjets <mark class=\"count\">(13)<\/mark>\t\t<\/h2>\n\t\t<\/a><\/li>\n<li class=\"product-category product\">\n\t<a aria-label=\"Acc\u00e9der \u00e0 la cat\u00e9gorie de produits Commode\" href=\"https:\/\/shopcinius.com\/fr\/commode\/\"><img loading=\"lazy\" decoding=\"async\" src=\"https:\/\/shopcinius.com\/wp-content\/uploads\/2023\/08\/DSC03825-scaled-600x600.jpg\" alt=\"Commode\" width=\"600\" height=\"600\" srcset=\"https:\/\/shopcinius.com\/wp-content\/uploads\/2023\/08\/DSC03825-scaled-600x600.jpg 600w, https:\/\/shopcinius.com\/wp-content\/uploads\/2023\/08\/DSC03825-300x300.jpg 300w\" sizes=\"(max-width: 600px) 100vw, 600px\" title=\"\">\t\t<h2 class=\"woocommerce-loop-category__title\">\n\t\t\tCommode <mark class=\"count\">(9)<\/mark>\t\t<\/h2>\n\t\t<\/a><\/li>\n<li class=\"product-category product last\">\n\t<a aria-label=\"Acc\u00e9der \u00e0 la cat\u00e9gorie de produits Tables de chevet\" href=\"https:\/\/shopcinius.com\/fr\/tables-de-chevet\/\"><img loading=\"lazy\" decoding=\"async\" src=\"https:\/\/shopcinius.com\/wp-content\/uploads\/2022\/05\/comodino-linear-1-600x600.jpg\" alt=\"Tables de chevet\" width=\"600\" height=\"600\" srcset=\"https:\/\/shopcinius.com\/wp-content\/uploads\/2022\/05\/comodino-linear-1-600x600.jpg 600w, https:\/\/shopcinius.com\/wp-content\/uploads\/2022\/05\/comodino-linear-1-300x300.jpg 300w\" sizes=\"(max-width: 600px) 100vw, 600px\" title=\"\">\t\t<h2 class=\"woocommerce-loop-category__title\">\n\t\t\tTables de chevet <mark class=\"count\">(17)<\/mark>\t\t<\/h2>\n\t\t<\/a><\/li>\n<\/ul>\n<\/div>\t\t\t\t<\/div>\n\t\t\t\t<\/div>\n\t\t\t\t\t<\/div>\n\t\t\t\t<\/div>\n\t\t\t\t<\/div>\n\t\t","protected":false},"excerpt":{"rendered":"","protected":false},"author":7,"featured_media":0,"parent":0,"menu_order":0,"comment_status":"closed","ping_status":"closed","template":"","meta":{"footnotes":""},"class_list":["post-1008","page","type-page","status-publish","hentry"],"acf":[],"_links":{"self":[{"href":"https:\/\/shopcinius.com\/fr\/wp-json\/wp\/v2\/pages\/1008","targetHints":{"allow":["GET"]}}],"collection":[{"href":"https:\/\/shopcinius.com\/fr\/wp-json\/wp\/v2\/pages"}],"about":[{"href":"https:\/\/shopcinius.com\/fr\/wp-json\/wp\/v2\/types\/page"}],"author":[{"embeddable":true,"href":"https:\/\/shopcinius.com\/fr\/wp-json\/wp\/v2\/users\/7"}],"replies":[{"embeddable":true,"href":"https:\/\/shopcinius.com\/fr\/wp-json\/wp\/v2\/comments?post=1008"}],"version-history":[{"count":0,"href":"https:\/\/shopcinius.com\/fr\/wp-json\/wp\/v2\/pages\/1008\/revisions"}],"wp:attachment":[{"href":"https:\/\/shopcinius.com\/fr\/wp-json\/wp\/v2\/media?parent=1008"}],"curies":[{"name":"wp","href":"https:\/\/api.w.org\/{rel}","templated":true}]}}