{"id":3127,"date":"2022-01-10T11:24:48","date_gmt":"2022-01-10T11:24:48","guid":{"rendered":"https:\/\/shopcinius.com\/contatti\/"},"modified":"2026-04-01T19:28:46","modified_gmt":"2026-04-01T17:28:46","slug":"contacts-fr","status":"publish","type":"page","link":"https:\/\/shopcinius.com\/fr\/contacts-fr\/","title":{"rendered":"Contacts-fr"},"content":{"rendered":"<ul>\n<li>\n<h3>Informations sur un produit Cinius<\/h3>\n<div>\n\n<div class=\"wpcf7 no-js\" id=\"wpcf7-f3133-o1\" lang=\"it-IT\" dir=\"ltr\" data-wpcf7-id=\"3133\">\n<div class=\"screen-reader-response\"><p role=\"status\" aria-live=\"polite\" aria-atomic=\"true\"><\/p> <ul><\/ul><\/div>\n<form action=\"\/fr\/wp-json\/wp\/v2\/pages\/3127#wpcf7-f3133-o1\" method=\"post\" class=\"wpcf7-form init chimpmatic-1.5.7 f839b88ebbe8 cmatic-conn cmatic-aud-2 cmatic-mapd0-0 cmatic-v0976 cmatic-pro-v157 cmatic-sent-0 cmatic-total-89\" aria-label=\"Modulo di contatto\" novalidate=\"novalidate\" data-status=\"init\">\n<fieldset class=\"hidden-fields-container\"><input type=\"hidden\" name=\"_wpcf7\" value=\"3133\" \/><input type=\"hidden\" name=\"_wpcf7_version\" value=\"6.1.5\" \/><input type=\"hidden\" name=\"_wpcf7_locale\" value=\"it_IT\" \/><input type=\"hidden\" name=\"_wpcf7_unit_tag\" value=\"wpcf7-f3133-o1\" \/><input type=\"hidden\" name=\"_wpcf7_container_post\" value=\"0\" \/><input type=\"hidden\" name=\"_wpcf7_posted_data_hash\" value=\"\" \/><input type=\"hidden\" name=\"_wpcf7_recaptcha_response\" value=\"\" \/>\n<\/fieldset>\n<div class=\"contact-form uk-grid-margin uk-grid\" uk-grid>\n  <div class=\"uk-width-1-2@m\">\n<label>Pr\u00e9nom<\/label>\n    <span class=\"wpcf7-form-control-wrap\" data-name=\"nome\"><input size=\"40\" maxlength=\"400\" class=\"wpcf7-form-control wpcf7-text wpcf7-validates-as-required uk-input\" aria-required=\"true\" aria-invalid=\"false\" value=\"\" type=\"text\" name=\"nome\" \/><\/span> \n<\/div>\n<div class=\"uk-width-1-2@m\">\n<label>Nom<\/label>\n    <span class=\"wpcf7-form-control-wrap\" data-name=\"cognome\"><input size=\"40\" maxlength=\"400\" class=\"wpcf7-form-control wpcf7-text wpcf7-validates-as-required uk-input\" aria-required=\"true\" aria-invalid=\"false\" value=\"\" type=\"text\" name=\"cognome\" \/><\/span> \n<\/div>\n<div class=\"uk-width-1-2@m\">\n<label>Email<\/label>\n    <span class=\"wpcf7-form-control-wrap\" data-name=\"your-email\"><input size=\"40\" maxlength=\"400\" class=\"wpcf7-form-control wpcf7-email wpcf7-validates-as-required wpcf7-text wpcf7-validates-as-email uk-input\" aria-required=\"true\" aria-invalid=\"false\" value=\"\" type=\"email\" name=\"your-email\" \/><\/span> \n\n   <\/div>\n\n  <div class=\"uk-width-1-2@m\">\n<label>Num\u00e9ro de t\u00e9l\u00e9phone<\/label>\n    <span class=\"wpcf7-form-control-wrap\" data-name=\"telefono\"><input size=\"40\" maxlength=\"400\" class=\"wpcf7-form-control wpcf7-text wpcf7-validates-as-required uk-input\" aria-required=\"true\" aria-invalid=\"false\" value=\"\" type=\"text\" name=\"telefono\" \/><\/span> \n<\/div>\n<div class=\"uk-width-1-3@m\">\n    <label>Emplacement<\/label>\n    <span class=\"wpcf7-form-control-wrap\" data-name=\"localita\"><input size=\"40\" maxlength=\"400\" class=\"wpcf7-form-control wpcf7-text wpcf7-validates-as-required uk-input\" aria-required=\"true\" aria-invalid=\"false\" value=\"\" type=\"text\" name=\"localita\" \/><\/span> \n<\/div>\n<div class=\"uk-width-1-3@m\">\n    <label>CP<\/label>\n    <span class=\"wpcf7-form-control-wrap\" data-name=\"cap\"><input size=\"40\" maxlength=\"400\" class=\"wpcf7-form-control wpcf7-text wpcf7-validates-as-required uk-input\" aria-required=\"true\" aria-invalid=\"false\" value=\"\" type=\"text\" name=\"cap\" \/><\/span> \n<\/div>\n<div class=\"uk-width-1-3@m\">\n <label>Pays<\/label>\n<span class=\"wpcf7-form-control-wrap\" data-name=\"nazione\"><select class=\"wpcf7-form-control wpcf7-select wpcf7-validates-as-required uk-select\" aria-required=\"true\" aria-invalid=\"false\" name=\"nazione\"><option value=\"\">\u2014 Choisir une option<\/option><option value=\"Italia - Italie\">Italia - Italie<\/option><option value=\"Svizzera - Suisse\">Svizzera - Suisse<\/option><option value=\"Germania - Allemagne\">Germania - Allemagne<\/option><option value=\"Francia - France\">Francia - France<\/option><option value=\"Inghilterra - Angleterre\">Inghilterra - Angleterre<\/option><option value=\"Spagna - Espagne\">Spagna - Espagne<\/option><option value=\"Altra Nazione - Autre pays\">Altra Nazione - Autre pays<\/option><\/select><\/span>\n\n<input class=\"wpcf7-form-control wpcf7-hidden uk-hidden\" value=\"\" type=\"hidden\" name=\"referenza\" \/>\n<input class=\"wpcf7-form-control wpcf7-hidden uk-hidden\" value=\"\" type=\"hidden\" name=\"interesse\" \/>\n<input class=\"wpcf7-form-control wpcf7-hidden uk-hidden\" value=\"\" type=\"hidden\" name=\"eta\" \/>\n<input class=\"wpcf7-form-control wpcf7-hidden uk-hidden\" value=\"\" type=\"hidden\" name=\"altezza\" \/>\n<\/div>\n  <div class=\"uk-width-1-1\">\n\n<label>Message<\/label>\n    <span class=\"wpcf7-form-control-wrap\" data-name=\"messaggio\"><textarea cols=\"40\" rows=\"10\" maxlength=\"2000\" class=\"wpcf7-form-control wpcf7-textarea uk-textarea\" aria-invalid=\"false\" placeholder=\"Votre message\" name=\"messaggio\"><\/textarea><\/span>\n<div>\n<span class=\"wpcf7-form-control-wrap\" data-name=\"product-title\"><input size=\"40\" maxlength=\"400\" class=\"wpcf7-form-control wpcf7-text uk-hidden\" aria-invalid=\"false\" value=\"\" type=\"text\" name=\"product-title\" \/><\/span>\n<span class=\"wpcf7-form-control-wrap\" data-name=\"product-url\"><input size=\"40\" maxlength=\"400\" class=\"wpcf7-form-control wpcf7-text uk-hidden\" aria-invalid=\"false\" value=\"\" type=\"text\" name=\"product-url\" \/><\/span>\n<span class=\"wpcf7-form-control-wrap\" data-name=\"request\"><input size=\"40\" maxlength=\"400\" class=\"wpcf7-form-control wpcf7-text uk-hidden\" aria-invalid=\"false\" value=\"\" type=\"text\" name=\"request\" \/><\/span>\n<span class=\"wpcf7-form-control-wrap\" data-name=\"request-city\"><input size=\"40\" maxlength=\"400\" class=\"wpcf7-form-control wpcf7-text uk-hidden\" aria-invalid=\"false\" value=\"\" type=\"text\" name=\"request-city\" \/><\/span>\n<\/div>\n<p id=\"privacy\" style=\"font-size:12px;\"><span class=\"wpcf7-form-control-wrap\" data-name=\"checkbox-privacy\"><span class=\"wpcf7-form-control wpcf7-acceptance\"><span class=\"wpcf7-list-item\"><label><input type=\"checkbox\" name=\"checkbox-privacy\" value=\"1\" class=\"policy-checkbox\" aria-invalid=\"false\" \/><span class=\"wpcf7-list-item-label\">J'accepte le traitement des donn\u00e9es personnelles conform\u00e9ment au GDPR - r\u00e8glement (UE) 2016\/679 <a class=\"uk-link-text\" style=\"color:#baa68e!important;\" href=\"\/fr\/privacy-policy\/\" target=\"_blank\">(Privacy Policy)<\/a><\/span><\/label><\/span><\/span><\/span><\/p>\n<p id=\"marketing\" class=\"uk-margin-small\" style=\"font-size:12px;\"><span class=\"wpcf7-form-control-wrap\" data-name=\"newsletter\"><span class=\"wpcf7-form-control wpcf7-checkbox\"><span class=\"wpcf7-list-item first last\"><label><input type=\"checkbox\" name=\"newsletter[]\" value=\"J&#039;accepte de recevoir les newsletters de Cinius par e-mail\" \/><span class=\"wpcf7-list-item-label\">J&#039;accepte de recevoir les newsletters de Cinius par e-mail<\/span><\/label><\/span><\/span><\/span><\/p>\n<\/div>\n<div class=\"uk-width-1-1\"><span id=\"wpcf7-69e8b7d9eb08c-wrapper\" class=\"wpcf7-form-control-wrap website-902-wrap\" ><label for=\"wpcf7-69e8b7d9eb08c-field\" class=\"hp-message\">Si prega di lasciare vuoto questo campo.<\/label><input id=\"wpcf7-69e8b7d9eb08c-field\"  class=\"wpcf7-form-control wpcf7-text\" type=\"text\" name=\"website-902\" value=\"\" size=\"40\" tabindex=\"-1\" autocomplete=\"new-password\" \/><\/span><\/div>\n<div class=\"uk-width-1-1\"><span class=\"wpcf7-form-control-wrap recaptcha\" data-name=\"recaptcha\"><span data-sitekey=\"6LeoUwQjAAAAADP3KEtYslp0JWqKEpgwVA2N61QX\" class=\"wpcf7-form-control wpcf7-recaptcha g-recaptcha\"><\/span>\r\n<noscript>\r\n\t<div class=\"grecaptcha-noscript\">\r\n\t\t<iframe src=\"https:\/\/www.google.com\/recaptcha\/api\/fallback?k=6LeoUwQjAAAAADP3KEtYslp0JWqKEpgwVA2N61QX\" frameborder=\"0\" scrolling=\"no\" width=\"310\" height=\"430\">\r\n\t\t<\/iframe>\r\n\t\t<textarea name=\"g-recaptcha-response\" rows=\"3\" cols=\"40\" placeholder=\"reCaptcha Response Here\">\r\n\t\t<\/textarea>\r\n\t<\/div>\r\n<\/noscript>\r\n<\/span><\/div>\n<input class=\"wpcf7-form-control wpcf7-submit has-spinner uk-button uk-button-secondary form-button\" type=\"submit\" value=\"Soumettre\" \/><\/div><div class=\"wpcf7-response-output\" aria-hidden=\"true\"><\/div>\n<\/form>\n<\/div>\n\n<\/div>\n<\/li>\n<li>\n<h3> Assistenza su un ordine effettuato nel nostro Shop<\/h3>\n<div>\n<p>Per qualsiasi assistenza relativa al tracking del tuo ordine, chiarimenti sulla fatturazione, richieste di reso, ricambistica o altre domande, ti preghiamo di compilare il modulo qui sotto. Saremo lieti di aiutarti nel minor tempo possibile.<\/p>\n\n<div class=\"wpcf7 no-js\" id=\"wpcf7-f8589-o2\" lang=\"it-IT\" dir=\"ltr\" data-wpcf7-id=\"8589\">\n<div class=\"screen-reader-response\"><p role=\"status\" aria-live=\"polite\" aria-atomic=\"true\"><\/p> <ul><\/ul><\/div>\n<form action=\"\/fr\/wp-json\/wp\/v2\/pages\/3127#wpcf7-f8589-o2\" method=\"post\" class=\"wpcf7-form init chimpmatic-1.5.7 f839b88ebbe8 cmatic-conn cmatic-aud-2 cmatic-mapd0-0 cmatic-v0976 cmatic-pro-v157 cmatic-sent-0 cmatic-total-89\" aria-label=\"Modulo di contatto\" novalidate=\"novalidate\" data-status=\"init\">\n<fieldset class=\"hidden-fields-container\"><input type=\"hidden\" name=\"_wpcf7\" value=\"8589\" \/><input type=\"hidden\" name=\"_wpcf7_version\" value=\"6.1.5\" \/><input type=\"hidden\" name=\"_wpcf7_locale\" value=\"it_IT\" \/><input type=\"hidden\" name=\"_wpcf7_unit_tag\" value=\"wpcf7-f8589-o2\" \/><input type=\"hidden\" name=\"_wpcf7_container_post\" value=\"0\" \/><input type=\"hidden\" name=\"_wpcf7_posted_data_hash\" value=\"\" \/><input type=\"hidden\" name=\"_wpcf7_recaptcha_response\" value=\"\" \/>\n<\/fieldset>\n<div class=\"contact-form uk-grid-margin uk-grid\" uk-grid>\n  <div class=\"uk-width-1-2@m\">\n<label>Nome<\/label>\n    <span class=\"wpcf7-form-control-wrap\" data-name=\"nome\"><input size=\"40\" maxlength=\"400\" class=\"wpcf7-form-control wpcf7-text wpcf7-validates-as-required uk-input\" aria-required=\"true\" aria-invalid=\"false\" value=\"\" type=\"text\" name=\"nome\" \/><\/span> \n<\/div>\n<div class=\"uk-width-1-2@m\">\n<label>Cognome<\/label>\n    <span class=\"wpcf7-form-control-wrap\" data-name=\"cognome\"><input size=\"40\" maxlength=\"400\" class=\"wpcf7-form-control wpcf7-text wpcf7-validates-as-required uk-input\" aria-required=\"true\" aria-invalid=\"false\" value=\"\" type=\"text\" name=\"cognome\" \/><\/span> \n<\/div>\n<div class=\"uk-width-1-2@m\">\n<label>Email<\/label>\n    <span class=\"wpcf7-form-control-wrap\" data-name=\"your-email\"><input size=\"40\" maxlength=\"400\" class=\"wpcf7-form-control wpcf7-email wpcf7-validates-as-required wpcf7-text wpcf7-validates-as-email uk-input\" aria-required=\"true\" aria-invalid=\"false\" value=\"\" type=\"email\" name=\"your-email\" \/><\/span> \n\n   <\/div>\n\n  <div class=\"uk-width-1-2@m\">\n<label>Numero di telefono<\/label>\n    <span class=\"wpcf7-form-control-wrap\" data-name=\"telefono\"><input size=\"40\" maxlength=\"400\" class=\"wpcf7-form-control wpcf7-tel wpcf7-validates-as-required wpcf7-text wpcf7-validates-as-tel uk-input\" aria-required=\"true\" aria-invalid=\"false\" value=\"\" type=\"tel\" name=\"telefono\" \/><\/span> \n<\/div>\n\n\n<div class=\"uk-width-1-2@m\">\n <label>Numero di Ordine <\/label>\n<span class=\"wpcf7-form-control-wrap\" data-name=\"numero\"><input size=\"40\" maxlength=\"400\" class=\"wpcf7-form-control wpcf7-text uk-input\" aria-invalid=\"false\" value=\"\" type=\"text\" name=\"numero\" \/><\/span> \n<\/div>\n\n  <div class=\"uk-width-1-1\">\n\n<label>Messaggio<\/label>\n    <span class=\"wpcf7-form-control-wrap\" data-name=\"messaggio\"><textarea cols=\"40\" rows=\"10\" maxlength=\"2000\" class=\"wpcf7-form-control wpcf7-textarea uk-textarea\" aria-invalid=\"false\" placeholder=\"Il tuo messaggio\" name=\"messaggio\"><\/textarea><\/span>\n<\/div>\n\n\n<span class=\"wpcf7-form-control-wrap recaptcha\" data-name=\"recaptcha\"><span data-sitekey=\"6LeoUwQjAAAAADP3KEtYslp0JWqKEpgwVA2N61QX\" class=\"wpcf7-form-control wpcf7-recaptcha g-recaptcha\"><\/span>\r\n<noscript>\r\n\t<div class=\"grecaptcha-noscript\">\r\n\t\t<iframe src=\"https:\/\/www.google.com\/recaptcha\/api\/fallback?k=6LeoUwQjAAAAADP3KEtYslp0JWqKEpgwVA2N61QX\" frameborder=\"0\" scrolling=\"no\" width=\"310\" height=\"430\">\r\n\t\t<\/iframe>\r\n\t\t<textarea name=\"g-recaptcha-response\" rows=\"3\" cols=\"40\" placeholder=\"reCaptcha Response Here\">\r\n\t\t<\/textarea>\r\n\t<\/div>\r\n<\/noscript>\r\n<\/span>\n\n<span id=\"wpcf7-69e8b7d9f2773-wrapper\" class=\"wpcf7-form-control-wrap honeypot-896-wrap\" ><input type=\"hidden\" name=\"honeypot-896-time-start\" value=\"1776859097\"><input type=\"hidden\" name=\"honeypot-896-time-check\" value=\"4\"><label for=\"wpcf7-69e8b7d9f2773-field\" class=\"hp-message\">Si prega di lasciare vuoto questo campo.<\/label><input id=\"wpcf7-69e8b7d9f2773-field\"  class=\"wpcf7-form-control wpcf7-text\" type=\"text\" name=\"honeypot-896\" value=\"\" size=\"40\" tabindex=\"-1\" autocomplete=\"off\" \/><\/span>\n<input class=\"wpcf7-form-control wpcf7-submit has-spinner uk-button uk-button-secondary form-button\" type=\"submit\" value=\"Invia\" \/><\/div><div class=\"wpcf7-response-output\" aria-hidden=\"true\"><\/div>\n<\/form>\n<\/div>\n\n<\/div>\n<\/li>\n<\/ul>\n<p><!--more--><br \/>\n<!-- {\"type\":\"layout\",\"children\":[{\"type\":\"section\",\"props\":{\"image_position\":\"center-center\",\"padding\":\"xsmall\",\"padding_remove_bottom\":true,\"style\":\"default\",\"title_breakpoint\":\"xl\",\"title_position\":\"top-left\",\"title_rotation\":\"left\",\"vertical_align\":\"middle\",\"width\":\"xlarge\"},\"children\":[{\"type\":\"row\",\"children\":[{\"type\":\"column\",\"props\":{\"image_position\":\"center-center\",\"position_sticky_breakpoint\":\"m\"},\"children\":[{\"type\":\"breadcrumbs\",\"props\":{\"show_current\":true,\"show_home\":true}}]}]}],\"modified\":\"2022-01-10T16:58:41.432Z\",\"name\":\"Breadcrumb\"},{\"type\":\"section\",\"props\":{\"image_position\":\"center-center\",\"style\":\"default\",\"title_breakpoint\":\"xl\",\"title_position\":\"top-left\",\"title_rotation\":\"left\",\"vertical_align\":\"middle\",\"width\":\"default\"},\"children\":[{\"type\":\"row\",\"children\":[{\"type\":\"column\",\"props\":{\"image_position\":\"center-center\",\"position_sticky_breakpoint\":\"m\"},\"children\":[{\"type\":\"accordion\",\"props\":{\"collapsible\":true,\"content_column_breakpoint\":\"m\",\"image_align\":\"top\",\"image_grid_breakpoint\":\"m\",\"image_grid_width\":\"1-2\",\"image_svg_color\":\"emphasis\",\"link_style\":\"default\",\"link_text\":\"Read more\",\"show_image\":true,\"show_link\":true},\"children\":[{\"type\":\"accordion_item\",\"props\":{\"content\":\"\n\n<p>[contact-form-7 id=\\\"68172db\\\" title=\\\"Richiesta informazioni FRA\\\"]<\\\/p>\",\"title\":\"Informations sur un produit Cinius\"}},{\"type\":\"accordion_item\",\"props\":{\"content\":\"\n\n<p>Per qualsiasi assistenza relativa al tracking del tuo ordine, chiarimenti sulla fatturazione, richieste di reso, ricambistica o altre domande, ti preghiamo di compilare il modulo qui sotto. Saremo lieti di aiutarti nel minor tempo possibile.<\\\/p>\\n\n\n<p>[contact-form-7 id=\\\"352eaa2\\\" title=\\\"Richiesta assistenza ITA\\\"]<\\\/p>\",\"title\":\" Assistenza su un ordine effettuato nel nostro Shop\"}}]}]}]}]}],\"version\":\"4.0.11\"} --><\/p>\n","protected":false},"excerpt":{"rendered":"<p>Informations sur un produit Cinius Assistenza su un ordine effettuato nel nostro Shop Per qualsiasi assistenza relativa al tracking del tuo ordine, chiarimenti sulla fatturazione, richieste di reso, ricambistica o altre domande, ti preghiamo di compilare il modulo qui sotto. Saremo lieti di aiutarti nel minor tempo possibile.<\/p>\n","protected":false},"author":7,"featured_media":0,"parent":0,"menu_order":0,"comment_status":"closed","ping_status":"closed","template":"","meta":{"footnotes":""},"class_list":["post-3127","page","type-page","status-publish","hentry"],"acf":[],"_links":{"self":[{"href":"https:\/\/shopcinius.com\/fr\/wp-json\/wp\/v2\/pages\/3127","targetHints":{"allow":["GET"]}}],"collection":[{"href":"https:\/\/shopcinius.com\/fr\/wp-json\/wp\/v2\/pages"}],"about":[{"href":"https:\/\/shopcinius.com\/fr\/wp-json\/wp\/v2\/types\/page"}],"author":[{"embeddable":true,"href":"https:\/\/shopcinius.com\/fr\/wp-json\/wp\/v2\/users\/7"}],"replies":[{"embeddable":true,"href":"https:\/\/shopcinius.com\/fr\/wp-json\/wp\/v2\/comments?post=3127"}],"version-history":[{"count":4,"href":"https:\/\/shopcinius.com\/fr\/wp-json\/wp\/v2\/pages\/3127\/revisions"}],"predecessor-version":[{"id":12945,"href":"https:\/\/shopcinius.com\/fr\/wp-json\/wp\/v2\/pages\/3127\/revisions\/12945"}],"wp:attachment":[{"href":"https:\/\/shopcinius.com\/fr\/wp-json\/wp\/v2\/media?parent=3127"}],"curies":[{"name":"wp","href":"https:\/\/api.w.org\/{rel}","templated":true}]}}