{"id":3167,"date":"2022-02-08T14:50:46","date_gmt":"2022-02-08T14:50:46","guid":{"rendered":"https:\/\/shopcinius.com\/condizioni-di-vendita\/"},"modified":"2023-06-22T11:09:51","modified_gmt":"2023-06-22T09:09:51","slug":"conditions-generales-de-vente","status":"publish","type":"page","link":"https:\/\/shopcinius.com\/fr\/conditions-generales-de-vente\/","title":{"rendered":"Conditions generales de vente"},"content":{"rendered":"<div>\n<div>\n<p><strong>Paiements:<\/strong><\/p>\n<p>Le paiement peut \u00eatre effectu\u00e9 selon les modalit\u00e9s suivantes:<\/p>\n<ul>\n<li><strong>Virement bancaire<span>\u00a0<\/span><\/strong>(sans frais suppl\u00e9mentaires)<\/li>\n<li><strong>Contre-remboursement<span>\u00a0<\/span><\/strong>(valable uniquement en Italie et avec un co\u00fbt suppl\u00e9mentaire \u00e9gal \u00e0 2% de la valeur de la marchandise avec un minimum de 5,00 euros)<\/li>\n<li><strong>PostePay<span>\u00a0<\/span><\/strong>(sans frais suppl\u00e9mentaires)<\/li>\n<li><strong>PayPal:<span>\u00a0<\/span><\/strong>(sans frais suppl\u00e9mentaires)<span>\u00a0<\/span><a href=\"https:\/\/www.paypal.com\/it\" target=\"_blank\" rel=\"noopener\">PayPal<\/a><span>\u00a0<\/span>est un syst\u00e8me de paiement s\u00e9curis\u00e9 qui vous permet de payer de mani\u00e8re gratuite, imm\u00e9diate et prot\u00e9g\u00e9e sans avoir \u00e0 r\u00e9v\u00e9ler au commer\u00e7ant vos num\u00e9ros de carte de cr\u00e9dit ou vos informations financi\u00e8res. Vous pouvez utiliser:<br \/>\u2013 carte de cr\u00e9dit (Visa, Visa Electron, MasterCard);<br \/>\u2013 carte pr\u00e9pay\u00e9e rechargeable (comme Postepay, Kalibra et autres);<br \/>\u2013 fonds disponibles sur votre compte PayPal (solde).<\/li>\n<\/ul>\n<p>Les ventes par correspondance sont exempt\u00e9es de l&rsquo;\u00e9mission de re\u00e7u ou de facture conform\u00e9ment au d\u00e9cret pr\u00e9sidentiel 696\/1996 et \u00e0 l&rsquo;article 22 du d\u00e9cret pr\u00e9sidentiel 633\/72.<\/p>\n<p><strong>Toute demande de facture doit \u00eatre effectu\u00e9e au moment de la commande.<\/strong><\/p>\n<\/p>\n<p><strong>D\u00e9lais de livraison:<\/strong><\/p>\n<p>Les colis sont g\u00e9n\u00e9ralement exp\u00e9di\u00e9s dans un d\u00e9lai de 1 \u00e0 2 jours apr\u00e8s r\u00e9ception du paiement et envoy\u00e9s par courrier.<\/p>\n<p>Les d\u00e9lais de livraison du courrier en Italie sont g\u00e9n\u00e9ralement de 2 \u00e0 3 jours ouvrables. (pour l&rsquo;\u00e9tranger, cela peut \u00eatre de 5 \u00e0 6 jours ouvrables)<\/p>\n<p>Si vous ne recevez pas la marchandise dans ces d\u00e9lais, veuillez nous contacter au 051-6028482<\/p>\n<\/p>\n<p><strong>Frais de livraison en Italie:<\/strong><\/p>\n<p>Pour presque tous les articles, les frais d&rsquo;exp\u00e9dition en Italie sont fix\u00e9s \u00e0 9,00 euros,<br \/>\u00e0 l&rsquo;exception des articles encombrants et fragiles tels que les fontaines en ardoise, les t\u00eates de lit Futon, les paravents, les fauteuils \u00e0 bascule\u2026 pour lesquels les frais de transport sont de 25,00 euros et les lits et matelas pour lesquels les frais de transport sont de 40,00 euros.<\/p>\n<\/p>\n<p>Nous vous conseillons de regrouper vos articles en une seule commande. Nous ne pouvons pas regrouper deux commandes distinctes pass\u00e9es s\u00e9par\u00e9ment, et des frais de livraison seront appliqu\u00e9s \u00e0 chacune d&rsquo;entre elles.<\/p>\n<\/p>\n<p><strong>Courriers<\/strong><\/p>\n<p>Pour les livraisons, nous utilisons la poste ou les courriers nationaux.<br \/><strong>La livraison est toujours pr\u00e9vue au rez-de-chauss\u00e9e. (PAS \u00e0 l&rsquo;\u00e9tage)<\/strong><\/p>\n<\/p>\n<p><strong>Vie priv\u00e9e<\/strong><\/p>\n<table border=\"2\" cellspacing=\"0\" cellpadding=\"7\">\n<tbody>\n<tr>\n<td><strong>Informations conform\u00e9ment \u00e0 l&rsquo;article 13 du d\u00e9cret l\u00e9gislatif n\u00b0 196\/2003<br \/>(informations fournies uniquement pour le pr\u00e9sent site de Cinius et non pour d&rsquo;autres accessibles via des liens)<\/strong><strong>Cher client<\/strong>,<br \/>Le d\u00e9cret l\u00e9gislatif n\u00b0 196\/2003 prot\u00e8ge la confidentialit\u00e9 des donn\u00e9es personnelles et impose une s\u00e9rie d&rsquo;obligations \u00e0 ceux qui traitent des informations personnelles concernant d&rsquo;autres sujets. Parmi les obligations les plus importantes que la loi impose de respecter, il y a celle d&rsquo;informer les parties int\u00e9ress\u00e9es sur le traitement de leurs donn\u00e9es personnelles et d&rsquo;obtenir leur consentement au traitement, en particulier pour les activit\u00e9s de traitement pour lesquelles les donn\u00e9es doivent \u00eatre communiqu\u00e9es \u00e0 d&rsquo;autres parties. \u00c0 la lumi\u00e8re de ce qui pr\u00e9c\u00e8de, par cons\u00e9quent, conform\u00e9ment \u00e0 l&rsquo;article 13 du d\u00e9cret l\u00e9gislatif susmentionn\u00e9, nous vous fournissons les informations suivantes.<\/p>\n<p>Le traitement des donn\u00e9es est effectu\u00e9 aux fins suivantes:<\/p>\n<p>1) pour g\u00e9rer les relations avec vous visant \u00e0 fournir des biens, des prestations ou des services, pour remplir toute obligation l\u00e9gale pr\u00e9vue par la r\u00e9glementation en vigueur (telles que les obligations administratives, comptables ou fiscales), ou impos\u00e9e par les autorit\u00e9s et organismes de surveillance, pour remplir les obligations contractuelles et pour tout ce qui est strictement n\u00e9cessaire ou fonctionnel \u00e0 l&rsquo;ex\u00e9cution du contrat lui-m\u00eame, pour la gestion du cr\u00e9dit et pour les statistiques comptables ou de vente;<\/p>\n<p>2) pour des initiatives promotionnelles concernant les biens ou services de notre activit\u00e9.<\/p>\n<p>3) pour la d\u00e9tection du niveau de satisfaction de la client\u00e8le quant \u00e0 la qualit\u00e9 des services fournis, l&rsquo;\u00e9laboration d&rsquo;\u00e9tudes et de recherches de march\u00e9, les finalit\u00e9s informatives, statistiques, de marketing, la promotion de produits et services, la r\u00e9alisation d&rsquo;activit\u00e9s de relations publiques<\/p>\n<p>Le traitement sera effectu\u00e9 \u00e0 la fois manuellement et \u00e0 l&rsquo;aide de syst\u00e8mes informatiques et par des personnes sp\u00e9cialement charg\u00e9es de cette t\u00e2che.<\/p>\n<p>Vos donn\u00e9es peuvent \u00eatre communiqu\u00e9es \u00e0 des tiers, \u00e9galement \u00e0 l&rsquo;\u00e9tranger, exclusivement pour des besoins techniques et op\u00e9rationnels strictement li\u00e9s aux finalit\u00e9s susmentionn\u00e9es et en particulier aux cat\u00e9gories de sujets suivantes:<\/p>\n<p>a) entit\u00e9s, professionnels, soci\u00e9t\u00e9s ou autres structures que nous avons charg\u00e9es des traitements li\u00e9s \u00e0 l&rsquo;ex\u00e9cution des obligations administratives, comptables et de gestion li\u00e9es \u00e0 l&rsquo;exercice normal de notre activit\u00e9 \u00e9conomique, \u00e9galement \u00e0 des fins de recouvrement de cr\u00e9ances;<\/p>\n<p>b) autorit\u00e9s publiques, administrations et entit\u00e9s pour les finalit\u00e9s li\u00e9es \u00e0 l&rsquo;ex\u00e9cution des obligations l\u00e9gales;<\/p>\n<p>c) banques, institutions financi\u00e8res ou autres sujets auxquels le transfert de vos donn\u00e9es est n\u00e9cessaire pour l&rsquo;exercice de l&rsquo;activit\u00e9 de notre entreprise en relation avec l&rsquo;ex\u00e9cution, de notre part, des obligations contractuelles envers vous<\/p>\n<p>La fourniture de donn\u00e9es et la communication aux sujets indiqu\u00e9s aux lettres a), b) et c), concernant la finalit\u00e9 vis\u00e9e au point 1), est obligatoire pour vous car elle est n\u00e9cessaire pour se conformer aux obligations l\u00e9gales et\/ou contractuelles, comptables, salariales, de s\u00e9curit\u00e9 sociale et fiscales du responsable du traitement et\/ou des tiers susmentionn\u00e9s; alors que c&rsquo;est facultatif pour la finalit\u00e9 vis\u00e9e au point 2), qui sera interrompue \u00e0 tout moment en manifestant votre opposition \u00e0 l&rsquo;adresse E-MAIL suivante<span>\u00a0<\/span><strong>privacy@cinius.com<\/strong>.<\/p>\n<p>Le responsable informe \u00e9galement que le non-fournissement ou la fourniture incorrecte d&rsquo;une des<span>\u00a0<\/span><em>informations obligatoires<\/em>, entra\u00eene les cons\u00e9quences suivantes:<\/p>\n<ul>\n<li>l&rsquo;impossibilit\u00e9 pour le responsable de garantir la conformit\u00e9 du traitement aux accords contractuels pour lesquels il est effectu\u00e9;<\/li>\n<li>la possible non-correspondance des r\u00e9sultats du traitement aux obligations impos\u00e9es par la r\u00e9glementation fiscale, administrative ou du travail auxquelles il est destin\u00e9<\/li>\n<\/ul>\n<p>Le non-fournissement des<span>\u00a0<\/span><em>informations facultatives<\/em><span>\u00a0<\/span>n&rsquo;a aucune cons\u00e9quence, sauf l&rsquo;impossibilit\u00e9 de profiter des services offerts (recevoir des publications ou d&rsquo;autres informations qui pourraient vous int\u00e9resser, \u00eatre inform\u00e9 des \u00e9v\u00e9nements, manifestations, pr\u00e9sentations de nouveaux produits ou services, etc.).<\/p>\n<p>Vous pouvez faire valoir vos droits tels qu&rsquo;exprim\u00e9s aux articles 7, 8, 9 et 10 du d\u00e9cret l\u00e9gislatif 196\/2003 en vous adressant au responsable du traitement.<\/p>\n<p>Le responsable du traitement est la soci\u00e9t\u00e9 CINIUS SRL.<\/p>\n<\/td>\n<\/tr>\n<\/tbody>\n<\/table>\n<p><strong>Droit de r\u00e9tractation<\/strong><\/p>\n<p>Conform\u00e9ment au d\u00e9cret l\u00e9gislatif 22\/5\/99 n.185, qui transpose la directive 97\/7\/CE relative \u00e0 la protection des consommateurs en mati\u00e8re de contrats \u00e0 distance.<\/p>\n<p>Ce droit est r\u00e9serv\u00e9 exclusivement aux personnes physiques (consommateurs), il ne peut donc pas \u00eatre exerc\u00e9 par les personnes morales et les personnes physiques agissant pour des finalit\u00e9s li\u00e9es \u00e0 l&rsquo;activit\u00e9 professionnelle \u00e9ventuellement exerc\u00e9e. Cette r\u00e9glementation \u00e9tablit le droit de r\u00e9tractation, c&rsquo;est-\u00e0-dire la possibilit\u00e9 pour le consommateur de retourner le produit achet\u00e9 et d&rsquo;obtenir le remboursement. Pour exercer le droit de r\u00e9tractation, il est n\u00e9cessaire d&rsquo;envoyer, dans les 14 jours suivant la r\u00e9ception de la marchandise, une communication dans laquelle la volont\u00e9 de se r\u00e9tracter du contrat est exprim\u00e9e. La communication doit \u00eatre envoy\u00e9e \u00e0 Cinius (Via Collamarini 25 &#8211; 40138 Bologne) par lettre recommand\u00e9e avec accus\u00e9 de r\u00e9ception; l&rsquo;objet doit \u00eatre retourn\u00e9 parfaitement emball\u00e9 par le client, les frais d&rsquo;exp\u00e9dition pour l&rsquo;envoi initial de la marchandise et pour le retour ne seront en aucun cas rembours\u00e9s. Le droit de r\u00e9tractation est totalement annul\u00e9 si le produit retourn\u00e9 n&rsquo;est pas intact, c&rsquo;est-\u00e0-dire: -absence d&#8217;emballage -absence d&rsquo;\u00e9l\u00e9ments int\u00e9grants du produit -dommages au produit pour des causes autres que le transport. Le droit de r\u00e9tractation ne s&rsquo;applique pas aux articles fabriqu\u00e9s sur mesure (en dehors des mesures standard propos\u00e9es dans le catalogue) ou personnalis\u00e9s. <\/p>\n<\/div>\n<\/div>\n<p><!--more--><br \/>\n<!-- {\"type\":\"layout\",\"children\":[{\"type\":\"section\",\"props\":{\"image_position\":\"center-center\",\"padding\":\"xsmall\",\"padding_remove_bottom\":true,\"style\":\"default\",\"title_breakpoint\":\"xl\",\"title_position\":\"top-left\",\"title_rotation\":\"left\",\"vertical_align\":\"middle\",\"width\":\"xlarge\"},\"children\":[{\"type\":\"row\",\"children\":[{\"type\":\"column\",\"props\":{\"image_position\":\"center-center\",\"position_sticky_breakpoint\":\"m\"},\"children\":[{\"type\":\"breadcrumbs\",\"props\":{\"show_current\":true,\"show_home\":true}}]}]}],\"modified\":\"2022-01-10T16:58:41.432Z\",\"name\":\"Breadcrumb\"},{\"type\":\"section\",\"props\":{\"image_position\":\"center-center\",\"style\":\"default\",\"title_breakpoint\":\"xl\",\"title_position\":\"top-left\",\"title_rotation\":\"left\",\"vertical_align\":\"middle\",\"width\":\"small\"},\"children\":[{\"type\":\"row\",\"children\":[{\"type\":\"column\",\"props\":{\"image_position\":\"center-center\",\"position_sticky_breakpoint\":\"m\"},\"children\":[{\"type\":\"panel\",\"props\":{\"content\":\"\n\n<p><strong>Paiements:<\\\/strong><\\\/p>\\n\n\n<p>Le paiement peut \\u00eatre effectu\\u00e9 selon les modalit\\u00e9s suivantes:<\\\/p>\\n\n\n<ul>\\n\n\n<li><strong>Virement bancaire<span>\\u00a0<\\\/span><\\\/strong>(sans frais suppl\\u00e9mentaires)<\\\/li>\\n\n\n<li><strong>Contre-remboursement<span>\\u00a0<\\\/span><\\\/strong>(valable uniquement en Italie et avec un co\\u00fbt suppl\\u00e9mentaire \\u00e9gal \\u00e0 2% de la valeur de la marchandise avec un minimum de 5,00 euros)<\\\/li>\\n\n\n<li><strong>PostePay<span>\\u00a0<\\\/span><\\\/strong>(sans frais suppl\\u00e9mentaires)<\\\/li>\\n\n\n<li><strong>PayPal:<span>\\u00a0<\\\/span><\\\/strong>(sans frais suppl\\u00e9mentaires)<span>\\u00a0<\\\/span><a href=\\\"https:\\\/\\\/www.paypal.com\\\/it\\\" target=\\\"_blank\\\" rel=\\\"noopener\\\">PayPal<\\\/a><span>\\u00a0<\\\/span>est un syst\\u00e8me de paiement s\\u00e9curis\\u00e9 qui vous permet de payer de mani\\u00e8re gratuite, imm\\u00e9diate et prot\\u00e9g\\u00e9e sans avoir \\u00e0 r\\u00e9v\\u00e9ler au commer\\u00e7ant vos num\\u00e9ros de carte de cr\\u00e9dit ou vos informations financi\\u00e8res. Vous pouvez utiliser:<br \\\/>\\u2013 carte de cr\\u00e9dit (Visa, Visa Electron, MasterCard);<br \\\/>\\u2013 carte pr\\u00e9pay\\u00e9e rechargeable (comme Postepay, Kalibra et autres);<br \\\/>\\u2013 fonds disponibles sur votre compte PayPal (solde).<\\\/li>\\n<\\\/ul>\\n\n\n<p><\\\/p>\\n\n\n<p>Les ventes par correspondance sont exempt\\u00e9es de l'\\u00e9mission de re\\u00e7u ou de facture conform\\u00e9ment au d\\u00e9cret pr\\u00e9sidentiel 696\\\/1996 et \\u00e0 l'article 22 du d\\u00e9cret pr\\u00e9sidentiel 633\\\/72.<\\\/p>\\n\n\n<p><strong>Toute demande de facture doit \\u00eatre effectu\\u00e9e au moment de la commande.<\\\/strong><\\\/p>\\n\n\n<p><\\\/p>\\n\n\n<p><strong>D\\u00e9lais de livraison:<\\\/strong><\\\/p>\\n\n\n<p>Les colis sont g\\u00e9n\\u00e9ralement exp\\u00e9di\\u00e9s dans un d\\u00e9lai de 1 \\u00e0 2 jours apr\\u00e8s r\\u00e9ception du paiement et envoy\\u00e9s par courrier.<\\\/p>\\n\n\n<p>Les d\\u00e9lais de livraison du courrier en Italie sont g\\u00e9n\\u00e9ralement de 2 \\u00e0 3 jours ouvrables. (pour l'\\u00e9tranger, cela peut \\u00eatre de 5 \\u00e0 6 jours ouvrables)<\\\/p>\\n\n\n<p>Si vous ne recevez pas la marchandise dans ces d\\u00e9lais, veuillez nous contacter au 051-6028482<\\\/p>\\n\n\n<p><\\\/p>\\n\n\n<p><strong>Frais de livraison en Italie:<\\\/strong><\\\/p>\\n\n\n<p>Pour presque tous les articles, les frais d'exp\\u00e9dition en Italie sont fix\\u00e9s \\u00e0 9,00 euros,<br \\\/>\\u00e0 l'exception des articles encombrants et fragiles tels que les fontaines en ardoise, les t\\u00eates de lit Futon, les paravents, les fauteuils \\u00e0 bascule\\u2026 pour lesquels les frais de transport sont de 25,00 euros et les lits et matelas pour lesquels les frais de transport sont de 40,00 euros.<\\\/p>\\n\n\n<p><\\\/p>\\n\n\n<p>Nous vous conseillons de regrouper vos articles en une seule commande. Nous ne pouvons pas regrouper deux commandes distinctes pass\\u00e9es s\\u00e9par\\u00e9ment, et des frais de livraison seront appliqu\\u00e9s \\u00e0 chacune d'entre elles.<\\\/p>\\n\n\n<p><\\\/p>\\n\n\n<p><strong>Courriers<\\\/strong><\\\/p>\\n\n\n<p>Pour les livraisons, nous utilisons la poste ou les courriers nationaux.<br \\\/><strong>La livraison est toujours pr\\u00e9vue au rez-de-chauss\\u00e9e. (PAS \\u00e0 l'\\u00e9tage)<\\\/strong><\\\/p>\\n\n\n<p><\\\/p>\\n\n\n<p><strong>Vie priv\\u00e9e<\\\/strong><\\\/p>\\n\n\n<table border=\\\"2\\\" cellspacing=\\\"0\\\" cellpadding=\\\"7\\\">\\n\n\n<tbody>\\n\n\n<tr>\\n\n\n<td><strong>Informations conform\\u00e9ment \\u00e0 l'article 13 du d\\u00e9cret l\\u00e9gislatif n\\u00b0 196\\\/2003<br \\\/>(informations fournies uniquement pour le pr\\u00e9sent site de Cinius et non pour d'autres accessibles via des liens)<\\\/strong><strong>Cher client<\\\/strong>,<br \\\/>Le d\\u00e9cret l\\u00e9gislatif n\\u00b0 196\\\/2003 prot\\u00e8ge la confidentialit\\u00e9 des donn\\u00e9es personnelles et impose une s\\u00e9rie d'obligations \\u00e0 ceux qui traitent des informations personnelles concernant d'autres sujets. Parmi les obligations les plus importantes que la loi impose de respecter, il y a celle d'informer les parties int\\u00e9ress\\u00e9es sur le traitement de leurs donn\\u00e9es personnelles et d'obtenir leur consentement au traitement, en particulier pour les activit\\u00e9s de traitement pour lesquelles les donn\\u00e9es doivent \\u00eatre communiqu\\u00e9es \\u00e0 d'autres parties. \\u00c0 la lumi\\u00e8re de ce qui pr\\u00e9c\\u00e8de, par cons\\u00e9quent, conform\\u00e9ment \\u00e0 l'article 13 du d\\u00e9cret l\\u00e9gislatif susmentionn\\u00e9, nous vous fournissons les informations suivantes.\\n\n\n<p>Le traitement des donn\\u00e9es est effectu\\u00e9 aux fins suivantes:<\\\/p>\\n\n\n<p>1) pour g\\u00e9rer les relations avec vous visant \\u00e0 fournir des biens, des prestations ou des services, pour remplir toute obligation l\\u00e9gale pr\\u00e9vue par la r\\u00e9glementation en vigueur (telles que les obligations administratives, comptables ou fiscales), ou impos\\u00e9e par les autorit\\u00e9s et organismes de surveillance, pour remplir les obligations contractuelles et pour tout ce qui est strictement n\\u00e9cessaire ou fonctionnel \\u00e0 l'ex\\u00e9cution du contrat lui-m\\u00eame, pour la gestion du cr\\u00e9dit et pour les statistiques comptables ou de vente;<\\\/p>\\n\n\n<p>2) pour des initiatives promotionnelles concernant les biens ou services de notre activit\\u00e9.<\\\/p>\\n\n\n<p>3) pour la d\\u00e9tection du niveau de satisfaction de la client\\u00e8le quant \\u00e0 la qualit\\u00e9 des services fournis, l'\\u00e9laboration d'\\u00e9tudes et de recherches de march\\u00e9, les finalit\\u00e9s informatives, statistiques, de marketing, la promotion de produits et services, la r\\u00e9alisation d'activit\\u00e9s de relations publiques<\\\/p>\\n\n\n<p>Le traitement sera effectu\\u00e9 \\u00e0 la fois manuellement et \\u00e0 l'aide de syst\\u00e8mes informatiques et par des personnes sp\\u00e9cialement charg\\u00e9es de cette t\\u00e2che.<\\\/p>\\n\n\n<p>Vos donn\\u00e9es peuvent \\u00eatre communiqu\\u00e9es \\u00e0 des tiers, \\u00e9galement \\u00e0 l'\\u00e9tranger, exclusivement pour des besoins techniques et op\\u00e9rationnels strictement li\\u00e9s aux finalit\\u00e9s susmentionn\\u00e9es et en particulier aux cat\\u00e9gories de sujets suivantes:<\\\/p>\\n\n\n<p>a) entit\\u00e9s, professionnels, soci\\u00e9t\\u00e9s ou autres structures que nous avons charg\\u00e9es des traitements li\\u00e9s \\u00e0 l'ex\\u00e9cution des obligations administratives, comptables et de gestion li\\u00e9es \\u00e0 l'exercice normal de notre activit\\u00e9 \\u00e9conomique, \\u00e9galement \\u00e0 des fins de recouvrement de cr\\u00e9ances;<\\\/p>\\n\n\n<p>b) autorit\\u00e9s publiques, administrations et entit\\u00e9s pour les finalit\\u00e9s li\\u00e9es \\u00e0 l'ex\\u00e9cution des obligations l\\u00e9gales;<\\\/p>\\n\n\n<p>c) banques, institutions financi\\u00e8res ou autres sujets auxquels le transfert de vos donn\\u00e9es est n\\u00e9cessaire pour l'exercice de l'activit\\u00e9 de notre entreprise en relation avec l'ex\\u00e9cution, de notre part, des obligations contractuelles envers vous<\\\/p>\\n\n\n<p>La fourniture de donn\\u00e9es et la communication aux sujets indiqu\\u00e9s aux lettres a), b) et c), concernant la finalit\\u00e9 vis\\u00e9e au point 1), est obligatoire pour vous car elle est n\\u00e9cessaire pour se conformer aux obligations l\\u00e9gales et\\\/ou contractuelles, comptables, salariales, de s\\u00e9curit\\u00e9 sociale et fiscales du responsable du traitement et\\\/ou des tiers susmentionn\\u00e9s; alors que c'est facultatif pour la finalit\\u00e9 vis\\u00e9e au point 2), qui sera interrompue \\u00e0 tout moment en manifestant votre opposition \\u00e0 l'adresse E-MAIL suivante<span>\\u00a0<\\\/span><strong>privacy@cinius.com<\\\/strong>.<\\\/p>\\n\n\n<p>Le responsable informe \\u00e9galement que le non-fournissement ou la fourniture incorrecte d'une des<span>\\u00a0<\\\/span><em>informations obligatoires<\\\/em>, entra\\u00eene les cons\\u00e9quences suivantes:<\\\/p>\\n\n\n<ul>\\n\n\n<li>l'impossibilit\\u00e9 pour le responsable de garantir la conformit\\u00e9 du traitement aux accords contractuels pour lesquels il est effectu\\u00e9;<\\\/li>\\n\n\n<li>la possible non-correspondance des r\\u00e9sultats du traitement aux obligations impos\\u00e9es par la r\\u00e9glementation fiscale, administrative ou du travail auxquelles il est destin\\u00e9<\\\/li>\\n<\\\/ul>\\n\n\n<p>Le non-fournissement des<span>\\u00a0<\\\/span><em>informations facultatives<\\\/em><span>\\u00a0<\\\/span>n'a aucune cons\\u00e9quence, sauf l'impossibilit\\u00e9 de profiter des services offerts (recevoir des publications ou d'autres informations qui pourraient vous int\\u00e9resser, \\u00eatre inform\\u00e9 des \\u00e9v\\u00e9nements, manifestations, pr\\u00e9sentations de nouveaux produits ou services, etc.).<\\\/p>\\n\n\n<p>Vous pouvez faire valoir vos droits tels qu'exprim\\u00e9s aux articles 7, 8, 9 et 10 du d\\u00e9cret l\\u00e9gislatif 196\\\/2003 en vous adressant au responsable du traitement.<\\\/p>\\n\n\n<p>Le responsable du traitement est la soci\\u00e9t\\u00e9 CINIUS SRL.<\\\/p>\\n<\\\/td>\\n<\\\/tr>\\n<\\\/tbody>\\n<\\\/table>\\n\n\n<p><\\\/p>\\n\n\n<p><strong>Droit de r\\u00e9tractation<\\\/strong><\\\/p>\\n\n\n<p>Conform\\u00e9ment au d\\u00e9cret l\\u00e9gislatif 22\\\/5\\\/99 n.185, qui transpose la directive 97\\\/7\\\/CE relative \\u00e0 la protection des consommateurs en mati\\u00e8re de contrats \\u00e0 distance.<\\\/p>\\n\n\n<p>Ce droit est r\\u00e9serv\\u00e9 exclusivement aux personnes physiques (consommateurs), il ne peut donc pas \\u00eatre exerc\\u00e9 par les personnes morales et les personnes physiques agissant pour des finalit\\u00e9s li\\u00e9es \\u00e0 l'activit\\u00e9 professionnelle \\u00e9ventuellement exerc\\u00e9e. Cette r\\u00e9glementation \\u00e9tablit le droit de r\\u00e9tractation, c'est-\\u00e0-dire la possibilit\\u00e9 pour le consommateur de retourner le produit achet\\u00e9 et d'obtenir le remboursement. Pour exercer le droit de r\\u00e9tractation, il est n\\u00e9cessaire d'envoyer, dans les 14 jours suivant la r\\u00e9ception de la marchandise, une communication dans laquelle la volont\\u00e9 de se r\\u00e9tracter du contrat est exprim\\u00e9e. La communication doit \\u00eatre envoy\\u00e9e \\u00e0 Cinius (Via Collamarini 25 - 40138 Bologne) par lettre recommand\\u00e9e avec accus\\u00e9 de r\\u00e9ception; l'objet doit \\u00eatre retourn\\u00e9 parfaitement emball\\u00e9 par le client, les frais d'exp\\u00e9dition pour l'envoi initial de la marchandise et pour le retour ne seront en aucun cas rembours\\u00e9s. Le droit de r\\u00e9tractation est totalement annul\\u00e9 si le produit retourn\\u00e9 n'est pas intact, c'est-\\u00e0-dire: -absence d'emballage -absence d'\\u00e9l\\u00e9ments int\\u00e9grants du produit -dommages au produit pour des causes autres que le transport. Le droit de r\\u00e9tractation ne s'applique pas aux articles fabriqu\\u00e9s sur mesure (en dehors des mesures standard propos\\u00e9es dans le catalogue) ou personnalis\\u00e9s. <\\\/p>\",\"content_column_breakpoint\":\"m\",\"icon_width\":80,\"image_align\":\"top\",\"image_grid_breakpoint\":\"m\",\"image_grid_width\":\"1-2\",\"image_svg_color\":\"emphasis\",\"link_style\":\"default\",\"link_text\":\"Read more\",\"margin\":\"default\",\"meta_align\":\"below-title\",\"meta_element\":\"div\",\"meta_style\":\"text-meta\",\"title_align\":\"top\",\"title_element\":\"h1\",\"title_grid_breakpoint\":\"m\",\"title_grid_width\":\"1-2\",\"title_hover_style\":\"reset\"},\"source\":{\"query\":{\"name\":\"pages.singlePage\"},\"props\":{\"title\":{\"filters\":{\"search\":\"\"},\"name\":\"title\"}}}}]}]}]}],\"version\":\"4.0.1\"} --><\/p>\n","protected":false},"excerpt":{"rendered":"<p>Paiements: Le paiement peut \u00eatre effectu\u00e9 selon les modalit\u00e9s suivantes: Virement bancaire\u00a0(sans frais suppl\u00e9mentaires) Contre-remboursement\u00a0(valable uniquement en Italie et avec un co\u00fbt suppl\u00e9mentaire \u00e9gal \u00e0 2% de la valeur de la marchandise avec un minimum de 5,00 euros) PostePay\u00a0(sans frais suppl\u00e9mentaires) PayPal:\u00a0(sans frais suppl\u00e9mentaires)\u00a0PayPal\u00a0est un syst\u00e8me de paiement s\u00e9curis\u00e9 qui vous permet de payer de [&hellip;]<\/p>\n","protected":false},"author":7,"featured_media":0,"parent":0,"menu_order":0,"comment_status":"closed","ping_status":"closed","template":"","meta":{"footnotes":""},"class_list":["post-3167","page","type-page","status-publish","hentry"],"acf":[],"_links":{"self":[{"href":"https:\/\/shopcinius.com\/fr\/wp-json\/wp\/v2\/pages\/3167","targetHints":{"allow":["GET"]}}],"collection":[{"href":"https:\/\/shopcinius.com\/fr\/wp-json\/wp\/v2\/pages"}],"about":[{"href":"https:\/\/shopcinius.com\/fr\/wp-json\/wp\/v2\/types\/page"}],"author":[{"embeddable":true,"href":"https:\/\/shopcinius.com\/fr\/wp-json\/wp\/v2\/users\/7"}],"replies":[{"embeddable":true,"href":"https:\/\/shopcinius.com\/fr\/wp-json\/wp\/v2\/comments?post=3167"}],"version-history":[{"count":0,"href":"https:\/\/shopcinius.com\/fr\/wp-json\/wp\/v2\/pages\/3167\/revisions"}],"wp:attachment":[{"href":"https:\/\/shopcinius.com\/fr\/wp-json\/wp\/v2\/media?parent=3167"}],"curies":[{"name":"wp","href":"https:\/\/api.w.org\/{rel}","templated":true}]}}