{"id":3460,"date":"2022-02-08T14:52:34","date_gmt":"2022-02-08T14:52:34","guid":{"rendered":"https:\/\/shopcinius.com\/privacy-policy\/"},"modified":"2023-06-22T11:12:21","modified_gmt":"2023-06-22T09:12:21","slug":"privacy-policy","status":"publish","type":"page","link":"https:\/\/shopcinius.com\/fr\/privacy-policy\/","title":{"rendered":"Privacy Policy"},"content":{"rendered":"<div>\n<div>\n<p><strong>Information en vertu de l&rsquo;article 13 du d\u00e9cret l\u00e9gislatif n\u00b0 196\/2003<br \/>(information fournie uniquement pour le site de Cinius et non pour d&rsquo;autres sites accessibles via des liens)<\/strong><\/p>\n<p><strong>Cher client<\/strong>,<br \/>Le d\u00e9cret l\u00e9gislatif n\u00b0 196 de 2003 prot\u00e8ge la confidentialit\u00e9 des donn\u00e9es personnelles et impose une s\u00e9rie d&rsquo;obligations \u00e0 ceux qui traitent des informations personnelles concernant d&rsquo;autres personnes.<\/p>\n<p>Parmi les obligations les plus importantes que la loi impose de respecter, il y a celle d&rsquo;informer les parties int\u00e9ress\u00e9es sur le traitement de leurs donn\u00e9es personnelles et d&rsquo;obtenir leur consentement pour le traitement, en particulier pour les activit\u00e9s de traitement pour lesquelles les donn\u00e9es doivent \u00eatre communiqu\u00e9es \u00e0 d&rsquo;autres parties.<\/p>\n<p>En raison de ce qui pr\u00e9c\u00e8de, conform\u00e9ment \u00e0 l&rsquo;article 13 du d\u00e9cret l\u00e9gislatif susmentionn\u00e9, nous vous fournissons les informations suivantes:<\/p>\n<p>Le traitement des donn\u00e9es est effectu\u00e9 pour les finalit\u00e9s suivantes:<\/p>\n<p>1) pour g\u00e9rer les relations avec vous en vue de la fourniture de biens, de prestations ou de services, pour remplir toutes les obligations l\u00e9gales pr\u00e9vues par la r\u00e9glementation en vigueur (telles que les obligations administratives, comptables ou fiscales), ou impos\u00e9es par les autorit\u00e9s et les organes de surveillance, pour les obligations contractuelles et pour tout ce qui est strictement n\u00e9cessaire ou fonctionnel \u00e0 l&rsquo;ex\u00e9cution du contrat lui-m\u00eame, pour la gestion du cr\u00e9dit et pour les statistiques comptables ou de vente;<\/p>\n<p>2) pour des initiatives promotionnelles concernant les biens ou services de notre activit\u00e9.<\/p>\n<p>3) pour la d\u00e9tection du niveau de satisfaction de la client\u00e8le quant \u00e0 la qualit\u00e9 des services fournis, l&rsquo;\u00e9laboration d&rsquo;\u00e9tudes et de recherches de march\u00e9, des finalit\u00e9s informatives, statistiques, de marketing, de promotion de produits et de services, la r\u00e9alisation d&rsquo;activit\u00e9s de relations publiques<\/p>\n<p>Le traitement sera effectu\u00e9 \u00e0 la fois manuellement et \u00e0 l&rsquo;aide de syst\u00e8mes informatiques et par des personnes sp\u00e9cialement autoris\u00e9es \u00e0 le faire.<\/p>\n<p>Vos donn\u00e9es peuvent \u00eatre communiqu\u00e9es \u00e0 des tiers, m\u00eame \u00e0 l&rsquo;\u00e9tranger, exclusivement pour des besoins techniques et op\u00e9rationnels strictement li\u00e9s aux finalit\u00e9s susmentionn\u00e9es et en particulier aux cat\u00e9gories de personnes suivantes:<\/p>\n<p>a) organismes, professionnels, soci\u00e9t\u00e9s ou autres structures que nous avons charg\u00e9es des traitements li\u00e9s \u00e0 l&rsquo;ex\u00e9cution des obligations administratives, comptables et de gestion li\u00e9es \u00e0 l&rsquo;exercice normal de notre activit\u00e9 \u00e9conomique, \u00e9galement pour des fins de recouvrement de cr\u00e9ances;<\/p>\n<p>b) autorit\u00e9s publiques, administrations et organismes pour les finalit\u00e9s li\u00e9es \u00e0 l&rsquo;ex\u00e9cution des obligations l\u00e9gales;<\/p>\n<p>c) banques, institutions financi\u00e8res ou autres entit\u00e9s auxquelles le transfert de vos donn\u00e9es est n\u00e9cessaire pour l&rsquo;exercice de notre activit\u00e9 en relation avec l&rsquo;ex\u00e9cution, de notre part, des obligations contractuelles envers vous.<\/p>\n<p>La communication de vos donn\u00e9es aux personnes mentionn\u00e9es aux lettres a), b) et c), relativement \u00e0 la finalit\u00e9 mentionn\u00e9e au point 1), est obligatoire pour vous car elle est n\u00e9cessaire pour remplir les obligations l\u00e9gales et\/ou contractuelles, comptables, salariales, de s\u00e9curit\u00e9 sociale et fiscales du responsable du traitement et\/ou des tiers susmentionn\u00e9s; tandis qu&rsquo;elle est facultative pour la finalit\u00e9 mentionn\u00e9e au point 2), qui sera interrompue \u00e0 tout moment en manifestant votre opposition \u00e0 l&rsquo;adresse E-MAIL suivante<span>\u00a0<\/span><strong>privacy@cinius.com<\/strong>.<\/p>\n<p>Le responsable informe \u00e9galement que le d\u00e9faut de fourniture ou la fourniture incorrecte d&rsquo;une des<span>\u00a0<\/span><em>informations obligatoires<\/em> entra\u00eene les cons\u00e9quences suivantes:<\/p>\n<ul>\n<li>l&rsquo;impossibilit\u00e9 pour le responsable de garantir la conformit\u00e9 du traitement aux accords contractuels pour lesquels il est ex\u00e9cut\u00e9;<\/li>\n<li>la non-correspondance possible des r\u00e9sultats du traitement aux obligations impos\u00e9es par la r\u00e9glementation fiscale, administrative ou du travail auxquelles il est destin\u00e9.<\/li>\n<\/ul>\n<p>Le d\u00e9faut de fourniture des<span>\u00a0<\/span><em>informations facultatives<\/em><span>\u00a0<\/span>n&rsquo;entra\u00eene aucune cons\u00e9quence, sauf l&rsquo;impossibilit\u00e9 de profiter des services offerts (recevoir des publications ou d&rsquo;autres documents d&rsquo;information qui pourraient vous int\u00e9resser, \u00eatre inform\u00e9 des \u00e9v\u00e9nements, des manifestations, des pr\u00e9sentations de nouveaux produits ou services, etc.).<\/p>\n<p>Vous pouvez faire valoir vos droits tels qu&rsquo;exprim\u00e9s aux articles 7, 8, 9 et 10 du d\u00e9cret l\u00e9gislatif n\u00b0 196\/2003 en vous adressant au responsable du traitement.<\/p>\n<p>Le responsable du traitement est la soci\u00e9t\u00e9 CINIUS SRL.<\/p>\n<\/div>\n<\/div>\n<p><!--more--><br \/>\n<!-- {\"type\":\"layout\",\"children\":[{\"type\":\"section\",\"props\":{\"image_position\":\"center-center\",\"padding\":\"xsmall\",\"padding_remove_bottom\":true,\"style\":\"default\",\"title_breakpoint\":\"xl\",\"title_position\":\"top-left\",\"title_rotation\":\"left\",\"vertical_align\":\"middle\",\"width\":\"xlarge\"},\"children\":[{\"type\":\"row\",\"children\":[{\"type\":\"column\",\"props\":{\"image_position\":\"center-center\",\"position_sticky_breakpoint\":\"m\"},\"children\":[{\"type\":\"breadcrumbs\",\"props\":{\"show_current\":true,\"show_home\":true}}]}]}],\"modified\":\"2022-01-10T16:58:41.432Z\",\"name\":\"Breadcrumb\"},{\"type\":\"section\",\"props\":{\"image_position\":\"center-center\",\"style\":\"default\",\"title_breakpoint\":\"xl\",\"title_position\":\"top-left\",\"title_rotation\":\"left\",\"vertical_align\":\"middle\",\"width\":\"small\"},\"children\":[{\"type\":\"row\",\"children\":[{\"type\":\"column\",\"props\":{\"image_position\":\"center-center\",\"position_sticky_breakpoint\":\"m\"},\"children\":[{\"type\":\"panel\",\"props\":{\"content\":\"\n\n<p><strong>Information en vertu de l'article 13 du d\\u00e9cret l\\u00e9gislatif n\\u00b0 196\\\/2003<br \\\/>(information fournie uniquement pour le site de Cinius et non pour d'autres sites accessibles via des liens)<\\\/strong><\\\/p>\\n\n\n<p><strong>Cher client<\\\/strong>,<br \\\/>Le d\\u00e9cret l\\u00e9gislatif n\\u00b0 196 de 2003 prot\\u00e8ge la confidentialit\\u00e9 des donn\\u00e9es personnelles et impose une s\\u00e9rie d'obligations \\u00e0 ceux qui traitent des informations personnelles concernant d'autres personnes.<\\\/p>\\n\n\n<p>Parmi les obligations les plus importantes que la loi impose de respecter, il y a celle d'informer les parties int\\u00e9ress\\u00e9es sur le traitement de leurs donn\\u00e9es personnelles et d'obtenir leur consentement pour le traitement, en particulier pour les activit\\u00e9s de traitement pour lesquelles les donn\\u00e9es doivent \\u00eatre communiqu\\u00e9es \\u00e0 d'autres parties.<\\\/p>\\n\n\n<p>En raison de ce qui pr\\u00e9c\\u00e8de, conform\\u00e9ment \\u00e0 l'article 13 du d\\u00e9cret l\\u00e9gislatif susmentionn\\u00e9, nous vous fournissons les informations suivantes:<\\\/p>\\n\n\n<p>Le traitement des donn\\u00e9es est effectu\\u00e9 pour les finalit\\u00e9s suivantes:<\\\/p>\\n\n\n<p>1) pour g\\u00e9rer les relations avec vous en vue de la fourniture de biens, de prestations ou de services, pour remplir toutes les obligations l\\u00e9gales pr\\u00e9vues par la r\\u00e9glementation en vigueur (telles que les obligations administratives, comptables ou fiscales), ou impos\\u00e9es par les autorit\\u00e9s et les organes de surveillance, pour les obligations contractuelles et pour tout ce qui est strictement n\\u00e9cessaire ou fonctionnel \\u00e0 l'ex\\u00e9cution du contrat lui-m\\u00eame, pour la gestion du cr\\u00e9dit et pour les statistiques comptables ou de vente;<\\\/p>\\n\n\n<p>2) pour des initiatives promotionnelles concernant les biens ou services de notre activit\\u00e9.<\\\/p>\\n\n\n<p>3) pour la d\\u00e9tection du niveau de satisfaction de la client\\u00e8le quant \\u00e0 la qualit\\u00e9 des services fournis, l'\\u00e9laboration d'\\u00e9tudes et de recherches de march\\u00e9, des finalit\\u00e9s informatives, statistiques, de marketing, de promotion de produits et de services, la r\\u00e9alisation d'activit\\u00e9s de relations publiques<\\\/p>\\n\n\n<p>Le traitement sera effectu\\u00e9 \\u00e0 la fois manuellement et \\u00e0 l'aide de syst\\u00e8mes informatiques et par des personnes sp\\u00e9cialement autoris\\u00e9es \\u00e0 le faire.<\\\/p>\\n\n\n<p>Vos donn\\u00e9es peuvent \\u00eatre communiqu\\u00e9es \\u00e0 des tiers, m\\u00eame \\u00e0 l'\\u00e9tranger, exclusivement pour des besoins techniques et op\\u00e9rationnels strictement li\\u00e9s aux finalit\\u00e9s susmentionn\\u00e9es et en particulier aux cat\\u00e9gories de personnes suivantes:<\\\/p>\\n\n\n<p>a) organismes, professionnels, soci\\u00e9t\\u00e9s ou autres structures que nous avons charg\\u00e9es des traitements li\\u00e9s \\u00e0 l'ex\\u00e9cution des obligations administratives, comptables et de gestion li\\u00e9es \\u00e0 l'exercice normal de notre activit\\u00e9 \\u00e9conomique, \\u00e9galement pour des fins de recouvrement de cr\\u00e9ances;<\\\/p>\\n\n\n<p>b) autorit\\u00e9s publiques, administrations et organismes pour les finalit\\u00e9s li\\u00e9es \\u00e0 l'ex\\u00e9cution des obligations l\\u00e9gales;<\\\/p>\\n\n\n<p>c) banques, institutions financi\\u00e8res ou autres entit\\u00e9s auxquelles le transfert de vos donn\\u00e9es est n\\u00e9cessaire pour l'exercice de notre activit\\u00e9 en relation avec l'ex\\u00e9cution, de notre part, des obligations contractuelles envers vous.<\\\/p>\\n\n\n<p>La communication de vos donn\\u00e9es aux personnes mentionn\\u00e9es aux lettres a), b) et c), relativement \\u00e0 la finalit\\u00e9 mentionn\\u00e9e au point 1), est obligatoire pour vous car elle est n\\u00e9cessaire pour remplir les obligations l\\u00e9gales et\\\/ou contractuelles, comptables, salariales, de s\\u00e9curit\\u00e9 sociale et fiscales du responsable du traitement et\\\/ou des tiers susmentionn\\u00e9s; tandis qu'elle est facultative pour la finalit\\u00e9 mentionn\\u00e9e au point 2), qui sera interrompue \\u00e0 tout moment en manifestant votre opposition \\u00e0 l'adresse E-MAIL suivante<span>\\u00a0<\\\/span><strong>privacy@cinius.com<\\\/strong>.<\\\/p>\\n\n\n<p>Le responsable informe \\u00e9galement que le d\\u00e9faut de fourniture ou la fourniture incorrecte d'une des<span>\\u00a0<\\\/span><em>informations obligatoires<\\\/em> entra\\u00eene les cons\\u00e9quences suivantes:<\\\/p>\\n\n\n<ul>\\n\n\n<li>l'impossibilit\\u00e9 pour le responsable de garantir la conformit\\u00e9 du traitement aux accords contractuels pour lesquels il est ex\\u00e9cut\\u00e9;<\\\/li>\\n\n\n<li>la non-correspondance possible des r\\u00e9sultats du traitement aux obligations impos\\u00e9es par la r\\u00e9glementation fiscale, administrative ou du travail auxquelles il est destin\\u00e9.<\\\/li>\\n<\\\/ul>\\n\n\n<p>Le d\\u00e9faut de fourniture des<span>\\u00a0<\\\/span><em>informations facultatives<\\\/em><span>\\u00a0<\\\/span>n'entra\\u00eene aucune cons\\u00e9quence, sauf l'impossibilit\\u00e9 de profiter des services offerts (recevoir des publications ou d'autres documents d'information qui pourraient vous int\\u00e9resser, \\u00eatre inform\\u00e9 des \\u00e9v\\u00e9nements, des manifestations, des pr\\u00e9sentations de nouveaux produits ou services, etc.).<\\\/p>\\n\n\n<p>Vous pouvez faire valoir vos droits tels qu'exprim\\u00e9s aux articles 7, 8, 9 et 10 du d\\u00e9cret l\\u00e9gislatif n\\u00b0 196\\\/2003 en vous adressant au responsable du traitement.<\\\/p>\\n\n\n<p>Le responsable du traitement est la soci\\u00e9t\\u00e9 CINIUS SRL.<\\\/p>\",\"content_column_breakpoint\":\"m\",\"icon_width\":80,\"image_align\":\"top\",\"image_grid_breakpoint\":\"m\",\"image_grid_width\":\"1-2\",\"image_svg_color\":\"emphasis\",\"link_style\":\"default\",\"link_text\":\"Read more\",\"margin\":\"default\",\"meta_align\":\"below-title\",\"meta_element\":\"div\",\"meta_style\":\"text-meta\",\"title_align\":\"top\",\"title_element\":\"h1\",\"title_grid_breakpoint\":\"m\",\"title_grid_width\":\"1-2\",\"title_hover_style\":\"reset\"},\"source\":{\"query\":{\"name\":\"pages.singlePage\"},\"props\":{\"title\":{\"filters\":{\"search\":\"\"},\"name\":\"title\"}}}}]}]}]}],\"version\":\"4.0.1\"} --><\/p>\n","protected":false},"excerpt":{"rendered":"<p>Information en vertu de l&rsquo;article 13 du d\u00e9cret l\u00e9gislatif n\u00b0 196\/2003(information fournie uniquement pour le site de Cinius et non pour d&rsquo;autres sites accessibles via des liens) Cher client,Le d\u00e9cret l\u00e9gislatif n\u00b0 196 de 2003 prot\u00e8ge la confidentialit\u00e9 des donn\u00e9es personnelles et impose une s\u00e9rie d&rsquo;obligations \u00e0 ceux qui traitent des informations personnelles concernant d&rsquo;autres [&hellip;]<\/p>\n","protected":false},"author":7,"featured_media":0,"parent":0,"menu_order":0,"comment_status":"closed","ping_status":"closed","template":"","meta":{"footnotes":""},"class_list":["post-3460","page","type-page","status-publish","hentry"],"acf":[],"_links":{"self":[{"href":"https:\/\/shopcinius.com\/fr\/wp-json\/wp\/v2\/pages\/3460","targetHints":{"allow":["GET"]}}],"collection":[{"href":"https:\/\/shopcinius.com\/fr\/wp-json\/wp\/v2\/pages"}],"about":[{"href":"https:\/\/shopcinius.com\/fr\/wp-json\/wp\/v2\/types\/page"}],"author":[{"embeddable":true,"href":"https:\/\/shopcinius.com\/fr\/wp-json\/wp\/v2\/users\/7"}],"replies":[{"embeddable":true,"href":"https:\/\/shopcinius.com\/fr\/wp-json\/wp\/v2\/comments?post=3460"}],"version-history":[{"count":0,"href":"https:\/\/shopcinius.com\/fr\/wp-json\/wp\/v2\/pages\/3460\/revisions"}],"wp:attachment":[{"href":"https:\/\/shopcinius.com\/fr\/wp-json\/wp\/v2\/media?parent=3460"}],"curies":[{"name":"wp","href":"https:\/\/api.w.org\/{rel}","templated":true}]}}