{"id":1007,"date":"2022-02-01T16:46:26","date_gmt":"2022-02-01T15:46:26","guid":{"rendered":"https:\/\/shopcinius.com\/prodotto\/spaziobed-estraibile\/"},"modified":"2022-11-28T17:21:58","modified_gmt":"2022-11-28T16:21:58","slug":"lit-dappoint-extensible","status":"publish","type":"product","link":"https:\/\/shopcinius.com\/fr\/produits\/chambres-2-3-lits\/lit-dappoint-extensible\/","title":{"rendered":"SPAZIOBED\u00ae Amovible"},"content":{"rendered":"<p>Lorsque vous disposez de <b>peu d\u2019espace<\/b>, chaque moyen peut s\u2019av\u00e9rer essentiel pour donner \u00e0 votre habitation un aspect plus confortable et a<b>m\u00e9liorer son organisation<\/b>.<\/p>\n<p>Surtout en ce qui concerne les chambres d\u2019enfants et les \u00e9tudes, il arrive souvent que l\u2019espace soit plut\u00f4t sacrifi\u00e9.<\/p>\n<p>Il faut alors des solutions en mesure de garantir une <b>maximisation de l\u2019espace disponible<\/b>, qui viennent int\u00e9grer diff\u00e9rents besoins en <b>compl\u00e9ments d\u2019ameublement uniques et ergonomiques<\/b>. C&rsquo;est ce que notre \u00e9quipe de conception a fait avec le <b>SpazioBed &#8211; pull-out<\/b>, un lit escamotable peu encombrant qui peut servir de bureau si n\u00e9cessaire.<\/p>\n<p>L<b>&lsquo;extraction du deuxi\u00e8me lit est rapide et facile<\/b>, litt\u00e9ralement comme s&rsquo;il \u00e9tait contenu dans un tiroir.<\/p>\n<p>Cette caract\u00e9ristique rend le SpazioBed &#8211; pull-out absolument <b>ergonomique et pratique<\/b>.<\/p>\n<p>Il s&rsquo;agit d&rsquo;une solution s\u00fbre, fiable et extr\u00eamement fonctionnelle.<\/p>\n<p>La <b>qualit\u00e9 du bois utilis\u00e9 est \u00e9lev\u00e9e<\/b> et il existe un choix de nombreuses couleurs diff\u00e9rentes pour r\u00e9pondre aux besoins sp\u00e9cifiques des clients.<\/p>\n<p>Cinius garantit \u00e9galement que le compl\u00e9ment <b>peut \u00eatre adapt\u00e9<\/b> aux besoins sp\u00e9cifiques de la maison.<\/p>\n<p>Cette solution peu encombrante est extr\u00eamement pratique et polyvalente, et permet de r\u00e9pondre \u00e0 de nombreux besoins diff\u00e9rents.<\/p>\n<p>Il s&rsquo;agit d&rsquo;une solution dans laquelle <b>deux lits, un bureau et des commodes sont int\u00e9gr\u00e9s dans une seule structure en h\u00eatre massif<\/b>.<\/p>\n<p>Ce type de compl\u00e9ment d&rsquo;ameublement peut \u00eatre utilis\u00e9 confortablement dans une petite chambre d&rsquo;enfant. En m\u00eame temps, c&rsquo;est aussi une solution parfaite pour \u00eatre plac\u00e9e dans le bureau de sa propre maison, dans lequel on veut obtenir \u00e0 la fois un poste de travail avec un bureau et, si n\u00e9cessaire, deux postes de lit qui peuvent transformer la pi\u00e8ce en chambre d&rsquo;amis.<\/p>\n<p>&nbsp;<\/p>\n<p>Des mod\u00e8les <b>avec diff\u00e9rentes solutions esth\u00e9tiques sont disponibles<\/b>, mais le design reste toujours extr\u00eamement raffin\u00e9, moderne et propre.<\/p>\n<p>Il y a \u00e9galement <b>des tiroirs pratiques \u00e0 l&rsquo;int\u00e9rieur de la structure, tiroirs pratiques<\/b>&#8230; bref, tout ce que vous voulez.<\/p>\n","protected":false},"excerpt":{"rendered":"<h3><b>SPAZIOBED &#8211; PULL-OUT : LIT ET BUREAU EN UNE SEULE SOLUTION PEU ENCOMBRANTE<\/b><\/h3>\n<h4><b>UNE PROPOSITION PRATIQUE ET ERGONOMIQUE<\/b><\/h4>\n<p>La beaut\u00e9 d&rsquo;un lit haut, r\u00e9alis\u00e9 en h\u00eatre massif lamell\u00e9, peut \u00e9galement accueillir un deuxi\u00e8me lit dans le m\u00eame petit espace, ainsi qu&rsquo;un bureau et deux grands tiroirs, tous facilement extractibles.<\/p>\n","protected":false},"featured_media":4433,"comment_status":"closed","ping_status":"closed","template":"","meta":[],"product_brand":[],"product_cat":[240],"product_tag":[75,106,301],"class_list":{"0":"post-1007","1":"product","2":"type-product","3":"status-publish","4":"has-post-thumbnail","6":"product_cat-chambres-2-3-lits","7":"product_tag-sur-demande","8":"product_tag-commencant-par","9":"product_tag-sicurezza-fr","11":"first","12":"outofstock","13":"taxable","14":"shipping-taxable","15":"product-type-simple"},"acf":[],"_links":{"self":[{"href":"https:\/\/shopcinius.com\/fr\/wp-json\/wp\/v2\/product\/1007","targetHints":{"allow":["GET"]}}],"collection":[{"href":"https:\/\/shopcinius.com\/fr\/wp-json\/wp\/v2\/product"}],"about":[{"href":"https:\/\/shopcinius.com\/fr\/wp-json\/wp\/v2\/types\/product"}],"replies":[{"embeddable":true,"href":"https:\/\/shopcinius.com\/fr\/wp-json\/wp\/v2\/comments?post=1007"}],"wp:featuredmedia":[{"embeddable":true,"href":"https:\/\/shopcinius.com\/fr\/wp-json\/wp\/v2\/media\/4433"}],"wp:attachment":[{"href":"https:\/\/shopcinius.com\/fr\/wp-json\/wp\/v2\/media?parent=1007"}],"wp:term":[{"taxonomy":"product_brand","embeddable":true,"href":"https:\/\/shopcinius.com\/fr\/wp-json\/wp\/v2\/product_brand?post=1007"},{"taxonomy":"product_cat","embeddable":true,"href":"https:\/\/shopcinius.com\/fr\/wp-json\/wp\/v2\/product_cat?post=1007"},{"taxonomy":"product_tag","embeddable":true,"href":"https:\/\/shopcinius.com\/fr\/wp-json\/wp\/v2\/product_tag?post=1007"}],"curies":[{"name":"wp","href":"https:\/\/api.w.org\/{rel}","templated":true}]}}