{"id":1010,"date":"2022-01-30T20:20:15","date_gmt":"2022-01-30T20:20:15","guid":{"rendered":"https:\/\/shopcinius.com\/prodotto\/divano-letto-tat-sofa\/"},"modified":"2022-10-27T12:37:18","modified_gmt":"2022-10-27T10:37:18","slug":"canape-lit-tat-sofa","status":"publish","type":"product","link":"https:\/\/shopcinius.com\/fr\/produits\/canapes-lits\/canape-lit-tat-sofa\/","title":{"rendered":"Canap\u00e9-lit Tat-Sof\u00e0"},"content":{"rendered":"<p>Le <b>canap\u00e9-lit Tatsofa<\/b> peut \u00eatre personnalis\u00e9 dans les couleurs du bois et du rev\u00eatement, il est donc parfait pour tous les salons !<\/p>\n<p>Deux modules sont disponibles :<\/p>\n<ul>\n<li>fauteuil (96 x 99 x h40 cm) ;<\/li>\n<li>canap\u00e9 (206 x 99 x h40 cm).<\/li>\n<\/ul>\n","protected":false},"excerpt":{"rendered":"<p> <b>Canap\u00e9-lit<\/b> en <b>bois de h\u00eatre massif lamell\u00e9<\/b>, le <b>Tatsofa<\/b> est un <b>canap\u00e9-lit modulable<\/b>: il peut aussi devenir un <b>canap\u00e9 d&rsquo;angle<\/b> pour un am\u00e9nagement contemporain !<\/p>\n","protected":false},"featured_media":4259,"comment_status":"open","ping_status":"closed","template":"","meta":[],"product_brand":[],"product_cat":[78],"product_tag":[75,106],"class_list":{"0":"post-1010","1":"product","2":"type-product","3":"status-publish","4":"has-post-thumbnail","6":"product_cat-canapes-lits","7":"product_tag-sur-demande","8":"product_tag-commencant-par","9":"product_shipping_class-classe-c-fr","11":"first","12":"outofstock","13":"taxable","14":"shipping-taxable","15":"purchasable","16":"product-type-simple"},"acf":[],"_links":{"self":[{"href":"https:\/\/shopcinius.com\/fr\/wp-json\/wp\/v2\/product\/1010","targetHints":{"allow":["GET"]}}],"collection":[{"href":"https:\/\/shopcinius.com\/fr\/wp-json\/wp\/v2\/product"}],"about":[{"href":"https:\/\/shopcinius.com\/fr\/wp-json\/wp\/v2\/types\/product"}],"replies":[{"embeddable":true,"href":"https:\/\/shopcinius.com\/fr\/wp-json\/wp\/v2\/comments?post=1010"}],"wp:featuredmedia":[{"embeddable":true,"href":"https:\/\/shopcinius.com\/fr\/wp-json\/wp\/v2\/media\/4259"}],"wp:attachment":[{"href":"https:\/\/shopcinius.com\/fr\/wp-json\/wp\/v2\/media?parent=1010"}],"wp:term":[{"taxonomy":"product_brand","embeddable":true,"href":"https:\/\/shopcinius.com\/fr\/wp-json\/wp\/v2\/product_brand?post=1010"},{"taxonomy":"product_cat","embeddable":true,"href":"https:\/\/shopcinius.com\/fr\/wp-json\/wp\/v2\/product_cat?post=1010"},{"taxonomy":"product_tag","embeddable":true,"href":"https:\/\/shopcinius.com\/fr\/wp-json\/wp\/v2\/product_tag?post=1010"}],"curies":[{"name":"wp","href":"https:\/\/api.w.org\/{rel}","templated":true}]}}