{"id":10350,"date":"2024-03-20T15:37:55","date_gmt":"2024-03-20T14:37:55","guid":{"rendered":"https:\/\/shopcinius.com\/prodotti\/non%20class\u00e9\/canape-lit-pettine\/"},"modified":"2025-01-29T10:50:43","modified_gmt":"2025-01-29T09:50:43","slug":"canape-lit-pettine","status":"publish","type":"product","link":"https:\/\/shopcinius.com\/fr\/produits\/canapes-lits\/canape-lit-pettine\/","title":{"rendered":"Canap\u00e9-lit Pettine"},"content":{"rendered":"<p data-sourcepos=\"3:1-3:280\"><strong>Le canap\u00e9 Pettine de Cinius<\/strong> est un meuble polyvalent et \u00e9l\u00e9gant, parfait pour d\u00e9corer votre salon avec style et fonctionnalit\u00e9. Fabriqu\u00e9 en<strong> h\u00eatre massif de haute qualit\u00e9<\/strong>, ce canap\u00e9 se distingue par sa robustesse et sa durabilit\u00e9. <\/p>\n<p data-sourcepos=\"5:1-5:275\">Deux matelas confortables, avec insert en latex, offrent une d\u00e9tente douce, assis ou allong\u00e9. <span class=\"citation-0 contradictory\" tabindex=\"0\" role=\"button\">Le canap\u00e9 Pettine est en effet <\/span><span class=\"citation-0 contradictory\" tabindex=\"0\" role=\"button\">polyvalent<\/span> : <span class=\"citation-0 contradictory\" tabindex=\"0\" role=\"button\">il peut \u00eatre utilis\u00e9 comme canap\u00e9,<\/span> <span class=\"citation-0 contradictory\" tabindex=\"0\" role=\"button\">lit simple<\/span><span class=\"citation-0 contradictory\" tabindex=\"0\" role=\"button\"> et comme<\/span> <span class=\"citation-0 contradictory\" tabindex=\"0\" role=\"button\">lit double amovible<\/span>, <span class=\"citation-0 contradictory citation-end-0\" tabindex=\"0\" role=\"button\">s\u2019adaptant \u00e0 vos besoins \u00e0 tout moment.<\/span><\/p>\n<p data-sourcepos=\"7:1-7:260\">Le <strong>tissu r\u00e9sistant <\/strong>est disponible dans une vari\u00e9t\u00e9 de couleurs et de textures pour correspondre parfaitement \u00e0 votre style de d\u00e9coration. E<strong>nti\u00e8rement fabriqu\u00e9 en Italie<\/strong> avec un soin artisanal, le canap\u00e9 Pettine de Cinius est un exemple d\u2019excellence manufacturi\u00e8re italienne.<\/p>\n","protected":false},"excerpt":{"rendered":"<p data-sourcepos=\"9:1-9:31\"><strong>Caract\u00e9ristiques principales:<\/strong><\/p>\n<ul data-sourcepos=\"11:1-16:0\">\n<li data-sourcepos=\"11:1-11:47\">Fabriqu\u00e9 en h\u00eatre massif de haute qualit\u00e9<\/li>\n<li data-sourcepos=\"12:1-12:22\">Deux matelas confortables avec insert en latex<\/li>\n<li data-sourcepos=\"13:1-13:59\">Multiusage : canap\u00e9, lit simple et double<\/li>\n<li data-sourcepos=\"14:1-14:20\">Tissu r\u00e9sistant<\/li>\n<li data-sourcepos=\"15:1-16:0\">Enti\u00e8rement fabriqu\u00e9 en Italie<\/li>\n<\/ul>\n<p data-sourcepos=\"17:1-17:94\"><strong>Choisissez le canap\u00e9 Pettine de Cinius pour d\u00e9corer votre salon avec style et fonctionnalit\u00e9!<\/strong><\/p>\n<ul data-sourcepos=\"26:1-31:0\">\n<li data-sourcepos=\"26:1-26:42\">Dimensions : L 200 cm &#8211; P 90 cm &#8211; H 90 cm <strong>ferm\u00e9<\/strong><\/li>\n<li>Dimensions : L 200 cm &#8211; P 160 cm &#8211; H 90 cm <strong>ouvert<\/strong><\/li>\n<li data-sourcepos=\"27:1-27:22\">Matelas : 80&#215;190 cm<\/li>\n<li data-sourcepos=\"28:1-28:35\">Rev\u00eatement : tissu d\u00e9houssable<\/li>\n<li data-sourcepos=\"29:1-29:30\">Couleurs disponibles : au choix<\/li>\n<li data-sourcepos=\"30:1-31:0\">Made in Italy<\/li>\n<\/ul>\n","protected":false},"featured_media":8001,"comment_status":"closed","ping_status":"closed","template":"","meta":[],"product_brand":[],"product_cat":[78],"product_tag":[106],"class_list":{"0":"post-10350","1":"product","2":"type-product","3":"status-publish","4":"has-post-thumbnail","6":"product_cat-canapes-lits","7":"product_tag-commencant-par","8":"product_shipping_class-classe-c-fr","10":"first","11":"onbackorder","12":"taxable","13":"shipping-taxable","14":"purchasable","15":"product-type-simple"},"acf":[],"_links":{"self":[{"href":"https:\/\/shopcinius.com\/fr\/wp-json\/wp\/v2\/product\/10350","targetHints":{"allow":["GET"]}}],"collection":[{"href":"https:\/\/shopcinius.com\/fr\/wp-json\/wp\/v2\/product"}],"about":[{"href":"https:\/\/shopcinius.com\/fr\/wp-json\/wp\/v2\/types\/product"}],"replies":[{"embeddable":true,"href":"https:\/\/shopcinius.com\/fr\/wp-json\/wp\/v2\/comments?post=10350"}],"wp:featuredmedia":[{"embeddable":true,"href":"https:\/\/shopcinius.com\/fr\/wp-json\/wp\/v2\/media\/8001"}],"wp:attachment":[{"href":"https:\/\/shopcinius.com\/fr\/wp-json\/wp\/v2\/media?parent=10350"}],"wp:term":[{"taxonomy":"product_brand","embeddable":true,"href":"https:\/\/shopcinius.com\/fr\/wp-json\/wp\/v2\/product_brand?post=10350"},{"taxonomy":"product_cat","embeddable":true,"href":"https:\/\/shopcinius.com\/fr\/wp-json\/wp\/v2\/product_cat?post=10350"},{"taxonomy":"product_tag","embeddable":true,"href":"https:\/\/shopcinius.com\/fr\/wp-json\/wp\/v2\/product_tag?post=10350"}],"curies":[{"name":"wp","href":"https:\/\/api.w.org\/{rel}","templated":true}]}}