{"id":11425,"date":"2024-02-23T13:18:58","date_gmt":"2025-05-16T07:19:18","guid":{"rendered":"https:\/\/shopcinius.com\/prodotti\/non class\u00e9\/lit-escamotable-vertical\/"},"modified":"2025-05-16T09:19:18","modified_gmt":"2025-05-16T07:19:18","slug":"lit-escamotable-vertical","status":"publish","type":"product","link":"https:\/\/shopcinius.com\/fr\/produits\/lits-pliants\/lit-escamotable-vertical\/","title":{"rendered":"Lit Escamotable Vertical"},"content":{"rendered":"","protected":false},"excerpt":{"rendered":"<p class=\"title_full_size width_sub\">Lit design unique et peu encombrant, le Lit Vertical est un lit pliant en bois massif.<br \/>\nIl s\u2019agit d\u2019un lit en bois massif de h\u00eatre qui le matin peut \u00eatre ferm\u00e9 dans une armoire, id\u00e9al pour meubler les studios et les mansardes.<br \/>\nLe Lit Vertical est r\u00e9alisable sur mesure &#8211; tant dans les finitions que dans les dimensions &#8211; et peut donc s\u2019adapter \u00e0 chaque chambre.<\/p>\n","protected":false},"featured_media":7814,"comment_status":"closed","ping_status":"closed","template":"","meta":[],"product_brand":[],"product_cat":[242],"product_tag":[75,301],"class_list":{"0":"post-11425","1":"product","2":"type-product","3":"status-publish","4":"has-post-thumbnail","6":"product_cat-lits-pliants","7":"product_tag-sur-demande","8":"product_tag-sicurezza-fr","10":"first","11":"instock","12":"taxable","13":"shipping-taxable","14":"product-type-simple"},"acf":[],"_links":{"self":[{"href":"https:\/\/shopcinius.com\/fr\/wp-json\/wp\/v2\/product\/11425","targetHints":{"allow":["GET"]}}],"collection":[{"href":"https:\/\/shopcinius.com\/fr\/wp-json\/wp\/v2\/product"}],"about":[{"href":"https:\/\/shopcinius.com\/fr\/wp-json\/wp\/v2\/types\/product"}],"replies":[{"embeddable":true,"href":"https:\/\/shopcinius.com\/fr\/wp-json\/wp\/v2\/comments?post=11425"}],"wp:featuredmedia":[{"embeddable":true,"href":"https:\/\/shopcinius.com\/fr\/wp-json\/wp\/v2\/media\/7814"}],"wp:attachment":[{"href":"https:\/\/shopcinius.com\/fr\/wp-json\/wp\/v2\/media?parent=11425"}],"wp:term":[{"taxonomy":"product_brand","embeddable":true,"href":"https:\/\/shopcinius.com\/fr\/wp-json\/wp\/v2\/product_brand?post=11425"},{"taxonomy":"product_cat","embeddable":true,"href":"https:\/\/shopcinius.com\/fr\/wp-json\/wp\/v2\/product_cat?post=11425"},{"taxonomy":"product_tag","embeddable":true,"href":"https:\/\/shopcinius.com\/fr\/wp-json\/wp\/v2\/product_tag?post=11425"}],"curies":[{"name":"wp","href":"https:\/\/api.w.org\/{rel}","templated":true}]}}