{"id":3582,"date":"2022-07-04T11:39:25","date_gmt":"2022-07-04T09:39:25","guid":{"rendered":"https:\/\/shopcinius.com\/prodotti\/non%20class\u00e9\/lit-bebe-milly-sur-mesure\/"},"modified":"2022-11-21T14:11:59","modified_gmt":"2022-11-21T13:11:59","slug":"litbebe-milly-sur-mesure","status":"publish","type":"product","link":"https:\/\/shopcinius.com\/fr\/produits\/lit-bebe\/litbebe-milly-sur-mesure\/","title":{"rendered":"Lit B\u00e9b\u00e9 Milly sur mesure"},"content":{"rendered":"","protected":false},"excerpt":{"rendered":"<p>Le Milly est un <strong>canap\u00e9 lit b\u00e8b\u00e8 transformable peu encombrant<\/strong>: d&rsquo;abord un lit beb\u00e8 pour les b\u00e9b\u00e9s, puis un canap\u00e9 pour les chambres d&rsquo;enfants !<br \/>\nFabriqu\u00e9 en h\u00eatre massif, c&rsquo;est un <strong>lit b\u00e8b\u00e8 en bois<\/strong> extr\u00eamement s\u00fbr : le matelas inclus est un <strong>futon 100% coton<\/strong> avec un insert en latex (13 cm d&rsquo;\u00e9paisseur) et la <strong>barri\u00e8re lat\u00e9rale amovible<\/strong> est fix\u00e9e au lit par des blocs de bois.<\/p>\n","protected":false},"featured_media":2952,"comment_status":"closed","ping_status":"closed","template":"","meta":[],"product_brand":[],"product_cat":[184],"product_tag":[75],"class_list":{"0":"post-3582","1":"product","2":"type-product","3":"status-publish","4":"has-post-thumbnail","6":"product_cat-lit-bebe","7":"product_tag-sur-demande","9":"first","10":"outofstock","11":"taxable","12":"shipping-taxable","13":"product-type-simple"},"acf":[],"_links":{"self":[{"href":"https:\/\/shopcinius.com\/fr\/wp-json\/wp\/v2\/product\/3582","targetHints":{"allow":["GET"]}}],"collection":[{"href":"https:\/\/shopcinius.com\/fr\/wp-json\/wp\/v2\/product"}],"about":[{"href":"https:\/\/shopcinius.com\/fr\/wp-json\/wp\/v2\/types\/product"}],"replies":[{"embeddable":true,"href":"https:\/\/shopcinius.com\/fr\/wp-json\/wp\/v2\/comments?post=3582"}],"wp:featuredmedia":[{"embeddable":true,"href":"https:\/\/shopcinius.com\/fr\/wp-json\/wp\/v2\/media\/2952"}],"wp:attachment":[{"href":"https:\/\/shopcinius.com\/fr\/wp-json\/wp\/v2\/media?parent=3582"}],"wp:term":[{"taxonomy":"product_brand","embeddable":true,"href":"https:\/\/shopcinius.com\/fr\/wp-json\/wp\/v2\/product_brand?post=3582"},{"taxonomy":"product_cat","embeddable":true,"href":"https:\/\/shopcinius.com\/fr\/wp-json\/wp\/v2\/product_cat?post=3582"},{"taxonomy":"product_tag","embeddable":true,"href":"https:\/\/shopcinius.com\/fr\/wp-json\/wp\/v2\/product_tag?post=3582"}],"curies":[{"name":"wp","href":"https:\/\/api.w.org\/{rel}","templated":true}]}}