{"id":3584,"date":"2022-07-04T11:30:52","date_gmt":"2022-07-04T09:30:52","guid":{"rendered":"https:\/\/shopcinius.com\/prodotti\/non%20class\u00e9\/cuisine-sur-mesure\/"},"modified":"2022-11-21T14:12:57","modified_gmt":"2022-11-21T13:12:57","slug":"cuisine-sur-mesure","status":"publish","type":"product","link":"https:\/\/shopcinius.com\/fr\/produits\/cuisines\/cuisine-sur-mesure\/","title":{"rendered":"Cuisine sur mesure"},"content":{"rendered":"","protected":false},"excerpt":{"rendered":"<p>Chaque cuisine en bois Cinius est une <strong>cuisine 100% italienne<\/strong>: compos\u00e9e d&rsquo;<strong>\u00e9l\u00e9ments \u00e0 portes coulissantes et d&rsquo;\u00e9l\u00e9ments muraux<\/strong>, elle est <strong>uniquement<\/strong> disponible <strong>sur mesure<\/strong>.<br \/>\nR\u00e9alis\u00e9es en <strong>bois de h\u00eatre lamellaire massif<\/strong>, elles se caract\u00e9risent par le fait qu&rsquo;elles sont des cuisines modernes et design, parfaites si vous souhaitez une cuisine ouverte !<br \/>\nEn outre, ils se marient parfaitement avec des meubles modernes et fonctionnels : vous pouvez \u00e9galement demander que des unit\u00e9s individuelles ou des plans de cuisine soient <strong>fix\u00e9s \u00e0 des structures existantes<\/strong> (m\u00eame si elles sont en ma\u00e7onnerie ou en marbre).<\/p>\n<p>En raison des nombreuses variables qui influencent la conception d&rsquo;une cuisine, il est n\u00e9cessaire de se rendre dans l&rsquo;une des agences Cinius pour demander un devis gratuit et personnalis\u00e9.<\/p>\n<p>Cuisines Cinius, Cuisines modulaires int\u00e9gr\u00e9es en bois naturel.<\/p>\n<p>Les cuisines de Cinius sont con\u00e7ues de mani\u00e8re m\u00e9ticuleuse.<\/p>\n<p><strong>CARACT\u00c9RISTIQUES PRINCIPALES<\/strong><\/p>\n<ul>\n<li>Fabriqu\u00e9 en bois de h\u00eatre lamellaire massif<\/li>\n<li>Disponible en bois brut ou en diff\u00e9rentes couleurs<\/li>\n<li>Trait\u00e9s sur demande avec des huiles d&rsquo;impr\u00e9gnation naturelles.<\/li>\n<\/ul>\n","protected":false},"featured_media":2905,"comment_status":"closed","ping_status":"closed","template":"","meta":[],"product_brand":[],"product_cat":[122],"product_tag":[75],"class_list":{"0":"post-3584","1":"product","2":"type-product","3":"status-publish","4":"has-post-thumbnail","6":"product_cat-cuisines","7":"product_tag-sur-demande","9":"first","10":"outofstock","11":"taxable","12":"shipping-taxable","13":"product-type-simple"},"acf":[],"_links":{"self":[{"href":"https:\/\/shopcinius.com\/fr\/wp-json\/wp\/v2\/product\/3584","targetHints":{"allow":["GET"]}}],"collection":[{"href":"https:\/\/shopcinius.com\/fr\/wp-json\/wp\/v2\/product"}],"about":[{"href":"https:\/\/shopcinius.com\/fr\/wp-json\/wp\/v2\/types\/product"}],"replies":[{"embeddable":true,"href":"https:\/\/shopcinius.com\/fr\/wp-json\/wp\/v2\/comments?post=3584"}],"wp:featuredmedia":[{"embeddable":true,"href":"https:\/\/shopcinius.com\/fr\/wp-json\/wp\/v2\/media\/2905"}],"wp:attachment":[{"href":"https:\/\/shopcinius.com\/fr\/wp-json\/wp\/v2\/media?parent=3584"}],"wp:term":[{"taxonomy":"product_brand","embeddable":true,"href":"https:\/\/shopcinius.com\/fr\/wp-json\/wp\/v2\/product_brand?post=3584"},{"taxonomy":"product_cat","embeddable":true,"href":"https:\/\/shopcinius.com\/fr\/wp-json\/wp\/v2\/product_cat?post=3584"},{"taxonomy":"product_tag","embeddable":true,"href":"https:\/\/shopcinius.com\/fr\/wp-json\/wp\/v2\/product_tag?post=3584"}],"curies":[{"name":"wp","href":"https:\/\/api.w.org\/{rel}","templated":true}]}}