{"id":3586,"date":"2022-07-04T11:19:36","date_gmt":"2022-07-04T09:19:36","guid":{"rendered":"https:\/\/shopcinius.com\/prodotti\/non%20class\u00e9\/dressing-sur-mesure\/"},"modified":"2022-12-07T15:42:50","modified_gmt":"2022-12-07T14:42:50","slug":"dressing-sur-mesure","status":"publish","type":"product","link":"https:\/\/shopcinius.com\/fr\/produits\/penderies-de-type-walk-in\/dressing-sur-mesure\/","title":{"rendered":"Dressing sur mesure"},"content":{"rendered":"","protected":false},"excerpt":{"rendered":"<p><strong>Espace et confort dans un seul environnement<\/strong><br \/>\nL&rsquo;int\u00e9rieur de <strong>dressing<\/strong> Cinius est <strong>r\u00e9alis\u00e9 sur mesure<\/strong>, avec des colonnes de soutien et des \u00e9tag\u00e8res en bois, pour un excellent rapport qualit\u00e9-prix.<br \/>\nL&rsquo;utilisation de <a href=\"https:\/\/shopcinius.com\/prodotti\/pareti-scorrevoli\/ante-e-pareti-scorrevoli-shoji\/\">portes coulissantes Shoji<\/a> en fait \u00e9galement un dressing d&rsquo;angle parfait.<br \/>\nLes possibilit\u00e9s de personnalisation sont infinies :<\/p>\n<ul>\n<li>les portes coulissantes (et leurs rev\u00eatements) ;<\/li>\n<li>\u00e9tag\u00e8res ;<\/li>\n<li>les blocs-tiroirs ;<\/li>\n<li>des cintres ;<\/li>\n<li>armoires \u00e0 chaussures ;<\/li>\n<li>divers accessoires.<\/li>\n<\/ul>\n","protected":false},"featured_media":2901,"comment_status":"closed","ping_status":"closed","template":"","meta":[],"product_brand":[],"product_cat":[112],"product_tag":[75,301],"class_list":{"0":"post-3586","1":"product","2":"type-product","3":"status-publish","4":"has-post-thumbnail","6":"product_cat-penderies-de-type-walk-in","7":"product_tag-sur-demande","8":"product_tag-sicurezza-fr","10":"first","11":"outofstock","12":"taxable","13":"shipping-taxable","14":"product-type-simple"},"acf":[],"_links":{"self":[{"href":"https:\/\/shopcinius.com\/fr\/wp-json\/wp\/v2\/product\/3586","targetHints":{"allow":["GET"]}}],"collection":[{"href":"https:\/\/shopcinius.com\/fr\/wp-json\/wp\/v2\/product"}],"about":[{"href":"https:\/\/shopcinius.com\/fr\/wp-json\/wp\/v2\/types\/product"}],"replies":[{"embeddable":true,"href":"https:\/\/shopcinius.com\/fr\/wp-json\/wp\/v2\/comments?post=3586"}],"wp:featuredmedia":[{"embeddable":true,"href":"https:\/\/shopcinius.com\/fr\/wp-json\/wp\/v2\/media\/2901"}],"wp:attachment":[{"href":"https:\/\/shopcinius.com\/fr\/wp-json\/wp\/v2\/media?parent=3586"}],"wp:term":[{"taxonomy":"product_brand","embeddable":true,"href":"https:\/\/shopcinius.com\/fr\/wp-json\/wp\/v2\/product_brand?post=3586"},{"taxonomy":"product_cat","embeddable":true,"href":"https:\/\/shopcinius.com\/fr\/wp-json\/wp\/v2\/product_cat?post=3586"},{"taxonomy":"product_tag","embeddable":true,"href":"https:\/\/shopcinius.com\/fr\/wp-json\/wp\/v2\/product_tag?post=3586"}],"curies":[{"name":"wp","href":"https:\/\/api.w.org\/{rel}","templated":true}]}}