{"id":3619,"date":"2022-05-24T11:47:34","date_gmt":"2022-05-24T09:47:34","guid":{"rendered":"https:\/\/shopcinius.com\/prodotti\/non class\u00e9\/echelle-yen-120x120\/"},"modified":"2022-09-08T16:05:30","modified_gmt":"2022-09-08T14:05:30","slug":"echelle-yen-120x120","status":"publish","type":"product","link":"https:\/\/shopcinius.com\/fr\/produits\/echelles\/echelle-yen-120x120\/","title":{"rendered":"\u00c9chelle Yen 120&#215;120"},"content":{"rendered":"","protected":false},"excerpt":{"rendered":"<p>L&rsquo;\u00e9chelle Yen est une biblioth\u00e8que et une \u00e9chelle !<br \/>\nRecommand\u00e9 pour les mezzanines, il peut \u00eatre personnalis\u00e9 en ce qui concerne le nombre de marches, la profondeur, le nombre de tiroirs.<br \/>\n\u00c9galement disponibles au centim\u00e8tre pr\u00e8s, les dimensions standard sont les suivantes :<br \/>\n180 x 180 x d40 cm ;<br \/>\n180 x 180 x d60 cm ;<br \/>\n120 x 120 x d40 cm ;<br \/>\n120 x 120 x d60 cm.<\/p>\n<p>La main courante est facultative.<\/p>\n<p>Pour des raisons de s\u00e9curit\u00e9, Cinius recommande un montage mural.<\/p>\n","protected":false},"featured_media":5862,"comment_status":"closed","ping_status":"closed","template":"","meta":[],"product_brand":[],"product_cat":[100],"product_tag":[106,301],"class_list":{"0":"post-3619","1":"product","2":"type-product","3":"status-publish","4":"has-post-thumbnail","6":"product_cat-echelles","7":"product_tag-commencant-par","8":"product_tag-sicurezza-fr","10":"first","11":"onbackorder","12":"taxable","13":"shipping-taxable","14":"purchasable","15":"product-type-simple"},"acf":[],"_links":{"self":[{"href":"https:\/\/shopcinius.com\/fr\/wp-json\/wp\/v2\/product\/3619","targetHints":{"allow":["GET"]}}],"collection":[{"href":"https:\/\/shopcinius.com\/fr\/wp-json\/wp\/v2\/product"}],"about":[{"href":"https:\/\/shopcinius.com\/fr\/wp-json\/wp\/v2\/types\/product"}],"replies":[{"embeddable":true,"href":"https:\/\/shopcinius.com\/fr\/wp-json\/wp\/v2\/comments?post=3619"}],"wp:featuredmedia":[{"embeddable":true,"href":"https:\/\/shopcinius.com\/fr\/wp-json\/wp\/v2\/media\/5862"}],"wp:attachment":[{"href":"https:\/\/shopcinius.com\/fr\/wp-json\/wp\/v2\/media?parent=3619"}],"wp:term":[{"taxonomy":"product_brand","embeddable":true,"href":"https:\/\/shopcinius.com\/fr\/wp-json\/wp\/v2\/product_brand?post=3619"},{"taxonomy":"product_cat","embeddable":true,"href":"https:\/\/shopcinius.com\/fr\/wp-json\/wp\/v2\/product_cat?post=3619"},{"taxonomy":"product_tag","embeddable":true,"href":"https:\/\/shopcinius.com\/fr\/wp-json\/wp\/v2\/product_tag?post=3619"}],"curies":[{"name":"wp","href":"https:\/\/api.w.org\/{rel}","templated":true}]}}