{"id":3627,"date":"2022-01-10T14:51:05","date_gmt":"2022-01-10T13:51:05","guid":{"rendered":"https:\/\/shopcinius.com\/prodotti\/non%20class\u00e9\/lit-nokido-de-style-japonais-avec-tatami\/"},"modified":"2022-12-07T15:43:12","modified_gmt":"2022-12-07T14:43:12","slug":"lit-style-japonais-nokido-avec-tatami","status":"publish","type":"product","link":"https:\/\/shopcinius.com\/fr\/produits\/lits\/lit-style-japonais-nokido-avec-tatami\/","title":{"rendered":"Lit Nokido de style japonais avec Tatami"},"content":{"rendered":"<p>Disponible en bois naturel ou en diff\u00e9rentes couleurs. La hauteur totale avec un matelas de 15\/16 cm plac\u00e9 sur le tatami est d&rsquo;environ 29 cm. Peut \u00eatre combin\u00e9 avec deux types de tables de chevet : avec plateau en tatami, avec plateau en bois. T\u00eate de lit recommand\u00e9e : Futon rembourr\u00e9 en pur coton, avec housse amovible, disponible dans de nombreux coloris avec ou sans id\u00e9ogramme. Trait\u00e9s sur demande avec des huiles d&rsquo;impr\u00e9gnation naturelles. \u00c9galement disponible sur mesure.<\/p>\n","protected":false},"excerpt":{"rendered":"<p>Le lit Nokido en bois de pin scandinave est un lit bas en tatami de style japonais traditionnel qui s&rsquo;adapte parfaitement aux pi\u00e8ces \u00e0 plafond bas et aux greniers. Un choix id\u00e9al pour ceux qui font des meubles japonais la pi\u00e8ce ma\u00eetresse de leur chambre \u00e0 coucher !<\/p>\n","protected":false},"featured_media":5687,"comment_status":"closed","ping_status":"closed","template":"","meta":[],"product_brand":[],"product_cat":[128],"product_tag":[106],"class_list":{"0":"post-3627","1":"product","2":"type-product","3":"status-publish","4":"has-post-thumbnail","6":"product_cat-lits","7":"product_tag-commencant-par","8":"product_shipping_class-classe-a-fr-2","10":"first","11":"onbackorder","12":"taxable","13":"shipping-taxable","14":"purchasable","15":"product-type-simple"},"acf":[],"_links":{"self":[{"href":"https:\/\/shopcinius.com\/fr\/wp-json\/wp\/v2\/product\/3627","targetHints":{"allow":["GET"]}}],"collection":[{"href":"https:\/\/shopcinius.com\/fr\/wp-json\/wp\/v2\/product"}],"about":[{"href":"https:\/\/shopcinius.com\/fr\/wp-json\/wp\/v2\/types\/product"}],"replies":[{"embeddable":true,"href":"https:\/\/shopcinius.com\/fr\/wp-json\/wp\/v2\/comments?post=3627"}],"wp:featuredmedia":[{"embeddable":true,"href":"https:\/\/shopcinius.com\/fr\/wp-json\/wp\/v2\/media\/5687"}],"wp:attachment":[{"href":"https:\/\/shopcinius.com\/fr\/wp-json\/wp\/v2\/media?parent=3627"}],"wp:term":[{"taxonomy":"product_brand","embeddable":true,"href":"https:\/\/shopcinius.com\/fr\/wp-json\/wp\/v2\/product_brand?post=3627"},{"taxonomy":"product_cat","embeddable":true,"href":"https:\/\/shopcinius.com\/fr\/wp-json\/wp\/v2\/product_cat?post=3627"},{"taxonomy":"product_tag","embeddable":true,"href":"https:\/\/shopcinius.com\/fr\/wp-json\/wp\/v2\/product_tag?post=3627"}],"curies":[{"name":"wp","href":"https:\/\/api.w.org\/{rel}","templated":true}]}}