{"id":3629,"date":"2022-05-24T11:36:34","date_gmt":"2022-05-24T09:36:34","guid":{"rendered":"https:\/\/shopcinius.com\/prodotti\/non%20class\u00e9\/echelle\/"},"modified":"2022-09-08T16:55:24","modified_gmt":"2022-09-08T14:55:24","slug":"echelle","status":"publish","type":"product","link":"https:\/\/shopcinius.com\/fr\/produits\/echelles\/echelle\/","title":{"rendered":"\u00c9chelle"},"content":{"rendered":"","protected":false},"excerpt":{"rendered":"<p>Fabriqu\u00e9es <b>en bois de h\u00eatre<\/b>, les <b>\u00e9chelles<\/b> Cinius peuvent \u00e9galement \u00eatre fix\u00e9es:<\/p>\n<ul>\n<li>fixation avec supports en aluminium (inclinaison fixe), id\u00e9ale pour les hauteurs jusqu&rsquo;\u00e0 200 cm;<\/li>\n<li>accouplement \u00e0 dents en bois frais\u00e9 (inclinaison r\u00e9glable), id\u00e9al pour des hauteurs jusqu&rsquo;\u00e0 150 cm.<\/li>\n<\/ul>\n<p>Con\u00e7us pour les mezzanines, ils sont aussi parfaits avec des biblioth\u00e8ques murales!<\/p>\n<p>Mesures:<\/p>\n<ul>\n<li>Hauteur : personnalis\u00e9e<\/li>\n<li>Largeur : 40cm<\/li>\n<li>Bande de roulement : 8,5 cm<\/li>\n<\/ul>\n","protected":false},"featured_media":2649,"comment_status":"closed","ping_status":"closed","template":"","meta":[],"product_brand":[],"product_cat":[100],"product_tag":[106,301],"class_list":{"0":"post-3629","1":"product","2":"type-product","3":"status-publish","4":"has-post-thumbnail","6":"product_cat-echelles","7":"product_tag-commencant-par","8":"product_tag-sicurezza-fr","10":"first","11":"onbackorder","12":"taxable","13":"shipping-taxable","14":"purchasable","15":"product-type-simple"},"acf":[],"_links":{"self":[{"href":"https:\/\/shopcinius.com\/fr\/wp-json\/wp\/v2\/product\/3629","targetHints":{"allow":["GET"]}}],"collection":[{"href":"https:\/\/shopcinius.com\/fr\/wp-json\/wp\/v2\/product"}],"about":[{"href":"https:\/\/shopcinius.com\/fr\/wp-json\/wp\/v2\/types\/product"}],"replies":[{"embeddable":true,"href":"https:\/\/shopcinius.com\/fr\/wp-json\/wp\/v2\/comments?post=3629"}],"wp:featuredmedia":[{"embeddable":true,"href":"https:\/\/shopcinius.com\/fr\/wp-json\/wp\/v2\/media\/2649"}],"wp:attachment":[{"href":"https:\/\/shopcinius.com\/fr\/wp-json\/wp\/v2\/media?parent=3629"}],"wp:term":[{"taxonomy":"product_brand","embeddable":true,"href":"https:\/\/shopcinius.com\/fr\/wp-json\/wp\/v2\/product_brand?post=3629"},{"taxonomy":"product_cat","embeddable":true,"href":"https:\/\/shopcinius.com\/fr\/wp-json\/wp\/v2\/product_cat?post=3629"},{"taxonomy":"product_tag","embeddable":true,"href":"https:\/\/shopcinius.com\/fr\/wp-json\/wp\/v2\/product_tag?post=3629"}],"curies":[{"name":"wp","href":"https:\/\/api.w.org\/{rel}","templated":true}]}}