{"id":3631,"date":"2022-05-24T11:32:36","date_gmt":"2022-05-24T09:32:36","guid":{"rendered":"https:\/\/shopcinius.com\/prodotti\/non class\u00e9\/armoire-en-hetre-differentes-tailles\/"},"modified":"2025-11-15T16:36:47","modified_gmt":"2025-11-15T15:36:47","slug":"armoire-en-hetre-differentes-tailles","status":"publish","type":"product","link":"https:\/\/shopcinius.com\/fr\/produits\/penderies\/armoire-en-hetre-differentes-tailles\/","title":{"rendered":"Armoire en h\u00eatre (diff\u00e9rentes tailles)"},"content":{"rendered":"<p>Armoires \u00e0 portes coulissantes solides et fiables, les armoires en bois de h\u00eatre massif Cinius sont extr\u00eamement fonctionnelles : l&rsquo;utilisation des portes coulissantes Shoji allie la tradition des armoires japonaises et du mobilier contemporain.<br \/>\nLes portes coulissantes Shoji sans m\u00e9canismes sont extr\u00eamement silencieuses et coulissent bois sur bois : leur extr\u00eame l\u00e9g\u00e8ret\u00e9 \u00e9limine l&rsquo;usure, en effet elles coulent de mieux en mieux avec le temps qui passe!<br \/>\nDe plus, il n&rsquo;y a aucune fissure ni au-dessus ni en dessous : anti-poussi\u00e8re!<br \/>\nCe sont des meubles parfaits pour l&rsquo;ameublement \u00e9cologique : ils sont construits avec du bois europ\u00e9en et sans pi\u00e8ces m\u00e9talliques (Magnetic Free) avec une doublure en coton de couleur \u00e9cru. Pour les autres couvertures disponibles, demandez un devis personnalis\u00e9 gratuit.<\/p>\n","protected":false},"excerpt":{"rendered":"<p>2 portes, 2 \u00e9tag\u00e8res, 2 cintres<\/p>\n","protected":false},"featured_media":3021,"comment_status":"closed","ping_status":"closed","template":"","meta":[],"product_brand":[],"product_cat":[108],"product_tag":[106,301],"class_list":{"0":"post-3631","1":"product","2":"type-product","3":"status-publish","4":"has-post-thumbnail","6":"product_cat-penderies","7":"product_tag-commencant-par","8":"product_tag-sicurezza-fr","9":"product_shipping_class-classe-b-fr","11":"first","12":"onbackorder","13":"taxable","14":"shipping-taxable","15":"purchasable","16":"product-type-simple"},"acf":[],"_links":{"self":[{"href":"https:\/\/shopcinius.com\/fr\/wp-json\/wp\/v2\/product\/3631","targetHints":{"allow":["GET"]}}],"collection":[{"href":"https:\/\/shopcinius.com\/fr\/wp-json\/wp\/v2\/product"}],"about":[{"href":"https:\/\/shopcinius.com\/fr\/wp-json\/wp\/v2\/types\/product"}],"replies":[{"embeddable":true,"href":"https:\/\/shopcinius.com\/fr\/wp-json\/wp\/v2\/comments?post=3631"}],"wp:featuredmedia":[{"embeddable":true,"href":"https:\/\/shopcinius.com\/fr\/wp-json\/wp\/v2\/media\/3021"}],"wp:attachment":[{"href":"https:\/\/shopcinius.com\/fr\/wp-json\/wp\/v2\/media?parent=3631"}],"wp:term":[{"taxonomy":"product_brand","embeddable":true,"href":"https:\/\/shopcinius.com\/fr\/wp-json\/wp\/v2\/product_brand?post=3631"},{"taxonomy":"product_cat","embeddable":true,"href":"https:\/\/shopcinius.com\/fr\/wp-json\/wp\/v2\/product_cat?post=3631"},{"taxonomy":"product_tag","embeddable":true,"href":"https:\/\/shopcinius.com\/fr\/wp-json\/wp\/v2\/product_tag?post=3631"}],"curies":[{"name":"wp","href":"https:\/\/api.w.org\/{rel}","templated":true}]}}