{"id":3634,"date":"2022-05-24T11:05:11","date_gmt":"2022-05-24T09:05:11","guid":{"rendered":"https:\/\/shopcinius.com\/prodotti\/non%20class\u00e9\/armoire-en-epicea-differentes-tailles\/"},"modified":"2022-09-08T17:22:36","modified_gmt":"2022-09-08T15:22:36","slug":"armoire-en-epicea-differentes-tailles","status":"publish","type":"product","link":"https:\/\/shopcinius.com\/fr\/produits\/penderies\/armoire-en-epicea-differentes-tailles\/","title":{"rendered":"Armoire en \u00e9pic\u00e9a (diff\u00e9rentes tailles)"},"content":{"rendered":"<p>Armoires \u00e0 portes coulissantes solides et fiables, les armoires en sapin massif Cinius sont extr\u00eamement fonctionnelles : l&rsquo;utilisation des portes coulissantes Shoji (en h\u00eatre) allie la tradition des armoires japonaises et du mobilier contemporain.<br \/>\nLes portes coulissantes Shoji sans m\u00e9canismes sont extr\u00eamement silencieuses et coulissent bois sur bois : leur extr\u00eame l\u00e9g\u00e8ret\u00e9 \u00e9limine l&rsquo;usure, en effet elles coulent de mieux en mieux avec le temps qui passe!<br \/>\nDe plus, il n&rsquo;y a aucune fissure ni au-dessus ni en dessous : anti-poussi\u00e8re!<br \/>\nCe sont des meubles parfaits pour un meuble \u00e9cologique : ils sont construits avec du bois europ\u00e9en et sans pi\u00e8ces m\u00e9talliques (Magnetic Free), avec une doublure en coton de couleur Ecru. Pour d&rsquo;autres housses pour portes coulissantes japonaises Shoji, demandez un devis gratuit.<\/p>\n","protected":false},"excerpt":{"rendered":"<p>4 portes, 4 \u00e9tag\u00e8res, 8 cintres<\/p>\n","protected":false},"featured_media":2918,"comment_status":"closed","ping_status":"closed","template":"","meta":[],"product_brand":[],"product_cat":[108],"product_tag":[106,301],"class_list":{"0":"post-3634","1":"product","2":"type-product","3":"status-publish","4":"has-post-thumbnail","6":"product_cat-penderies","7":"product_tag-commencant-par","8":"product_tag-sicurezza-fr","9":"product_shipping_class-classe-b-fr","11":"first","12":"onbackorder","13":"taxable","14":"shipping-taxable","15":"purchasable","16":"product-type-simple"},"acf":[],"_links":{"self":[{"href":"https:\/\/shopcinius.com\/fr\/wp-json\/wp\/v2\/product\/3634","targetHints":{"allow":["GET"]}}],"collection":[{"href":"https:\/\/shopcinius.com\/fr\/wp-json\/wp\/v2\/product"}],"about":[{"href":"https:\/\/shopcinius.com\/fr\/wp-json\/wp\/v2\/types\/product"}],"replies":[{"embeddable":true,"href":"https:\/\/shopcinius.com\/fr\/wp-json\/wp\/v2\/comments?post=3634"}],"wp:featuredmedia":[{"embeddable":true,"href":"https:\/\/shopcinius.com\/fr\/wp-json\/wp\/v2\/media\/2918"}],"wp:attachment":[{"href":"https:\/\/shopcinius.com\/fr\/wp-json\/wp\/v2\/media?parent=3634"}],"wp:term":[{"taxonomy":"product_brand","embeddable":true,"href":"https:\/\/shopcinius.com\/fr\/wp-json\/wp\/v2\/product_brand?post=3634"},{"taxonomy":"product_cat","embeddable":true,"href":"https:\/\/shopcinius.com\/fr\/wp-json\/wp\/v2\/product_cat?post=3634"},{"taxonomy":"product_tag","embeddable":true,"href":"https:\/\/shopcinius.com\/fr\/wp-json\/wp\/v2\/product_tag?post=3634"}],"curies":[{"name":"wp","href":"https:\/\/api.w.org\/{rel}","templated":true}]}}