{"id":3641,"date":"2022-05-23T18:04:26","date_gmt":"2022-05-23T16:04:26","guid":{"rendered":"https:\/\/shopcinius.com\/prodotti\/non class\u00e9\/tete-de-lit-slim\/"},"modified":"2022-09-08T17:41:00","modified_gmt":"2022-09-08T15:41:00","slug":"tete-de-lit-slim","status":"publish","type":"product","link":"https:\/\/shopcinius.com\/fr\/produits\/tetes-de-lit\/tete-de-lit-slim\/","title":{"rendered":"T\u00eate de lit SLIM"},"content":{"rendered":"","protected":false},"excerpt":{"rendered":"<p>La t\u00eate de lit Slim se compose d&rsquo;une \u00e9tag\u00e8re pratique et spacieuse qui permet d&rsquo;augmenter l&rsquo;espace d\u00e9j\u00e0 offert par le compartiment du pied de lit.<br \/>\nDans la version T\u00eate inclin\u00e9e Slim \u00e0 deux portes et t\u00eate Slim Vertical.<br \/>\nEncombrement : largeur de lit + 80cm, h 90cm<\/p>\n","protected":false},"featured_media":4304,"comment_status":"closed","ping_status":"closed","template":"","meta":[],"product_brand":[],"product_cat":[158],"product_tag":[106],"class_list":{"0":"post-3641","1":"product","2":"type-product","3":"status-publish","4":"has-post-thumbnail","6":"product_cat-tetes-de-lit","7":"product_tag-commencant-par","8":"product_shipping_class-classe-m-fr","10":"first","11":"onbackorder","12":"taxable","13":"shipping-taxable","14":"purchasable","15":"product-type-simple"},"acf":[],"_links":{"self":[{"href":"https:\/\/shopcinius.com\/fr\/wp-json\/wp\/v2\/product\/3641","targetHints":{"allow":["GET"]}}],"collection":[{"href":"https:\/\/shopcinius.com\/fr\/wp-json\/wp\/v2\/product"}],"about":[{"href":"https:\/\/shopcinius.com\/fr\/wp-json\/wp\/v2\/types\/product"}],"replies":[{"embeddable":true,"href":"https:\/\/shopcinius.com\/fr\/wp-json\/wp\/v2\/comments?post=3641"}],"wp:featuredmedia":[{"embeddable":true,"href":"https:\/\/shopcinius.com\/fr\/wp-json\/wp\/v2\/media\/4304"}],"wp:attachment":[{"href":"https:\/\/shopcinius.com\/fr\/wp-json\/wp\/v2\/media?parent=3641"}],"wp:term":[{"taxonomy":"product_brand","embeddable":true,"href":"https:\/\/shopcinius.com\/fr\/wp-json\/wp\/v2\/product_brand?post=3641"},{"taxonomy":"product_cat","embeddable":true,"href":"https:\/\/shopcinius.com\/fr\/wp-json\/wp\/v2\/product_cat?post=3641"},{"taxonomy":"product_tag","embeddable":true,"href":"https:\/\/shopcinius.com\/fr\/wp-json\/wp\/v2\/product_tag?post=3641"}],"curies":[{"name":"wp","href":"https:\/\/api.w.org\/{rel}","templated":true}]}}