{"id":3647,"date":"2022-05-23T17:57:55","date_gmt":"2022-05-23T15:57:55","guid":{"rendered":"https:\/\/shopcinius.com\/prodotti\/non class\u00e9\/tete-de-lit-comodo\/"},"modified":"2022-09-08T17:57:28","modified_gmt":"2022-09-08T15:57:28","slug":"tete-de-lit-comodo","status":"publish","type":"product","link":"https:\/\/shopcinius.com\/fr\/produits\/tetes-de-lit\/tete-de-lit-comodo\/","title":{"rendered":"T\u00eate de lit COMODO"},"content":{"rendered":"","protected":false},"excerpt":{"rendered":"<p>Les t\u00eates de lit en bois massif Cinius sont solides et polyvalentes, parfaites pour un d\u00e9cor moderne.<br \/>\nChaque lit est \u00e9quip\u00e9 de sa t\u00eate de lit sp\u00e9cifique (incluse uniquement si sp\u00e9cifi\u00e9e), mais nous proposons des mod\u00e8les adapt\u00e9s aux lits autres que Cinius.<br \/>\nT\u00eate de lit \u00ab\u00a0App\u00a0\u00bb, suspendue au mur et con\u00e7ue pour les lits bas.<br \/>\nPossibilit\u00e9 d&rsquo;accrochage au mur (avec vis)<\/p>\n","protected":false},"featured_media":4307,"comment_status":"closed","ping_status":"closed","template":"","meta":[],"product_brand":[],"product_cat":[158],"product_tag":[106,301],"class_list":{"0":"post-3647","1":"product","2":"type-product","3":"status-publish","4":"has-post-thumbnail","6":"product_cat-tetes-de-lit","7":"product_tag-commencant-par","8":"product_tag-sicurezza-fr","9":"product_shipping_class-classe-m-fr","11":"first","12":"onbackorder","13":"taxable","14":"shipping-taxable","15":"purchasable","16":"product-type-simple"},"acf":[],"_links":{"self":[{"href":"https:\/\/shopcinius.com\/fr\/wp-json\/wp\/v2\/product\/3647","targetHints":{"allow":["GET"]}}],"collection":[{"href":"https:\/\/shopcinius.com\/fr\/wp-json\/wp\/v2\/product"}],"about":[{"href":"https:\/\/shopcinius.com\/fr\/wp-json\/wp\/v2\/types\/product"}],"replies":[{"embeddable":true,"href":"https:\/\/shopcinius.com\/fr\/wp-json\/wp\/v2\/comments?post=3647"}],"wp:featuredmedia":[{"embeddable":true,"href":"https:\/\/shopcinius.com\/fr\/wp-json\/wp\/v2\/media\/4307"}],"wp:attachment":[{"href":"https:\/\/shopcinius.com\/fr\/wp-json\/wp\/v2\/media?parent=3647"}],"wp:term":[{"taxonomy":"product_brand","embeddable":true,"href":"https:\/\/shopcinius.com\/fr\/wp-json\/wp\/v2\/product_brand?post=3647"},{"taxonomy":"product_cat","embeddable":true,"href":"https:\/\/shopcinius.com\/fr\/wp-json\/wp\/v2\/product_cat?post=3647"},{"taxonomy":"product_tag","embeddable":true,"href":"https:\/\/shopcinius.com\/fr\/wp-json\/wp\/v2\/product_tag?post=3647"}],"curies":[{"name":"wp","href":"https:\/\/api.w.org\/{rel}","templated":true}]}}