{"id":3649,"date":"2022-05-23T18:07:31","date_gmt":"2022-05-23T16:07:31","guid":{"rendered":"https:\/\/shopcinius.com\/prodotti\/non class\u00e9\/tete-de-lit-trapezio\/"},"modified":"2022-09-08T18:03:43","modified_gmt":"2022-09-08T16:03:43","slug":"tete-de-lit-trapezio","status":"publish","type":"product","link":"https:\/\/shopcinius.com\/fr\/produits\/tetes-de-lit\/tete-de-lit-trapezio\/","title":{"rendered":"T\u00eate de lit TRAPEZIO"},"content":{"rendered":"","protected":false},"excerpt":{"rendered":"<p>T\u00eate de lit en bois \u00e0 combiner avec Libroletto.<\/p>\n","protected":false},"featured_media":2625,"comment_status":"closed","ping_status":"closed","template":"","meta":[],"product_brand":[],"product_cat":[158],"product_tag":[106],"class_list":{"0":"post-3649","1":"product","2":"type-product","3":"status-publish","4":"has-post-thumbnail","6":"product_cat-tetes-de-lit","7":"product_tag-commencant-par","8":"product_shipping_class-classe-m-fr","10":"first","11":"onbackorder","12":"taxable","13":"shipping-taxable","14":"purchasable","15":"product-type-simple"},"acf":[],"_links":{"self":[{"href":"https:\/\/shopcinius.com\/fr\/wp-json\/wp\/v2\/product\/3649","targetHints":{"allow":["GET"]}}],"collection":[{"href":"https:\/\/shopcinius.com\/fr\/wp-json\/wp\/v2\/product"}],"about":[{"href":"https:\/\/shopcinius.com\/fr\/wp-json\/wp\/v2\/types\/product"}],"replies":[{"embeddable":true,"href":"https:\/\/shopcinius.com\/fr\/wp-json\/wp\/v2\/comments?post=3649"}],"wp:featuredmedia":[{"embeddable":true,"href":"https:\/\/shopcinius.com\/fr\/wp-json\/wp\/v2\/media\/2625"}],"wp:attachment":[{"href":"https:\/\/shopcinius.com\/fr\/wp-json\/wp\/v2\/media?parent=3649"}],"wp:term":[{"taxonomy":"product_brand","embeddable":true,"href":"https:\/\/shopcinius.com\/fr\/wp-json\/wp\/v2\/product_brand?post=3649"},{"taxonomy":"product_cat","embeddable":true,"href":"https:\/\/shopcinius.com\/fr\/wp-json\/wp\/v2\/product_cat?post=3649"},{"taxonomy":"product_tag","embeddable":true,"href":"https:\/\/shopcinius.com\/fr\/wp-json\/wp\/v2\/product_tag?post=3649"}],"curies":[{"name":"wp","href":"https:\/\/api.w.org\/{rel}","templated":true}]}}