{"id":3655,"date":"2022-05-23T17:49:54","date_gmt":"2022-05-23T15:49:54","guid":{"rendered":"https:\/\/shopcinius.com\/prodotti\/non class\u00e9\/tete-de-lit-kibo\/"},"modified":"2022-09-08T18:11:56","modified_gmt":"2022-09-08T16:11:56","slug":"tete-de-lit-kibo","status":"publish","type":"product","link":"https:\/\/shopcinius.com\/fr\/produits\/tetes-de-lit\/tete-de-lit-kibo\/","title":{"rendered":"T\u00eate de lit KIBO"},"content":{"rendered":"","protected":false},"excerpt":{"rendered":"<p>Compos\u00e9e d\u2019une mince dalle de bois massif inclin\u00e9e qui met en \u00e9vidence les veines du h\u00eatre<\/p>\n","protected":false},"featured_media":4316,"comment_status":"closed","ping_status":"closed","template":"","meta":[],"product_brand":[],"product_cat":[158],"product_tag":[106],"class_list":{"0":"post-3655","1":"product","2":"type-product","3":"status-publish","4":"has-post-thumbnail","6":"product_cat-tetes-de-lit","7":"product_tag-commencant-par","8":"product_shipping_class-classe-m-fr","10":"first","11":"onbackorder","12":"taxable","13":"shipping-taxable","14":"purchasable","15":"product-type-simple"},"acf":[],"_links":{"self":[{"href":"https:\/\/shopcinius.com\/fr\/wp-json\/wp\/v2\/product\/3655","targetHints":{"allow":["GET"]}}],"collection":[{"href":"https:\/\/shopcinius.com\/fr\/wp-json\/wp\/v2\/product"}],"about":[{"href":"https:\/\/shopcinius.com\/fr\/wp-json\/wp\/v2\/types\/product"}],"replies":[{"embeddable":true,"href":"https:\/\/shopcinius.com\/fr\/wp-json\/wp\/v2\/comments?post=3655"}],"wp:featuredmedia":[{"embeddable":true,"href":"https:\/\/shopcinius.com\/fr\/wp-json\/wp\/v2\/media\/4316"}],"wp:attachment":[{"href":"https:\/\/shopcinius.com\/fr\/wp-json\/wp\/v2\/media?parent=3655"}],"wp:term":[{"taxonomy":"product_brand","embeddable":true,"href":"https:\/\/shopcinius.com\/fr\/wp-json\/wp\/v2\/product_brand?post=3655"},{"taxonomy":"product_cat","embeddable":true,"href":"https:\/\/shopcinius.com\/fr\/wp-json\/wp\/v2\/product_cat?post=3655"},{"taxonomy":"product_tag","embeddable":true,"href":"https:\/\/shopcinius.com\/fr\/wp-json\/wp\/v2\/product_tag?post=3655"}],"curies":[{"name":"wp","href":"https:\/\/api.w.org\/{rel}","templated":true}]}}