{"id":3661,"date":"2022-05-23T17:43:13","date_gmt":"2022-05-23T15:43:13","guid":{"rendered":"https:\/\/shopcinius.com\/prodotti\/non%20class\u00e9\/tete-de-lit-futon-ecru-et-noir\/"},"modified":"2024-07-29T10:57:51","modified_gmt":"2024-07-29T08:57:51","slug":"tete-de-lit-futon-ecru-et-noir","status":"publish","type":"product","link":"https:\/\/shopcinius.com\/fr\/produits\/tetes-de-lit\/tete-de-lit-futon-ecru-et-noir\/","title":{"rendered":"T\u00eate de lit FUTON &#8211; \u00c9cru avec des passants noires"},"content":{"rendered":"<p data-sourcepos=\"3:1-3:148\">La <strong>t\u00eate de lit Futon Cinius<\/strong> est un meuble unique et original, qui allie le charme du style oriental au confort du matelas futon.<\/p>\n<p data-sourcepos=\"5:1-5:200\"><strong>Fabriqu\u00e9 en 100% coton<\/strong> et rembourr\u00e9 avec des housses de coton card\u00e9, le futon est doux et confortable, id\u00e9al pour se d\u00e9tendre et reposer sa t\u00eate pendant la lecture ou la visualisation d\u2019un film.<\/p>\n<p data-sourcepos=\"7:1-7:225\">La <strong>structure de support est en bois de bambou<\/strong> et garantit robustesse et stabilit\u00e9.<\/p>\n<p data-sourcepos=\"9:1-9:150\"><strong>Une large gamme de couleurs et de motifs<\/strong> permet de personnaliser la t\u00eate de lit Futon en fonction de votre go\u00fbt et de la d\u00e9coration de la chambre.<\/p>\n<p data-sourcepos=\"11:1-11:85\"><strong>La t\u00eate de lit Futon Cinius est facile \u00e0 fixer au mur <\/strong>gr\u00e2ce aux crochets fournis.<\/p>\n<p data-sourcepos=\"13:1-13:56\"><strong>Voici quelques-uns des avantages de la t\u00eate de lit Futon Cinius:<\/strong><\/p>\n<ul data-sourcepos=\"15:1-22:0\">\n<li data-sourcepos=\"15:1-15:39\"><strong>Style oriental unique et original<\/strong><\/li>\n<li data-sourcepos=\"16:1-16:46\"><strong>Confort et douceur du matelas futon<\/strong><\/li>\n<li data-sourcepos=\"17:1-17:71\"><strong>Fabriqu\u00e9 en 100% coton et rembourr\u00e9 avec des jupes en coton card\u00e9<\/strong><\/li>\n<li data-sourcepos=\"18:1-18:50\"><strong>Structure int\u00e9rieure en bois de bambou<\/strong><\/li>\n<li data-sourcepos=\"20:1-20:38\"><strong>Large gamme de couleurs et de motifs<\/strong><\/li>\n<li data-sourcepos=\"21:1-22:0\"><strong>Facile \u00e0 fixer au mur<\/strong><\/li>\n<\/ul>\n<p data-sourcepos=\"23:1-23:141\"><strong>Si vous cherchez une t\u00eate de lit qui soit un v\u00e9ritable \u00e9l\u00e9ment de design et de confort, la t\u00eate de lit Futon Cinius est le choix id\u00e9al pour vous.<\/strong><\/p>\n","protected":false},"excerpt":{"rendered":"<p>La t\u00eate de lit Futon est un matelas futon mince qui peut \u00eatre accroch\u00e9 au mur comme une vraie t\u00eate de lit! La structure interne est 100% coton dispos\u00e9 en plis, et non en flocons. Adapt\u00e9e \u00e0 tous les types de lit, elle est disponible avec ou sans id\u00e9ogrammes (72 id\u00e9ogrammes possibles). Largeur environ 165cm et hauteur (y compris les passants) environ 80cm<br \/>La t\u00eate de lit comprend une structure en bambou et des crochets de fixation.<\/p>\n","protected":false},"featured_media":7879,"comment_status":"closed","ping_status":"closed","template":"","meta":[],"product_brand":[],"product_cat":[158],"product_tag":[106],"class_list":{"0":"post-3661","1":"product","2":"type-product","3":"status-publish","4":"has-post-thumbnail","6":"product_cat-tetes-de-lit","7":"product_tag-commencant-par","8":"product_shipping_class-classe-m-fr","10":"first","11":"instock","12":"taxable","13":"shipping-taxable","14":"purchasable","15":"product-type-simple"},"acf":[],"_links":{"self":[{"href":"https:\/\/shopcinius.com\/fr\/wp-json\/wp\/v2\/product\/3661","targetHints":{"allow":["GET"]}}],"collection":[{"href":"https:\/\/shopcinius.com\/fr\/wp-json\/wp\/v2\/product"}],"about":[{"href":"https:\/\/shopcinius.com\/fr\/wp-json\/wp\/v2\/types\/product"}],"replies":[{"embeddable":true,"href":"https:\/\/shopcinius.com\/fr\/wp-json\/wp\/v2\/comments?post=3661"}],"wp:featuredmedia":[{"embeddable":true,"href":"https:\/\/shopcinius.com\/fr\/wp-json\/wp\/v2\/media\/7879"}],"wp:attachment":[{"href":"https:\/\/shopcinius.com\/fr\/wp-json\/wp\/v2\/media?parent=3661"}],"wp:term":[{"taxonomy":"product_brand","embeddable":true,"href":"https:\/\/shopcinius.com\/fr\/wp-json\/wp\/v2\/product_brand?post=3661"},{"taxonomy":"product_cat","embeddable":true,"href":"https:\/\/shopcinius.com\/fr\/wp-json\/wp\/v2\/product_cat?post=3661"},{"taxonomy":"product_tag","embeddable":true,"href":"https:\/\/shopcinius.com\/fr\/wp-json\/wp\/v2\/product_tag?post=3661"}],"curies":[{"name":"wp","href":"https:\/\/api.w.org\/{rel}","templated":true}]}}