{"id":3668,"date":"2022-01-30T20:18:48","date_gmt":"2022-01-30T19:18:48","guid":{"rendered":"https:\/\/shopcinius.com\/prodotti\/non class\u00e9\/lit-comodo-sl\/"},"modified":"2022-09-09T10:47:12","modified_gmt":"2022-09-09T08:47:12","slug":"lit-comodo-sl","status":"publish","type":"product","link":"https:\/\/shopcinius.com\/fr\/produits\/lits\/lit-comodo-sl\/","title":{"rendered":"Lit Comodo Sl"},"content":{"rendered":"<p>Lit peu encombrant en bois de h\u00eatre massif lamell\u00e9. Disponible en bois naturel ou en diff\u00e9rentes couleurs. Lumi\u00e8re (espace disponible) sous le lit : 19cm. T\u00eate de lit recommand\u00e9e: \u00ab\u00a0Comodo\u00a0\u00bb ou \u00ab\u00a0Kibo\u00a0\u00bb Trait\u00e9s sur demande avec des huiles d&rsquo;impr\u00e9gnation naturelles. \u00c9galement disponible sur mesure.<\/p>\n","protected":false},"excerpt":{"rendered":"<p>Le lit Comodo-SL est un lit peu encombrant dot\u00e9 d&rsquo;un second lit escamotable, fabriqu\u00e9 en h\u00eatre massif. S\u00fbr, fiable et fonctionnel : le Comodo-SL est le lit d&rsquo;enfant id\u00e9al!<\/p>\n","protected":false},"featured_media":4193,"comment_status":"open","ping_status":"closed","template":"","meta":[],"product_brand":[],"product_cat":[128],"product_tag":[106],"class_list":{"0":"post-3668","1":"product","2":"type-product","3":"status-publish","4":"has-post-thumbnail","6":"product_cat-lits","7":"product_tag-commencant-par","8":"product_shipping_class-classe-a-fr-2","10":"first","11":"onbackorder","12":"taxable","13":"shipping-taxable","14":"purchasable","15":"product-type-simple"},"acf":[],"_links":{"self":[{"href":"https:\/\/shopcinius.com\/fr\/wp-json\/wp\/v2\/product\/3668","targetHints":{"allow":["GET"]}}],"collection":[{"href":"https:\/\/shopcinius.com\/fr\/wp-json\/wp\/v2\/product"}],"about":[{"href":"https:\/\/shopcinius.com\/fr\/wp-json\/wp\/v2\/types\/product"}],"replies":[{"embeddable":true,"href":"https:\/\/shopcinius.com\/fr\/wp-json\/wp\/v2\/comments?post=3668"}],"wp:featuredmedia":[{"embeddable":true,"href":"https:\/\/shopcinius.com\/fr\/wp-json\/wp\/v2\/media\/4193"}],"wp:attachment":[{"href":"https:\/\/shopcinius.com\/fr\/wp-json\/wp\/v2\/media?parent=3668"}],"wp:term":[{"taxonomy":"product_brand","embeddable":true,"href":"https:\/\/shopcinius.com\/fr\/wp-json\/wp\/v2\/product_brand?post=3668"},{"taxonomy":"product_cat","embeddable":true,"href":"https:\/\/shopcinius.com\/fr\/wp-json\/wp\/v2\/product_cat?post=3668"},{"taxonomy":"product_tag","embeddable":true,"href":"https:\/\/shopcinius.com\/fr\/wp-json\/wp\/v2\/product_tag?post=3668"}],"curies":[{"name":"wp","href":"https:\/\/api.w.org\/{rel}","templated":true}]}}