{"id":3683,"date":"2022-04-22T13:05:16","date_gmt":"2022-04-22T11:05:16","guid":{"rendered":"https:\/\/shopcinius.com\/prodotti\/non class\u00e9\/bibliotheque-zig-zag\/"},"modified":"2022-09-09T10:59:48","modified_gmt":"2022-09-09T08:59:48","slug":"librairie-zig-zag","status":"publish","type":"product","link":"https:\/\/shopcinius.com\/fr\/produits\/bibliotheques\/librairie-zig-zag\/","title":{"rendered":"Biblioth\u00e8que ZIG-ZAG"},"content":{"rendered":"<p>La biblioth\u00e8que en h\u00eatre massif selon Cinius est une biblioth\u00e8que en bois personnalisable.<br \/>\nLa biblioth\u00e8que Zig Zag est une biblioth\u00e8que en bois simple et discr\u00e8te, mais d\u00e9finitivement fiable !<br \/>\nDisponible en plusieurs mod\u00e8les standard ou sur mesure au centim\u00e8tre pr\u00e8s.<\/p>\n","protected":false},"excerpt":{"rendered":"<p>La biblioth\u00e8que en h\u00eatre massif selon Cinius est une biblioth\u00e8que en bois personnalisable.<br \/>\nLa biblioth\u00e8que Zig Zag est une biblioth\u00e8que en bois simple et discr\u00e8te, mais d\u00e9finitivement fiable !<br \/>\nDisponible en plusieurs mod\u00e8les standard ou sur mesure au centim\u00e8tre pr\u00e8s.<\/p>\n","protected":false},"featured_media":1914,"comment_status":"closed","ping_status":"closed","template":"","meta":[],"product_brand":[],"product_cat":[134],"product_tag":[106],"class_list":{"0":"post-3683","1":"product","2":"type-product","3":"status-publish","4":"has-post-thumbnail","6":"product_cat-bibliotheques","7":"product_tag-commencant-par","8":"product_shipping_class-classe-b-fr","10":"first","11":"onbackorder","12":"taxable","13":"shipping-taxable","14":"purchasable","15":"product-type-simple"},"acf":[],"_links":{"self":[{"href":"https:\/\/shopcinius.com\/fr\/wp-json\/wp\/v2\/product\/3683","targetHints":{"allow":["GET"]}}],"collection":[{"href":"https:\/\/shopcinius.com\/fr\/wp-json\/wp\/v2\/product"}],"about":[{"href":"https:\/\/shopcinius.com\/fr\/wp-json\/wp\/v2\/types\/product"}],"replies":[{"embeddable":true,"href":"https:\/\/shopcinius.com\/fr\/wp-json\/wp\/v2\/comments?post=3683"}],"wp:featuredmedia":[{"embeddable":true,"href":"https:\/\/shopcinius.com\/fr\/wp-json\/wp\/v2\/media\/1914"}],"wp:attachment":[{"href":"https:\/\/shopcinius.com\/fr\/wp-json\/wp\/v2\/media?parent=3683"}],"wp:term":[{"taxonomy":"product_brand","embeddable":true,"href":"https:\/\/shopcinius.com\/fr\/wp-json\/wp\/v2\/product_brand?post=3683"},{"taxonomy":"product_cat","embeddable":true,"href":"https:\/\/shopcinius.com\/fr\/wp-json\/wp\/v2\/product_cat?post=3683"},{"taxonomy":"product_tag","embeddable":true,"href":"https:\/\/shopcinius.com\/fr\/wp-json\/wp\/v2\/product_tag?post=3683"}],"curies":[{"name":"wp","href":"https:\/\/api.w.org\/{rel}","templated":true}]}}