{"id":3692,"date":"2022-04-22T13:13:44","date_gmt":"2022-04-22T11:13:44","guid":{"rendered":"https:\/\/shopcinius.com\/prodotti\/non class\u00e9\/bibliotheque-haru-b\/"},"modified":"2022-09-09T11:05:23","modified_gmt":"2022-09-09T09:05:23","slug":"bibliotheque-haru-b","status":"publish","type":"product","link":"https:\/\/shopcinius.com\/fr\/produits\/bibliotheques\/bibliotheque-haru-b\/","title":{"rendered":"Biblioth\u00e8que HARU-B"},"content":{"rendered":"<p>La biblioth\u00e8que en h\u00eatre massif selon Cinius est une biblioth\u00e8que en bois personnalisable.<br \/>\nLa biblioth\u00e8que Haru-B est \u00e9quip\u00e9e d&rsquo;une porte coulissante Shoji (2 sur demande) et peut devenir un meuble TV parfait !<br \/>\n\u00c9galement disponible sur mesure au centim\u00e8tre pr\u00e8s, demandez un devis pour votre biblioth\u00e8que sur mesure.<\/p>\n","protected":false},"excerpt":{"rendered":"<p>Biblioth\u00e8que \u00ab\u00a0Haru-B\u00a0\u00bb avec 2 tiroirs et 2 portes coulissantes.<\/p>\n","protected":false},"featured_media":4386,"comment_status":"closed","ping_status":"closed","template":"","meta":[],"product_brand":[],"product_cat":[134],"product_tag":[75,106,301],"class_list":{"0":"post-3692","1":"product","2":"type-product","3":"status-publish","4":"has-post-thumbnail","6":"product_cat-bibliotheques","7":"product_tag-sur-demande","8":"product_tag-commencant-par","9":"product_tag-sicurezza-fr","10":"product_shipping_class-classe-b-fr","12":"first","13":"outofstock","14":"sale","15":"taxable","16":"shipping-taxable","17":"purchasable","18":"product-type-simple"},"acf":[],"_links":{"self":[{"href":"https:\/\/shopcinius.com\/fr\/wp-json\/wp\/v2\/product\/3692","targetHints":{"allow":["GET"]}}],"collection":[{"href":"https:\/\/shopcinius.com\/fr\/wp-json\/wp\/v2\/product"}],"about":[{"href":"https:\/\/shopcinius.com\/fr\/wp-json\/wp\/v2\/types\/product"}],"replies":[{"embeddable":true,"href":"https:\/\/shopcinius.com\/fr\/wp-json\/wp\/v2\/comments?post=3692"}],"wp:featuredmedia":[{"embeddable":true,"href":"https:\/\/shopcinius.com\/fr\/wp-json\/wp\/v2\/media\/4386"}],"wp:attachment":[{"href":"https:\/\/shopcinius.com\/fr\/wp-json\/wp\/v2\/media?parent=3692"}],"wp:term":[{"taxonomy":"product_brand","embeddable":true,"href":"https:\/\/shopcinius.com\/fr\/wp-json\/wp\/v2\/product_brand?post=3692"},{"taxonomy":"product_cat","embeddable":true,"href":"https:\/\/shopcinius.com\/fr\/wp-json\/wp\/v2\/product_cat?post=3692"},{"taxonomy":"product_tag","embeddable":true,"href":"https:\/\/shopcinius.com\/fr\/wp-json\/wp\/v2\/product_tag?post=3692"}],"curies":[{"name":"wp","href":"https:\/\/api.w.org\/{rel}","templated":true}]}}