{"id":3701,"date":"2022-04-22T13:37:56","date_gmt":"2022-04-22T11:37:56","guid":{"rendered":"https:\/\/shopcinius.com\/prodotti\/non class\u00e9\/librairie-mosca\/"},"modified":"2022-09-09T11:09:26","modified_gmt":"2022-09-09T09:09:26","slug":"bibliotheque-moscou","status":"publish","type":"product","link":"https:\/\/shopcinius.com\/fr\/produits\/bibliotheques\/bibliotheque-moscou\/","title":{"rendered":"Librairie MOSCA"},"content":{"rendered":"<p>Librairie \u00ab\u00a0Mosca\u00a0\u00bb<br \/>\nLa biblioth\u00e8que en h\u00eatre massif selon Cinius est une biblioth\u00e8que en bois personnalisable.<br \/>\nLa biblioth\u00e8que Mosca peut \u00eatre \u00e9quip\u00e9e de portes coulissantes et de tiroirs Shoji.<br \/>\n\u00c9galement disponible sur mesure, les dimensions standard sont les suivantes :<br \/>\nLargeur : 200cm<br \/>\nHauteur : 200 cm<br \/>\nProfondeur : 30cm<br \/>\n\u00c9paisseur du bois : 19 mm<\/p>\n","protected":false},"excerpt":{"rendered":"<p>Librairie \u00ab\u00a0Mosca\u00a0\u00bb La biblioth\u00e8que en h\u00eatre massif selon Cinius est une biblioth\u00e8que en bois personnalisable. La biblioth\u00e8que Mosca peut \u00eatre \u00e9quip\u00e9e de portes coulissantes et de tiroirs Shoji. \u00c9galement disponible sur mesure, les dimensions standard sont les suivantes : Largeur : 200cm Hauteur : 200 cm Profondeur : 30cm \u00c9paisseur du bois : 19 mm<\/p>\n","protected":false},"featured_media":1964,"comment_status":"closed","ping_status":"closed","template":"","meta":[],"product_brand":[],"product_cat":[134],"product_tag":[75,106,301],"class_list":{"0":"post-3701","1":"product","2":"type-product","3":"status-publish","4":"has-post-thumbnail","6":"product_cat-bibliotheques","7":"product_tag-sur-demande","8":"product_tag-commencant-par","9":"product_tag-sicurezza-fr","10":"product_shipping_class-classe-b-fr","12":"first","13":"outofstock","14":"taxable","15":"shipping-taxable","16":"purchasable","17":"product-type-simple"},"acf":[],"_links":{"self":[{"href":"https:\/\/shopcinius.com\/fr\/wp-json\/wp\/v2\/product\/3701","targetHints":{"allow":["GET"]}}],"collection":[{"href":"https:\/\/shopcinius.com\/fr\/wp-json\/wp\/v2\/product"}],"about":[{"href":"https:\/\/shopcinius.com\/fr\/wp-json\/wp\/v2\/types\/product"}],"replies":[{"embeddable":true,"href":"https:\/\/shopcinius.com\/fr\/wp-json\/wp\/v2\/comments?post=3701"}],"wp:featuredmedia":[{"embeddable":true,"href":"https:\/\/shopcinius.com\/fr\/wp-json\/wp\/v2\/media\/1964"}],"wp:attachment":[{"href":"https:\/\/shopcinius.com\/fr\/wp-json\/wp\/v2\/media?parent=3701"}],"wp:term":[{"taxonomy":"product_brand","embeddable":true,"href":"https:\/\/shopcinius.com\/fr\/wp-json\/wp\/v2\/product_brand?post=3701"},{"taxonomy":"product_cat","embeddable":true,"href":"https:\/\/shopcinius.com\/fr\/wp-json\/wp\/v2\/product_cat?post=3701"},{"taxonomy":"product_tag","embeddable":true,"href":"https:\/\/shopcinius.com\/fr\/wp-json\/wp\/v2\/product_tag?post=3701"}],"curies":[{"name":"wp","href":"https:\/\/api.w.org\/{rel}","templated":true}]}}