{"id":3706,"date":"2022-01-30T20:18:48","date_gmt":"2022-01-30T19:18:48","guid":{"rendered":"https:\/\/shopcinius.com\/prodotti\/non class\u00e9\/lit-comodo\/"},"modified":"2025-08-14T12:37:38","modified_gmt":"2025-08-14T10:37:38","slug":"lit-comodo","status":"publish","type":"product","link":"https:\/\/shopcinius.com\/fr\/produits\/lits\/lit-comodo\/","title":{"rendered":"Lit Comodo"},"content":{"rendered":"<p>Lit peu encombrant en bois de h\u00eatre massif lamell\u00e9. Disponible en bois naturel ou en diff\u00e9rentes couleurs. Tiroirs lat\u00e9raux (en option) coulissant sur roulettes. Lit gigogne (en option, uniquement pour une personne). Lumi\u00e8re (espace disponible) sous le lit : 19cm. T\u00eate de lit recommand\u00e9e: \u00ab\u00a0Comodo\u00a0\u00bb ou \u00ab\u00a0Kibo\u00a0\u00bb Trait\u00e9s sur demande avec des huiles d&rsquo;impr\u00e9gnation naturelles. \u00c9galement disponible sur mesure.<\/p>\n","protected":false},"excerpt":{"rendered":"<p>Le lit peu encombrant selon Cinius : lit confortable avec tiroirs coulissants sous le lit sur roulettes. Comodo est un lit de conteneurs hautement personnalisable :<br \/>\navec ou sans tiroirs;<br \/>\navec ou sans tables de chevet ;<br \/>\navec ou sans t\u00eate de lit<br \/>\nEn outre, le lit Comodo est pr\u00e9par\u00e9 pour les lattes de lit qui peuvent \u00eatre d\u00e9roul\u00e9es (en retrait de 6 cm) et pour les tatamis, qui sont la meilleure solution pour r\u00e9soudre le probl\u00e8me de la poussi\u00e8re dans les tiroirs. La variante Comodo-SL avec un deuxi\u00e8me lit escamotable au lieu des tiroirs est \u00e9galement disponible (uniquement dans la version Single).<\/p>\n","protected":false},"featured_media":4176,"comment_status":"open","ping_status":"closed","template":"","meta":[],"product_brand":[],"product_cat":[128],"product_tag":[106],"class_list":{"0":"post-3706","1":"product","2":"type-product","3":"status-publish","4":"has-post-thumbnail","6":"product_cat-lits","7":"product_tag-commencant-par","8":"product_shipping_class-classe-a-fr-2","10":"first","11":"onbackorder","12":"taxable","13":"shipping-taxable","14":"purchasable","15":"product-type-simple"},"acf":[],"_links":{"self":[{"href":"https:\/\/shopcinius.com\/fr\/wp-json\/wp\/v2\/product\/3706","targetHints":{"allow":["GET"]}}],"collection":[{"href":"https:\/\/shopcinius.com\/fr\/wp-json\/wp\/v2\/product"}],"about":[{"href":"https:\/\/shopcinius.com\/fr\/wp-json\/wp\/v2\/types\/product"}],"replies":[{"embeddable":true,"href":"https:\/\/shopcinius.com\/fr\/wp-json\/wp\/v2\/comments?post=3706"}],"wp:featuredmedia":[{"embeddable":true,"href":"https:\/\/shopcinius.com\/fr\/wp-json\/wp\/v2\/media\/4176"}],"wp:attachment":[{"href":"https:\/\/shopcinius.com\/fr\/wp-json\/wp\/v2\/media?parent=3706"}],"wp:term":[{"taxonomy":"product_brand","embeddable":true,"href":"https:\/\/shopcinius.com\/fr\/wp-json\/wp\/v2\/product_brand?post=3706"},{"taxonomy":"product_cat","embeddable":true,"href":"https:\/\/shopcinius.com\/fr\/wp-json\/wp\/v2\/product_cat?post=3706"},{"taxonomy":"product_tag","embeddable":true,"href":"https:\/\/shopcinius.com\/fr\/wp-json\/wp\/v2\/product_tag?post=3706"}],"curies":[{"name":"wp","href":"https:\/\/api.w.org\/{rel}","templated":true}]}}