{"id":3709,"date":"2022-04-22T13:46:23","date_gmt":"2022-04-22T11:46:23","guid":{"rendered":"https:\/\/shopcinius.com\/prodotti\/non class\u00e9\/bibliotheque-haru-c\/"},"modified":"2022-09-09T11:13:32","modified_gmt":"2022-09-09T09:13:32","slug":"bibliotheque-haru-c","status":"publish","type":"product","link":"https:\/\/shopcinius.com\/fr\/produits\/bibliotheques\/bibliotheque-haru-c\/","title":{"rendered":"Biblioth\u00e8que HARU-C"},"content":{"rendered":"<p>La biblioth\u00e8que <b>en h\u00eatre massif<\/b> selon Cinius est une biblioth\u00e8que en bois personnalisable.<br \/>\nLa <b>biblioth\u00e8que Haru-C<\/b> est \u00e9quip\u00e9e d&rsquo;une <b>porte coulissante Shoji<\/b> et de 2 tiroirs et peut devenir un meuble TV parfait !<br \/>\n\u00c9galement <b>disponible sur mesure<\/b>, les dimensions standard sont les suivantes :<\/p>\n<ul>\n<li>Largeur : 250cm\/300cm<\/li>\n<li>Hauteur : 250cm\/270cm<\/li>\n<li>Profondeur : 30cm<\/li>\n<li>Cabinet : 50cm<\/li>\n<li>\u00c9paisseur du bois : 19 mm<\/li>\n<\/ul>\n","protected":false},"excerpt":{"rendered":"<p>La biblioth\u00e8que en h\u00eatre massif selon Cinius est une biblioth\u00e8que en bois personnalisable. La biblioth\u00e8que Haru-C est \u00e9quip\u00e9e d&rsquo;une porte coulissante Shoji et de 2 tiroirs et peut devenir un meuble TV parfait ! \u00c9galement disponible sur mesure, les dimensions standard sont les suivantes : Largeur : 250cm\/300cm Hauteur : 250cm\/270cm Profondeur : 30cm Cabinet [&hellip;]<\/p>\n","protected":false},"featured_media":4380,"comment_status":"closed","ping_status":"closed","template":"","meta":[],"product_brand":[],"product_cat":[134],"product_tag":[75,106,301],"class_list":{"0":"post-3709","1":"product","2":"type-product","3":"status-publish","4":"has-post-thumbnail","6":"product_cat-bibliotheques","7":"product_tag-sur-demande","8":"product_tag-commencant-par","9":"product_tag-sicurezza-fr","10":"product_shipping_class-classe-b-fr","12":"first","13":"outofstock","14":"sale","15":"taxable","16":"shipping-taxable","17":"purchasable","18":"product-type-simple"},"acf":[],"_links":{"self":[{"href":"https:\/\/shopcinius.com\/fr\/wp-json\/wp\/v2\/product\/3709","targetHints":{"allow":["GET"]}}],"collection":[{"href":"https:\/\/shopcinius.com\/fr\/wp-json\/wp\/v2\/product"}],"about":[{"href":"https:\/\/shopcinius.com\/fr\/wp-json\/wp\/v2\/types\/product"}],"replies":[{"embeddable":true,"href":"https:\/\/shopcinius.com\/fr\/wp-json\/wp\/v2\/comments?post=3709"}],"wp:featuredmedia":[{"embeddable":true,"href":"https:\/\/shopcinius.com\/fr\/wp-json\/wp\/v2\/media\/4380"}],"wp:attachment":[{"href":"https:\/\/shopcinius.com\/fr\/wp-json\/wp\/v2\/media?parent=3709"}],"wp:term":[{"taxonomy":"product_brand","embeddable":true,"href":"https:\/\/shopcinius.com\/fr\/wp-json\/wp\/v2\/product_brand?post=3709"},{"taxonomy":"product_cat","embeddable":true,"href":"https:\/\/shopcinius.com\/fr\/wp-json\/wp\/v2\/product_cat?post=3709"},{"taxonomy":"product_tag","embeddable":true,"href":"https:\/\/shopcinius.com\/fr\/wp-json\/wp\/v2\/product_tag?post=3709"}],"curies":[{"name":"wp","href":"https:\/\/api.w.org\/{rel}","templated":true}]}}