{"id":3720,"date":"2022-04-22T14:01:33","date_gmt":"2022-04-22T12:01:33","guid":{"rendered":"https:\/\/shopcinius.com\/prodotti\/non class\u00e9\/bibliotheque-yuki\/"},"modified":"2022-09-09T11:24:39","modified_gmt":"2022-09-09T09:24:39","slug":"bibliotheque-yuki","status":"publish","type":"product","link":"https:\/\/shopcinius.com\/fr\/produits\/bibliotheques\/bibliotheque-yuki\/","title":{"rendered":"Biblioth\u00e8que Yuki"},"content":{"rendered":"<p>La biblioth\u00e8que <b>en h\u00eatre massif<\/b> selon Cinius est une biblioth\u00e8que en bois personnalisable.<br \/>\nLa <b>biblioth\u00e8que Yuki<\/b> est <b>exclusivement fabriqu\u00e9e sur mesure<\/b> et est parfaite pour les grandes pi\u00e8ces !<\/p>\n","protected":false},"excerpt":{"rendered":"<p>La biblioth\u00e8que en h\u00eatre massif selon Cinius est une biblioth\u00e8que en bois personnalisable. La biblioth\u00e8que Yuki est exclusivement fabriqu\u00e9e sur mesure et est parfaite pour les grandes pi\u00e8ces !<\/p>\n","protected":false},"featured_media":2039,"comment_status":"closed","ping_status":"closed","template":"","meta":[],"product_brand":[],"product_cat":[134],"product_tag":[75,106,301],"class_list":{"0":"post-3720","1":"product","2":"type-product","3":"status-publish","4":"has-post-thumbnail","6":"product_cat-bibliotheques","7":"product_tag-sur-demande","8":"product_tag-commencant-par","9":"product_tag-sicurezza-fr","10":"product_shipping_class-classe-b-fr","12":"first","13":"outofstock","14":"taxable","15":"shipping-taxable","16":"purchasable","17":"product-type-simple"},"acf":[],"_links":{"self":[{"href":"https:\/\/shopcinius.com\/fr\/wp-json\/wp\/v2\/product\/3720","targetHints":{"allow":["GET"]}}],"collection":[{"href":"https:\/\/shopcinius.com\/fr\/wp-json\/wp\/v2\/product"}],"about":[{"href":"https:\/\/shopcinius.com\/fr\/wp-json\/wp\/v2\/types\/product"}],"replies":[{"embeddable":true,"href":"https:\/\/shopcinius.com\/fr\/wp-json\/wp\/v2\/comments?post=3720"}],"wp:featuredmedia":[{"embeddable":true,"href":"https:\/\/shopcinius.com\/fr\/wp-json\/wp\/v2\/media\/2039"}],"wp:attachment":[{"href":"https:\/\/shopcinius.com\/fr\/wp-json\/wp\/v2\/media?parent=3720"}],"wp:term":[{"taxonomy":"product_brand","embeddable":true,"href":"https:\/\/shopcinius.com\/fr\/wp-json\/wp\/v2\/product_brand?post=3720"},{"taxonomy":"product_cat","embeddable":true,"href":"https:\/\/shopcinius.com\/fr\/wp-json\/wp\/v2\/product_cat?post=3720"},{"taxonomy":"product_tag","embeddable":true,"href":"https:\/\/shopcinius.com\/fr\/wp-json\/wp\/v2\/product_tag?post=3720"}],"curies":[{"name":"wp","href":"https:\/\/api.w.org\/{rel}","templated":true}]}}