{"id":3725,"date":"2022-01-30T20:18:47","date_gmt":"2022-01-30T19:18:47","guid":{"rendered":"https:\/\/shopcinius.com\/prodotti\/non class\u00e9\/lit-dojo-h\/"},"modified":"2022-09-09T11:41:31","modified_gmt":"2022-09-09T09:41:31","slug":"lit-dojo-h","status":"publish","type":"product","link":"https:\/\/shopcinius.com\/fr\/produits\/lits\/lit-dojo-h\/","title":{"rendered":"Lit Dojo H"},"content":{"rendered":"<p>Lit japonais en h\u00eatre massif lamell\u00e9.<br \/>\nEnti\u00e8rement embo\u00eetable, sans pi\u00e8ces m\u00e9talliques (Magnetic Free).<br \/>\nDisponible en bois naturel ou en diff\u00e9rentes couleurs.<br \/>\nPour mettre en valeur le tatami, nous sugg\u00e9rons des matelas dont la taille est inf\u00e9rieure \u00e0 celle de la structure.<br \/>\nSi elle est plac\u00e9e pr\u00e8s du mur, elle peut \u00eatre combin\u00e9e avec la &lsquo;t\u00eate de lit Futon&rsquo;, qui est fix\u00e9e au mur par deux crochets en laiton.<br \/>\nTrait\u00e9s sur demande avec des huiles d&rsquo;impr\u00e9gnation naturelles.<br \/>\n\u00c9galement disponible sur mesure.<\/p>\n","protected":false},"excerpt":{"rendered":"<p>Variante du lit Dojo classique, le lit Dojo H est sur\u00e9lev\u00e9 sur des pieds de 10 cm (ou sur mesure).<br \/>\nParfait pour un int\u00e9rieur contemporain, o\u00f9 le traditionnel rencontre le moderne!<br \/>\nSi l&rsquo;on choisit un cadre de lit beaucoup plus large que le matelas, on peut se passer des tables de chevet et mettre en valeur les tatamis (plac\u00e9s sur un cadre \u00e0 lattes).<\/p>\n","protected":false},"featured_media":4183,"comment_status":"open","ping_status":"closed","template":"","meta":[],"product_brand":[],"product_cat":[128],"product_tag":[106],"class_list":{"0":"post-3725","1":"product","2":"type-product","3":"status-publish","4":"has-post-thumbnail","6":"product_cat-lits","7":"product_tag-commencant-par","8":"product_shipping_class-classe-a-fr-2","10":"first","11":"onbackorder","12":"taxable","13":"shipping-taxable","14":"purchasable","15":"product-type-simple"},"acf":[],"_links":{"self":[{"href":"https:\/\/shopcinius.com\/fr\/wp-json\/wp\/v2\/product\/3725","targetHints":{"allow":["GET"]}}],"collection":[{"href":"https:\/\/shopcinius.com\/fr\/wp-json\/wp\/v2\/product"}],"about":[{"href":"https:\/\/shopcinius.com\/fr\/wp-json\/wp\/v2\/types\/product"}],"replies":[{"embeddable":true,"href":"https:\/\/shopcinius.com\/fr\/wp-json\/wp\/v2\/comments?post=3725"}],"wp:featuredmedia":[{"embeddable":true,"href":"https:\/\/shopcinius.com\/fr\/wp-json\/wp\/v2\/media\/4183"}],"wp:attachment":[{"href":"https:\/\/shopcinius.com\/fr\/wp-json\/wp\/v2\/media?parent=3725"}],"wp:term":[{"taxonomy":"product_brand","embeddable":true,"href":"https:\/\/shopcinius.com\/fr\/wp-json\/wp\/v2\/product_brand?post=3725"},{"taxonomy":"product_cat","embeddable":true,"href":"https:\/\/shopcinius.com\/fr\/wp-json\/wp\/v2\/product_cat?post=3725"},{"taxonomy":"product_tag","embeddable":true,"href":"https:\/\/shopcinius.com\/fr\/wp-json\/wp\/v2\/product_tag?post=3725"}],"curies":[{"name":"wp","href":"https:\/\/api.w.org\/{rel}","templated":true}]}}