{"id":3731,"date":"2022-04-22T13:39:35","date_gmt":"2022-04-22T11:39:35","guid":{"rendered":"https:\/\/shopcinius.com\/prodotti\/non class\u00e9\/bibliotheque-vertical\/"},"modified":"2022-09-09T11:56:12","modified_gmt":"2022-09-09T09:56:12","slug":"bibliotheque-vertical","status":"publish","type":"product","link":"https:\/\/shopcinius.com\/fr\/produits\/bibliotheques\/bibliotheque-vertical\/","title":{"rendered":"Biblioth\u00e8que VERTICAL"},"content":{"rendered":"<p>La <b>biblioth\u00e8que Vertical<\/b> est une biblioth\u00e8que personnalisable et sur mesure en <b>bois de h\u00eatre massif<\/b>.<br \/>\nLa <b>biblioth\u00e8que Vertical<\/b> est une biblioth\u00e8que en bois simple et discr\u00e8te, mais d\u00e9finitivement fiable !<br \/>\nCette biblioth\u00e8que est id\u00e9ale pour cr\u00e9er des solutions d\u2019ameublement dans les maisons avec des toits ou des plafonds irr\u00e9guliers, inclin\u00e9s ou mansard\u00e9s.<br \/>\nLa <b>biblioth\u00e8que Vertical<\/b> est fabriqu\u00e9e sans plateau et s&rsquo;adapte donc facilement \u00e0 tous les plafonds.<br \/>\nLes \u00e9tag\u00e8res de cette solution sont \u00e0 hauteur variable.<br \/>\nDisponible en plusieurs mod\u00e8les standard ou <b>sur mesure<\/b> au centim\u00e8tre pr\u00e8s.<\/p>\n","protected":false},"excerpt":{"rendered":"<p>La biblioth\u00e8que Vertical est une biblioth\u00e8que personnalisable et sur mesure en bois de h\u00eatre massif. La biblioth\u00e8que Vertical est une biblioth\u00e8que en bois simple et discr\u00e8te, mais d\u00e9finitivement fiable ! Cette biblioth\u00e8que est id\u00e9ale pour cr\u00e9er des solutions d\u2019ameublement dans les maisons avec des toits ou des plafonds irr\u00e9guliers, inclin\u00e9s ou mansard\u00e9s. La biblioth\u00e8que Vertical [&hellip;]<\/p>\n","protected":false},"featured_media":4383,"comment_status":"closed","ping_status":"closed","template":"","meta":[],"product_brand":[],"product_cat":[134],"product_tag":[75,106,301],"class_list":{"0":"post-3731","1":"product","2":"type-product","3":"status-publish","4":"has-post-thumbnail","6":"product_cat-bibliotheques","7":"product_tag-sur-demande","8":"product_tag-commencant-par","9":"product_tag-sicurezza-fr","10":"product_shipping_class-classe-b-fr","12":"first","13":"outofstock","14":"taxable","15":"shipping-taxable","16":"purchasable","17":"product-type-simple"},"acf":[],"_links":{"self":[{"href":"https:\/\/shopcinius.com\/fr\/wp-json\/wp\/v2\/product\/3731","targetHints":{"allow":["GET"]}}],"collection":[{"href":"https:\/\/shopcinius.com\/fr\/wp-json\/wp\/v2\/product"}],"about":[{"href":"https:\/\/shopcinius.com\/fr\/wp-json\/wp\/v2\/types\/product"}],"replies":[{"embeddable":true,"href":"https:\/\/shopcinius.com\/fr\/wp-json\/wp\/v2\/comments?post=3731"}],"wp:featuredmedia":[{"embeddable":true,"href":"https:\/\/shopcinius.com\/fr\/wp-json\/wp\/v2\/media\/4383"}],"wp:attachment":[{"href":"https:\/\/shopcinius.com\/fr\/wp-json\/wp\/v2\/media?parent=3731"}],"wp:term":[{"taxonomy":"product_brand","embeddable":true,"href":"https:\/\/shopcinius.com\/fr\/wp-json\/wp\/v2\/product_brand?post=3731"},{"taxonomy":"product_cat","embeddable":true,"href":"https:\/\/shopcinius.com\/fr\/wp-json\/wp\/v2\/product_cat?post=3731"},{"taxonomy":"product_tag","embeddable":true,"href":"https:\/\/shopcinius.com\/fr\/wp-json\/wp\/v2\/product_tag?post=3731"}],"curies":[{"name":"wp","href":"https:\/\/api.w.org\/{rel}","templated":true}]}}