{"id":3733,"date":"2022-04-22T13:49:32","date_gmt":"2022-04-22T11:49:32","guid":{"rendered":"https:\/\/shopcinius.com\/prodotti\/non class\u00e9\/vitrine-de-tris\/"},"modified":"2022-09-09T12:07:27","modified_gmt":"2022-09-09T10:07:27","slug":"vitrine-tris","status":"publish","type":"product","link":"https:\/\/shopcinius.com\/fr\/produits\/bibliotheques\/vitrine-tris\/","title":{"rendered":"Vitrine de Tris"},"content":{"rendered":"<p>La vitrine est un meuble dot\u00e9 de portes ou de portes en verre ou en bois et d\u2019\u00e9tag\u00e8res en nombre variable, construit pour contenir et exposer des objets et des bibelots.<br \/>\nLa vitrine ou vitrine <b>en bois massif de h\u00eatre<\/b> selon Cinius est un meuble sur mesure, en bois, personnalisable.<br \/>\nLa <b>Vitrine Tris<\/b> est r\u00e9alis\u00e9e <b>sur mesure<\/b> au centim\u00e8tre.<\/p>\n","protected":false},"excerpt":{"rendered":"<p>La vitrine est un meuble dot\u00e9 de portes ou de portes en verre ou en bois et d\u2019\u00e9tag\u00e8res en nombre variable, construit pour contenir et exposer des objets et des bibelots. La vitrine ou vitrine en bois massif de h\u00eatre selon Cinius est un meuble sur mesure, en bois, personnalisable. La Vitrine Tris est r\u00e9alis\u00e9e [&hellip;]<\/p>\n","protected":false},"featured_media":4377,"comment_status":"closed","ping_status":"closed","template":"","meta":[],"product_brand":[],"product_cat":[134],"product_tag":[75,301],"class_list":{"0":"post-3733","1":"product","2":"type-product","3":"status-publish","4":"has-post-thumbnail","6":"product_cat-bibliotheques","7":"product_tag-sur-demande","8":"product_tag-sicurezza-fr","9":"product_shipping_class-classe-b-fr","11":"first","12":"outofstock","13":"taxable","14":"shipping-taxable","15":"product-type-simple"},"acf":[],"_links":{"self":[{"href":"https:\/\/shopcinius.com\/fr\/wp-json\/wp\/v2\/product\/3733","targetHints":{"allow":["GET"]}}],"collection":[{"href":"https:\/\/shopcinius.com\/fr\/wp-json\/wp\/v2\/product"}],"about":[{"href":"https:\/\/shopcinius.com\/fr\/wp-json\/wp\/v2\/types\/product"}],"replies":[{"embeddable":true,"href":"https:\/\/shopcinius.com\/fr\/wp-json\/wp\/v2\/comments?post=3733"}],"wp:featuredmedia":[{"embeddable":true,"href":"https:\/\/shopcinius.com\/fr\/wp-json\/wp\/v2\/media\/4377"}],"wp:attachment":[{"href":"https:\/\/shopcinius.com\/fr\/wp-json\/wp\/v2\/media?parent=3733"}],"wp:term":[{"taxonomy":"product_brand","embeddable":true,"href":"https:\/\/shopcinius.com\/fr\/wp-json\/wp\/v2\/product_brand?post=3733"},{"taxonomy":"product_cat","embeddable":true,"href":"https:\/\/shopcinius.com\/fr\/wp-json\/wp\/v2\/product_cat?post=3733"},{"taxonomy":"product_tag","embeddable":true,"href":"https:\/\/shopcinius.com\/fr\/wp-json\/wp\/v2\/product_tag?post=3733"}],"curies":[{"name":"wp","href":"https:\/\/api.w.org\/{rel}","templated":true}]}}