{"id":3734,"date":"2022-01-14T14:51:53","date_gmt":"2022-01-14T13:51:53","guid":{"rendered":"https:\/\/shopcinius.com\/prodotti\/non class\u00e9\/lit-dojo-de-style-japonais-avec-tatami\/"},"modified":"2022-09-09T12:08:20","modified_gmt":"2022-09-09T10:08:20","slug":"lit-style-japonais-dojo-avec-tatami","status":"publish","type":"product","link":"https:\/\/shopcinius.com\/fr\/produits\/lits\/lit-style-japonais-dojo-avec-tatami\/","title":{"rendered":"Lit DOJO de style japonais avec Tatami"},"content":{"rendered":"<p>Lit japonais en h\u00eatre massif lamellaire<br \/>\nCompl\u00e8tement encastr\u00e9, sans pi\u00e8ces m\u00e9talliques (Magnetic Free)<br \/>\nDisponible en bois brut ou en diff\u00e9rentes couleurs<br \/>\nPour mettre en valeur le tatami, nous sugg\u00e9rons des matelas dont la taille est inf\u00e9rieure \u00e0 celle de la structure.<br \/>\nSi elle est plac\u00e9e pr\u00e8s du mur, elle peut \u00eatre combin\u00e9e avec la &lsquo;t\u00eate de lit Futon\u00a0\u00bb, qui est fix\u00e9e au mur avec deux crochets en laiton.<br \/>\nTrait\u00e9s sur demande avec des huiles d&rsquo;impr\u00e9gnation naturelles.<br \/>\n\u00c9galement disponible sur mesure<\/p>\n","protected":false},"excerpt":{"rendered":"<p>Lit \u00e0 plate-forme basse avec tatami de style japonais, le lit Dojo est traditionnel.<br \/>\nAvec son cadre en bois de h\u00eatre massif stratifi\u00e9, sans pi\u00e8ces m\u00e9talliques (Magnetic Free), c&rsquo;est un meuble \u00e9cologique et design. Le structure du lit peut \u00e9galement \u00eatre beaucoup plus large que le matelas, ce qui permet de se passer de tables de chevet et de mettre en valeur le tatami (pos\u00e9 sur un sommier \u00e0 lattes).<br \/>\nLa variante Dojo H est \u00e9galement disponible, avec des pieds de 10cm (ou sur mesure).<\/p>\n","protected":false},"featured_media":4446,"comment_status":"closed","ping_status":"closed","template":"","meta":[],"product_brand":[],"product_cat":[128],"product_tag":[106],"class_list":{"0":"post-3734","1":"product","2":"type-product","3":"status-publish","4":"has-post-thumbnail","6":"product_cat-lits","7":"product_tag-commencant-par","8":"product_shipping_class-classe-a-fr-2","10":"first","11":"onbackorder","12":"taxable","13":"shipping-taxable","14":"purchasable","15":"product-type-simple"},"acf":[],"_links":{"self":[{"href":"https:\/\/shopcinius.com\/fr\/wp-json\/wp\/v2\/product\/3734","targetHints":{"allow":["GET"]}}],"collection":[{"href":"https:\/\/shopcinius.com\/fr\/wp-json\/wp\/v2\/product"}],"about":[{"href":"https:\/\/shopcinius.com\/fr\/wp-json\/wp\/v2\/types\/product"}],"replies":[{"embeddable":true,"href":"https:\/\/shopcinius.com\/fr\/wp-json\/wp\/v2\/comments?post=3734"}],"wp:featuredmedia":[{"embeddable":true,"href":"https:\/\/shopcinius.com\/fr\/wp-json\/wp\/v2\/media\/4446"}],"wp:attachment":[{"href":"https:\/\/shopcinius.com\/fr\/wp-json\/wp\/v2\/media?parent=3734"}],"wp:term":[{"taxonomy":"product_brand","embeddable":true,"href":"https:\/\/shopcinius.com\/fr\/wp-json\/wp\/v2\/product_brand?post=3734"},{"taxonomy":"product_cat","embeddable":true,"href":"https:\/\/shopcinius.com\/fr\/wp-json\/wp\/v2\/product_cat?post=3734"},{"taxonomy":"product_tag","embeddable":true,"href":"https:\/\/shopcinius.com\/fr\/wp-json\/wp\/v2\/product_tag?post=3734"}],"curies":[{"name":"wp","href":"https:\/\/api.w.org\/{rel}","templated":true}]}}