{"id":3739,"date":"2022-05-23T12:26:38","date_gmt":"2022-05-23T10:26:38","guid":{"rendered":"https:\/\/shopcinius.com\/prodotti\/non class\u00e9\/arca\/"},"modified":"2022-09-09T12:19:16","modified_gmt":"2022-09-09T10:19:16","slug":"arca-2","status":"publish","type":"product","link":"https:\/\/shopcinius.com\/fr\/produits\/penderies\/arca-2\/","title":{"rendered":"Arca"},"content":{"rendered":"<h3>Armoire en h\u00eatre massif avec portes coulissantes<\/h3>\n<p>L&rsquo;A<b>rmoire Arca<\/b> se caract\u00e9rise par des lignes douces et arrondies mais dissimule une capacit\u00e9 non n\u00e9gligeable.<br \/>\nToutes les armoires Cinius sont extr\u00eamement fonctionnelles : l&rsquo;utilisation de <b>portes coulissantes Shoji<\/b> combine la tradition des armoires japonaises et le mobilier contemporain.<\/p>\n<p>Les portes coulissantes Shoji sans m\u00e9canismes sont <b>extr\u00eamement silencieuses<\/b> et coulissent bois sur bois : leur extr\u00eame l\u00e9g\u00e8ret\u00e9 \u00e9limine l&rsquo;usure, en effet elles coulent de mieux en mieux avec le temps qui passe!<\/p>\n","protected":false},"excerpt":{"rendered":"<p>Armoire en h\u00eatre massif avec portes coulissantes L&rsquo;Armoire Arca se caract\u00e9rise par des lignes douces et arrondies mais dissimule une capacit\u00e9 non n\u00e9gligeable. Toutes les armoires Cinius sont extr\u00eamement fonctionnelles : l&rsquo;utilisation de portes coulissantes Shoji combine la tradition des armoires japonaises et le mobilier contemporain. Les portes coulissantes Shoji sans m\u00e9canismes sont extr\u00eamement silencieuses [&hellip;]<\/p>\n","protected":false},"featured_media":3027,"comment_status":"closed","ping_status":"closed","template":"","meta":[],"product_brand":[],"product_cat":[108],"product_tag":[75,106,301],"class_list":{"0":"post-3739","1":"product","2":"type-product","3":"status-publish","4":"has-post-thumbnail","6":"product_cat-penderies","7":"product_tag-sur-demande","8":"product_tag-commencant-par","9":"product_tag-sicurezza-fr","10":"product_shipping_class-classe-b-fr","12":"first","13":"outofstock","14":"taxable","15":"shipping-taxable","16":"purchasable","17":"product-type-simple"},"acf":[],"_links":{"self":[{"href":"https:\/\/shopcinius.com\/fr\/wp-json\/wp\/v2\/product\/3739","targetHints":{"allow":["GET"]}}],"collection":[{"href":"https:\/\/shopcinius.com\/fr\/wp-json\/wp\/v2\/product"}],"about":[{"href":"https:\/\/shopcinius.com\/fr\/wp-json\/wp\/v2\/types\/product"}],"replies":[{"embeddable":true,"href":"https:\/\/shopcinius.com\/fr\/wp-json\/wp\/v2\/comments?post=3739"}],"wp:featuredmedia":[{"embeddable":true,"href":"https:\/\/shopcinius.com\/fr\/wp-json\/wp\/v2\/media\/3027"}],"wp:attachment":[{"href":"https:\/\/shopcinius.com\/fr\/wp-json\/wp\/v2\/media?parent=3739"}],"wp:term":[{"taxonomy":"product_brand","embeddable":true,"href":"https:\/\/shopcinius.com\/fr\/wp-json\/wp\/v2\/product_brand?post=3739"},{"taxonomy":"product_cat","embeddable":true,"href":"https:\/\/shopcinius.com\/fr\/wp-json\/wp\/v2\/product_cat?post=3739"},{"taxonomy":"product_tag","embeddable":true,"href":"https:\/\/shopcinius.com\/fr\/wp-json\/wp\/v2\/product_tag?post=3739"}],"curies":[{"name":"wp","href":"https:\/\/api.w.org\/{rel}","templated":true}]}}