{"id":3743,"date":"2022-01-14T14:50:48","date_gmt":"2022-01-14T14:50:48","guid":{"rendered":"https:\/\/shopcinius.com\/prodotti\/non class\u00e9\/lit-tokyo-f\/"},"modified":"2022-09-09T12:28:09","modified_gmt":"2022-09-09T10:28:09","slug":"lit-tokyo-f","status":"publish","type":"product","link":"https:\/\/shopcinius.com\/fr\/produits\/lits\/lit-tokyo-f\/","title":{"rendered":"Lit Tokyo F"},"content":{"rendered":"<p>Fabriqu\u00e9 en bois de h\u00eatre lamellaire massif.<br \/>\nStructure \u00e0 embo\u00eetement.<br \/>\nDisponible en bois naturel ou en diff\u00e9rentes couleurs.<br \/>\nPr\u00e9par\u00e9 pour \u00eatre combin\u00e9 avec des tatamis, \u00e0 placer sur sommiers \u00e0 lattes<br \/>\nSi elle est plac\u00e9e pr\u00e8s du mur, elle peut \u00eatre combin\u00e9e avec la &lsquo;t\u00eate de lit Futon&rsquo;, qui est fix\u00e9e au mur par deux crochets en laiton.<br \/>\nLa \u00ab\u00a0t\u00eate de lit Futon\u00a0\u00bb est tapiss\u00e9e de pur coton, avec une housse amovible, disponible en plusieurs couleurs, avec ou sans id\u00e9ogramme.<br \/>\nTrait\u00e9s sur demande avec des huiles d&rsquo;impr\u00e9gnation naturelles.<br \/>\n\u00c9galement disponible sur mesure.<\/p>\n","protected":false},"excerpt":{"rendered":"<p>Le lit Tokyo F en bois de h\u00eatre massif s&rsquo;int\u00e8gre \u00e0 tous les d\u00e9cors, gr\u00e2ce \u00e0 sa simplicit\u00e9 et aux nombreuses possibilit\u00e9s de personnalisation.<br \/>\nSon style se caract\u00e9rise par la g\u00e9om\u00e9trie essentielle des articulations : les pieds croisent la structure avec un syst\u00e8me d&rsquo;articulation in\u00e9dit. Sur demande, leur couleur peut \u00eatre diff\u00e9renci\u00e9e du reste du lit!<\/p>\n","protected":false},"featured_media":7841,"comment_status":"closed","ping_status":"closed","template":"","meta":[],"product_brand":[],"product_cat":[128],"product_tag":[106],"class_list":{"0":"post-3743","1":"product","2":"type-product","3":"status-publish","4":"has-post-thumbnail","6":"product_cat-lits","7":"product_tag-commencant-par","8":"product_shipping_class-classe-a-fr-2","10":"first","11":"onbackorder","12":"sale","13":"taxable","14":"shipping-taxable","15":"purchasable","16":"product-type-simple"},"acf":[],"_links":{"self":[{"href":"https:\/\/shopcinius.com\/fr\/wp-json\/wp\/v2\/product\/3743","targetHints":{"allow":["GET"]}}],"collection":[{"href":"https:\/\/shopcinius.com\/fr\/wp-json\/wp\/v2\/product"}],"about":[{"href":"https:\/\/shopcinius.com\/fr\/wp-json\/wp\/v2\/types\/product"}],"replies":[{"embeddable":true,"href":"https:\/\/shopcinius.com\/fr\/wp-json\/wp\/v2\/comments?post=3743"}],"wp:featuredmedia":[{"embeddable":true,"href":"https:\/\/shopcinius.com\/fr\/wp-json\/wp\/v2\/media\/7841"}],"wp:attachment":[{"href":"https:\/\/shopcinius.com\/fr\/wp-json\/wp\/v2\/media?parent=3743"}],"wp:term":[{"taxonomy":"product_brand","embeddable":true,"href":"https:\/\/shopcinius.com\/fr\/wp-json\/wp\/v2\/product_brand?post=3743"},{"taxonomy":"product_cat","embeddable":true,"href":"https:\/\/shopcinius.com\/fr\/wp-json\/wp\/v2\/product_cat?post=3743"},{"taxonomy":"product_tag","embeddable":true,"href":"https:\/\/shopcinius.com\/fr\/wp-json\/wp\/v2\/product_tag?post=3743"}],"curies":[{"name":"wp","href":"https:\/\/api.w.org\/{rel}","templated":true}]}}