{"id":3757,"date":"2022-05-24T11:53:16","date_gmt":"2022-05-24T09:53:16","guid":{"rendered":"https:\/\/shopcinius.com\/prodotti\/non class\u00e9\/armoire-shoji\/"},"modified":"2022-09-09T12:37:44","modified_gmt":"2022-09-09T10:37:44","slug":"armoire-shoji","status":"publish","type":"product","link":"https:\/\/shopcinius.com\/fr\/produits\/penderies\/armoire-shoji\/","title":{"rendered":"Armoire SHOJI"},"content":{"rendered":"<p>Ce sont des meubles parfaits pour un d\u00e9cor \u00e9cologique : ils sont construits avec du bois europ\u00e9en et sans pi\u00e8ces m\u00e9talliques (Magnetic Free).<br \/>\nPour couronner le tout, les armoires en bois de h\u00eatre massif Cinius sont personnalisables en couleur comme en doublure.<br \/>\nOutre le papier de riz traditionnel mais d\u00e9licat, les garnitures disponibles pour les portes coulissantes japonaises Shoji sont :<\/p>\n<ul>\n<li>tissu de coton \u00e9cru (bon march\u00e9 et facile \u00e0 remplacer)<\/li>\n<li>tissu color\u00e9 de votre choix<\/li>\n<li>papier de riz sur fond en PVC transparent<\/li>\n<li>papier de riz plastifi\u00e9<\/li>\n<li>PVC mousse blanc<\/li>\n<li>Plexiglas<\/li>\n<li>Plexiglas-miroir\u00a0\u00bb<\/li>\n<\/ul>\n","protected":false},"excerpt":{"rendered":"<p>Armoire en bois de h\u00eatre massif \u00e0 portes coulissantes, l\u2019armoire Shoji reprend le design des portes et est parfaite pour un mobilier japonais.<br \/>\nToutes les armoires Cinius sont extr\u00eamement fonctionnelles : l\u2019utilisation de portes coulissantes Shoji combine la tradition des armoires japonaises et le mobilier contemporain.<\/p>\n<p>Les portes coulissantes Shoji sans m\u00e9canismes sont extr\u00eamement silencieuses et coulissent bois sur bois : leur extr\u00eame l\u00e9g\u00e8ret\u00e9 \u00e9limine l&rsquo;usure, en effet elles coulent de mieux en mieux avec le temps qui passe!<\/p>\n<p>De plus, il n&rsquo;y a aucune fissure ni au-dessus ni en dessous : anti-poussi\u00e8re!<\/p>\n","protected":false},"featured_media":3030,"comment_status":"closed","ping_status":"closed","template":"","meta":[],"product_brand":[],"product_cat":[108],"product_tag":[106,301],"class_list":{"0":"post-3757","1":"product","2":"type-product","3":"status-publish","4":"has-post-thumbnail","6":"product_cat-penderies","7":"product_tag-commencant-par","8":"product_tag-sicurezza-fr","9":"product_shipping_class-classe-b-fr","11":"first","12":"onbackorder","13":"taxable","14":"shipping-taxable","15":"purchasable","16":"product-type-simple"},"acf":[],"_links":{"self":[{"href":"https:\/\/shopcinius.com\/fr\/wp-json\/wp\/v2\/product\/3757","targetHints":{"allow":["GET"]}}],"collection":[{"href":"https:\/\/shopcinius.com\/fr\/wp-json\/wp\/v2\/product"}],"about":[{"href":"https:\/\/shopcinius.com\/fr\/wp-json\/wp\/v2\/types\/product"}],"replies":[{"embeddable":true,"href":"https:\/\/shopcinius.com\/fr\/wp-json\/wp\/v2\/comments?post=3757"}],"wp:featuredmedia":[{"embeddable":true,"href":"https:\/\/shopcinius.com\/fr\/wp-json\/wp\/v2\/media\/3030"}],"wp:attachment":[{"href":"https:\/\/shopcinius.com\/fr\/wp-json\/wp\/v2\/media?parent=3757"}],"wp:term":[{"taxonomy":"product_brand","embeddable":true,"href":"https:\/\/shopcinius.com\/fr\/wp-json\/wp\/v2\/product_brand?post=3757"},{"taxonomy":"product_cat","embeddable":true,"href":"https:\/\/shopcinius.com\/fr\/wp-json\/wp\/v2\/product_cat?post=3757"},{"taxonomy":"product_tag","embeddable":true,"href":"https:\/\/shopcinius.com\/fr\/wp-json\/wp\/v2\/product_tag?post=3757"}],"curies":[{"name":"wp","href":"https:\/\/api.w.org\/{rel}","templated":true}]}}