{"id":3758,"date":"2022-01-14T14:50:23","date_gmt":"2022-01-14T13:50:23","guid":{"rendered":"https:\/\/shopcinius.com\/prodotti\/non class\u00e9\/lit-aurora\/"},"modified":"2022-09-09T12:38:00","modified_gmt":"2022-09-09T10:38:00","slug":"lit-aurora","status":"publish","type":"product","link":"https:\/\/shopcinius.com\/fr\/produits\/lits\/lit-aurora\/","title":{"rendered":"Lit Aurora"},"content":{"rendered":"<p>Fabriqu\u00e9 en bois de h\u00eatre lamellaire massif.<br \/>\nDisponible en bois naturel ou en diff\u00e9rentes couleurs.<br \/>\nAssemblage par embo\u00eetement, sans pi\u00e8ces m\u00e9talliques (Magnetic Free).<br \/>\nT\u00eate de lit (optionnel) embo\u00eet\u00e9 avec les parties m\u00e9talliques.<br \/>\nSi elle est plac\u00e9e pr\u00e8s du mur, elle peut \u00eatre combin\u00e9e avec la &lsquo;t\u00eate de lit Futon&rsquo;, qui est fix\u00e9e au mur par deux crochets en laiton.<br \/>\nLa \u00ab\u00a0t\u00eate de lit Futon\u00a0\u00bb est tapiss\u00e9e de pur coton, avec une housse amovible, disponible en plusieurs couleurs, avec ou sans id\u00e9ogramme.<br \/>\nTrait\u00e9s sur demande avec des huiles d&rsquo;impr\u00e9gnation naturelles.<br \/>\n\u00c9galement disponible sur mesure.<\/p>\n","protected":false},"excerpt":{"rendered":"<p>Le lit Aurora est simple et \u00e9l\u00e9gant, en bois de h\u00eatre massif lamell\u00e9, avec un style minimal et moderne.<br \/>\nIl est parfait pour un mobilier respectueux de l&rsquo;environnement : l&rsquo;assemblage ne comporte aucune pi\u00e8ce m\u00e9tallique (Magnetic Free), \u00e0 l&rsquo;exception de l&rsquo;\u00e9ventuelle t\u00eate de lit. L&rsquo;\u00e9paisseur du bord (3,2 cm) et le type d&#8217;embo\u00eetement (avec des broches horizontales et verticales) le rendent tr\u00e8s solide et stable.<\/p>\n","protected":false},"featured_media":4150,"comment_status":"closed","ping_status":"closed","template":"","meta":[],"product_brand":[],"product_cat":[128],"product_tag":[106],"class_list":{"0":"post-3758","1":"product","2":"type-product","3":"status-publish","4":"has-post-thumbnail","6":"product_cat-lits","7":"product_tag-commencant-par","8":"product_shipping_class-classe-a-fr-2","10":"first","11":"onbackorder","12":"taxable","13":"shipping-taxable","14":"purchasable","15":"product-type-simple"},"acf":[],"_links":{"self":[{"href":"https:\/\/shopcinius.com\/fr\/wp-json\/wp\/v2\/product\/3758","targetHints":{"allow":["GET"]}}],"collection":[{"href":"https:\/\/shopcinius.com\/fr\/wp-json\/wp\/v2\/product"}],"about":[{"href":"https:\/\/shopcinius.com\/fr\/wp-json\/wp\/v2\/types\/product"}],"replies":[{"embeddable":true,"href":"https:\/\/shopcinius.com\/fr\/wp-json\/wp\/v2\/comments?post=3758"}],"wp:featuredmedia":[{"embeddable":true,"href":"https:\/\/shopcinius.com\/fr\/wp-json\/wp\/v2\/media\/4150"}],"wp:attachment":[{"href":"https:\/\/shopcinius.com\/fr\/wp-json\/wp\/v2\/media?parent=3758"}],"wp:term":[{"taxonomy":"product_brand","embeddable":true,"href":"https:\/\/shopcinius.com\/fr\/wp-json\/wp\/v2\/product_brand?post=3758"},{"taxonomy":"product_cat","embeddable":true,"href":"https:\/\/shopcinius.com\/fr\/wp-json\/wp\/v2\/product_cat?post=3758"},{"taxonomy":"product_tag","embeddable":true,"href":"https:\/\/shopcinius.com\/fr\/wp-json\/wp\/v2\/product_tag?post=3758"}],"curies":[{"name":"wp","href":"https:\/\/api.w.org\/{rel}","templated":true}]}}