{"id":3767,"date":"2022-01-14T14:49:57","date_gmt":"2022-01-14T13:49:57","guid":{"rendered":"https:\/\/shopcinius.com\/prodotti\/non class\u00e9\/lit-tokyo\/"},"modified":"2022-09-09T12:48:01","modified_gmt":"2022-09-09T10:48:01","slug":"lit-tokyo","status":"publish","type":"product","link":"https:\/\/shopcinius.com\/fr\/produits\/lits\/lit-tokyo\/","title":{"rendered":"Lit Tokyo"},"content":{"rendered":"<p>Structure en bois de pin massif. Pr\u00e9par\u00e9 pour \u00eatre combin\u00e9 avec des tatamis, \u00e0 placer sur sommiers \u00e0 lattes Disponible en bois naturel ou en diff\u00e9rentes couleurs. La hauteur totale avec un matelas de 15\/16 cm reposant sur des lattes en bois est d&rsquo;environ 36 cm. L\u2019altezza totale con un materasso da 15\/16cm appoggiato su tatami \u00e8 di circa 42cm. Si elle est plac\u00e9e pr\u00e8s du mur, elle peut \u00eatre combin\u00e9e avec la &lsquo;t\u00eate de lit Futon&rsquo;, qui est fix\u00e9e au mur par deux crochets en laiton. La \u00ab\u00a0t\u00eate de lit Futon\u00a0\u00bb est tapiss\u00e9e de pur coton, avec une housse amovible, disponible en plusieurs couleurs, avec ou sans id\u00e9ogramme. Trait\u00e9s sur demande avec des huiles d&rsquo;impr\u00e9gnation naturelles. \u00c9galement disponible sur mesure.<\/p>\n","protected":false},"excerpt":{"rendered":"<p>Le lit Tokyo en bois de pin scandinave exprime des lignes essentielles et des encastrements extraordinaires, tout en offrant un prix imbattable.<br \/>\nParfait pour une d\u00e9coration int\u00e9rieure \u00e9cologique et moderne, une touche de caract\u00e8re suppl\u00e9mentaire peut \u00eatre ajout\u00e9e sur demande en diversifiant la couleur des pieds par rapport au cadre.<\/p>\n","protected":false},"featured_media":4153,"comment_status":"closed","ping_status":"closed","template":"","meta":[],"product_brand":[],"product_cat":[128],"product_tag":[106],"class_list":{"0":"post-3767","1":"product","2":"type-product","3":"status-publish","4":"has-post-thumbnail","6":"product_cat-lits","7":"product_tag-commencant-par","8":"product_shipping_class-classe-a-fr-2","10":"first","11":"onbackorder","12":"sale","13":"taxable","14":"shipping-taxable","15":"purchasable","16":"product-type-simple"},"acf":[],"_links":{"self":[{"href":"https:\/\/shopcinius.com\/fr\/wp-json\/wp\/v2\/product\/3767","targetHints":{"allow":["GET"]}}],"collection":[{"href":"https:\/\/shopcinius.com\/fr\/wp-json\/wp\/v2\/product"}],"about":[{"href":"https:\/\/shopcinius.com\/fr\/wp-json\/wp\/v2\/types\/product"}],"replies":[{"embeddable":true,"href":"https:\/\/shopcinius.com\/fr\/wp-json\/wp\/v2\/comments?post=3767"}],"wp:featuredmedia":[{"embeddable":true,"href":"https:\/\/shopcinius.com\/fr\/wp-json\/wp\/v2\/media\/4153"}],"wp:attachment":[{"href":"https:\/\/shopcinius.com\/fr\/wp-json\/wp\/v2\/media?parent=3767"}],"wp:term":[{"taxonomy":"product_brand","embeddable":true,"href":"https:\/\/shopcinius.com\/fr\/wp-json\/wp\/v2\/product_brand?post=3767"},{"taxonomy":"product_cat","embeddable":true,"href":"https:\/\/shopcinius.com\/fr\/wp-json\/wp\/v2\/product_cat?post=3767"},{"taxonomy":"product_tag","embeddable":true,"href":"https:\/\/shopcinius.com\/fr\/wp-json\/wp\/v2\/product_tag?post=3767"}],"curies":[{"name":"wp","href":"https:\/\/api.w.org\/{rel}","templated":true}]}}