{"id":3799,"date":"2022-02-14T16:18:55","date_gmt":"2022-02-14T15:18:55","guid":{"rendered":"https:\/\/shopcinius.com\/prodotti\/non class\u00e9\/chaise-ergonomique-couleur-noir-naturelle\/"},"modified":"2024-08-05T18:22:01","modified_gmt":"2024-08-05T16:22:01","slug":"chaise-ergonomique-frame-black-chair-colour-natural","status":"publish","type":"product","link":"https:\/\/shopcinius.com\/fr\/produits\/chaises-ergonomiques\/chaise-ergonomique-frame-black-chair-colour-natural\/","title":{"rendered":"Chaise ergonomique couleur noir\/naturelle"},"content":{"rendered":"<p>Chaise ergonomique professionnelle id\u00e9ale pour les travailleurs assis, aide \u00e0 maintenir la position correcte de la colonne vert\u00e9brale, l&rsquo;inclinaison est r\u00e9glable.<\/p>\n<p>Le si\u00e8ge est de haute qualit\u00e9 avec un rembourrage <strong>ind\u00e9formable<\/strong> et un tissu de couverture tr\u00e8s durable. Le rembourrage est form\u00e9 pour offrir un soutien confortable. Le bois utilis\u00e9 provient de l&rsquo;h\u00e9v\u00e9a, un arbre tr\u00e8s durable (rubber-wood).<\/p>\n<p><strong>La chaise ergonomique Cinius est un produit de qualit\u00e9 sup\u00e9rieure qui ne doit en aucun cas \u00eatre confondu avec d&rsquo;autres chaises similaires pr\u00e9sentes sur le march\u00e9 en termes de forme \u00e0 des prix d\u00e9risoires, fabriqu\u00e9es en bois de pin et avec un rembourrage et une garniture de mauvaise qualit\u00e9 (facilement d\u00e9formables).<\/strong><\/p>\n<p><strong>Remarque : le produit est livr\u00e9 d\u00e9mont\u00e9.  <\/strong><\/p>\n<p><iframe src=\"https:\/\/www.youtube.com\/embed\/5L1Ghg62V9w\" width=\"560\" height=\"315\" frameborder=\"0\" allowfullscreen=\"allowfullscreen\"><\/iframe><\/p>\n","protected":false},"excerpt":{"rendered":"<p>Chaise professionnelle ergonomique<\/p>\n","protected":false},"featured_media":1262,"comment_status":"open","ping_status":"closed","template":"","meta":[],"product_brand":[],"product_cat":[102],"product_tag":[],"class_list":{"0":"post-3799","1":"product","2":"type-product","3":"status-publish","4":"has-post-thumbnail","6":"product_cat-chaises-ergonomiques","7":"product_shipping_class-classe-i-fr","9":"first","10":"instock","11":"taxable","12":"shipping-taxable","13":"purchasable","14":"product-type-simple"},"acf":[],"_links":{"self":[{"href":"https:\/\/shopcinius.com\/fr\/wp-json\/wp\/v2\/product\/3799","targetHints":{"allow":["GET"]}}],"collection":[{"href":"https:\/\/shopcinius.com\/fr\/wp-json\/wp\/v2\/product"}],"about":[{"href":"https:\/\/shopcinius.com\/fr\/wp-json\/wp\/v2\/types\/product"}],"replies":[{"embeddable":true,"href":"https:\/\/shopcinius.com\/fr\/wp-json\/wp\/v2\/comments?post=3799"}],"wp:featuredmedia":[{"embeddable":true,"href":"https:\/\/shopcinius.com\/fr\/wp-json\/wp\/v2\/media\/1262"}],"wp:attachment":[{"href":"https:\/\/shopcinius.com\/fr\/wp-json\/wp\/v2\/media?parent=3799"}],"wp:term":[{"taxonomy":"product_brand","embeddable":true,"href":"https:\/\/shopcinius.com\/fr\/wp-json\/wp\/v2\/product_brand?post=3799"},{"taxonomy":"product_cat","embeddable":true,"href":"https:\/\/shopcinius.com\/fr\/wp-json\/wp\/v2\/product_cat?post=3799"},{"taxonomy":"product_tag","embeddable":true,"href":"https:\/\/shopcinius.com\/fr\/wp-json\/wp\/v2\/product_tag?post=3799"}],"curies":[{"name":"wp","href":"https:\/\/api.w.org\/{rel}","templated":true}]}}