{"id":3801,"date":"2022-01-30T20:20:13","date_gmt":"2022-01-30T19:20:13","guid":{"rendered":"https:\/\/shopcinius.com\/prodotti\/non class\u00e9\/lit-podio\/"},"modified":"2022-09-09T14:37:52","modified_gmt":"2022-09-09T12:37:52","slug":"lit-podio","status":"publish","type":"product","link":"https:\/\/shopcinius.com\/fr\/produits\/lits\/lit-podio\/","title":{"rendered":"Lit Podio"},"content":{"rendered":"<p>Le lit Podio peut \u00eatre fabriqu\u00e9 sur mesure &#8211; tant en termes de finitions que de dimensions &#8211; et peut donc s&rsquo;int\u00e9grer dans n&rsquo;importe quelle chambre \u00e0 coucher.<br \/>\nLit peu encombrant en bois de h\u00eatre massif lamell\u00e9;<br \/>\nDisponible en bois brut ou en diff\u00e9rentes couleurs;<br \/>\nSi elle est plac\u00e9e pr\u00e8s du mur, elle peut \u00eatre combin\u00e9e avec la &lsquo;t\u00eate de lit Futon&rsquo;, qui est fix\u00e9e au mur par deux crochets en laiton. La \u00ab\u00a0t\u00eate de lit Futon\u00a0\u00bb est tapiss\u00e9e de pur coton, avec une housse amovible, disponible en plusieurs couleurs, avec ou sans id\u00e9ogramme;<br \/>\nTrait\u00e9s sur demande avec des huiles d&rsquo;impr\u00e9gnation naturelles;<br \/>\n\u00c9galement disponible sur mesure.<\/p>\n","protected":false},"excerpt":{"rendered":"<p>Lit peu encombrant au design unique, le Podio est un tr\u00e8s grand lit de rangement dans le plus pur style japonais. Il s\u2019agit d\u2019un lit en bois de h\u00eatre massif avec plateau en tatami et portes coulissantes Shoji sur tous les c\u00f4t\u00e9s de la structure, id\u00e9al pour meubler studios et penthouses.<\/p>\n","protected":false},"featured_media":4241,"comment_status":"open","ping_status":"closed","template":"","meta":[],"product_brand":[],"product_cat":[128],"product_tag":[75,106],"class_list":{"0":"post-3801","1":"product","2":"type-product","3":"status-publish","4":"has-post-thumbnail","6":"product_cat-lits","7":"product_tag-sur-demande","8":"product_tag-commencant-par","9":"product_shipping_class-classe-a-fr-2","11":"first","12":"outofstock","13":"taxable","14":"shipping-taxable","15":"purchasable","16":"product-type-simple"},"acf":[],"_links":{"self":[{"href":"https:\/\/shopcinius.com\/fr\/wp-json\/wp\/v2\/product\/3801","targetHints":{"allow":["GET"]}}],"collection":[{"href":"https:\/\/shopcinius.com\/fr\/wp-json\/wp\/v2\/product"}],"about":[{"href":"https:\/\/shopcinius.com\/fr\/wp-json\/wp\/v2\/types\/product"}],"replies":[{"embeddable":true,"href":"https:\/\/shopcinius.com\/fr\/wp-json\/wp\/v2\/comments?post=3801"}],"wp:featuredmedia":[{"embeddable":true,"href":"https:\/\/shopcinius.com\/fr\/wp-json\/wp\/v2\/media\/4241"}],"wp:attachment":[{"href":"https:\/\/shopcinius.com\/fr\/wp-json\/wp\/v2\/media?parent=3801"}],"wp:term":[{"taxonomy":"product_brand","embeddable":true,"href":"https:\/\/shopcinius.com\/fr\/wp-json\/wp\/v2\/product_brand?post=3801"},{"taxonomy":"product_cat","embeddable":true,"href":"https:\/\/shopcinius.com\/fr\/wp-json\/wp\/v2\/product_cat?post=3801"},{"taxonomy":"product_tag","embeddable":true,"href":"https:\/\/shopcinius.com\/fr\/wp-json\/wp\/v2\/product_tag?post=3801"}],"curies":[{"name":"wp","href":"https:\/\/api.w.org\/{rel}","templated":true}]}}