{"id":3803,"date":"2022-01-30T20:20:13","date_gmt":"2022-01-30T19:20:13","guid":{"rendered":"https:\/\/shopcinius.com\/prodotti\/non class\u00e9\/lit-loto\/"},"modified":"2022-09-09T14:57:56","modified_gmt":"2022-09-09T12:57:56","slug":"lit-loto","status":"publish","type":"product","link":"https:\/\/shopcinius.com\/fr\/produits\/lits\/lit-loto\/","title":{"rendered":"Lit Loto"},"content":{"rendered":"<p>En bois de cerisier et de h\u00eatre stratifi\u00e9 et courb\u00e9 \u00e0 chaud. Disponible en bois naturel ou en diff\u00e9rentes couleurs. Montage avec des supports de traction en acier. T\u00eate de lit Futon Loto (en option) rembourr\u00e9e en pur coton, avec housse amovible, disponible dans de nombreux coloris, avec ou sans id\u00e9ogramme. Table de chevet suspendue \u00ab\u00a0Loto\u00a0\u00bb sur demande.<\/p>\n","protected":false},"excerpt":{"rendered":"<p>Le Loto est un lit en bois de cerisier et de h\u00eatre stratifi\u00e9 et courb\u00e9 \u00e0 chaud : un lit artisanal au design r\u00e9solument unique. Peut \u00eatre combin\u00e9 (sur demande) avec la \u00ab\u00a0t\u00eate de lit Futon mod\u00e8le Loto\u00a0\u00bb.<\/p>\n","protected":false},"featured_media":4238,"comment_status":"open","ping_status":"closed","template":"","meta":[],"product_brand":[],"product_cat":[128],"product_tag":[75,106],"class_list":{"0":"post-3803","1":"product","2":"type-product","3":"status-publish","4":"has-post-thumbnail","6":"product_cat-lits","7":"product_tag-sur-demande","8":"product_tag-commencant-par","9":"product_shipping_class-classe-a-fr-2","11":"first","12":"outofstock","13":"taxable","14":"shipping-taxable","15":"purchasable","16":"product-type-simple"},"acf":[],"_links":{"self":[{"href":"https:\/\/shopcinius.com\/fr\/wp-json\/wp\/v2\/product\/3803","targetHints":{"allow":["GET"]}}],"collection":[{"href":"https:\/\/shopcinius.com\/fr\/wp-json\/wp\/v2\/product"}],"about":[{"href":"https:\/\/shopcinius.com\/fr\/wp-json\/wp\/v2\/types\/product"}],"replies":[{"embeddable":true,"href":"https:\/\/shopcinius.com\/fr\/wp-json\/wp\/v2\/comments?post=3803"}],"wp:featuredmedia":[{"embeddable":true,"href":"https:\/\/shopcinius.com\/fr\/wp-json\/wp\/v2\/media\/4238"}],"wp:attachment":[{"href":"https:\/\/shopcinius.com\/fr\/wp-json\/wp\/v2\/media?parent=3803"}],"wp:term":[{"taxonomy":"product_brand","embeddable":true,"href":"https:\/\/shopcinius.com\/fr\/wp-json\/wp\/v2\/product_brand?post=3803"},{"taxonomy":"product_cat","embeddable":true,"href":"https:\/\/shopcinius.com\/fr\/wp-json\/wp\/v2\/product_cat?post=3803"},{"taxonomy":"product_tag","embeddable":true,"href":"https:\/\/shopcinius.com\/fr\/wp-json\/wp\/v2\/product_tag?post=3803"}],"curies":[{"name":"wp","href":"https:\/\/api.w.org\/{rel}","templated":true}]}}