{"id":3813,"date":"2022-01-30T20:20:12","date_gmt":"2022-01-30T19:20:12","guid":{"rendered":"https:\/\/shopcinius.com\/prodotti\/non class\u00e9\/lit-onda\/"},"modified":"2022-09-09T15:15:20","modified_gmt":"2022-09-09T13:15:20","slug":"lit-onda","status":"publish","type":"product","link":"https:\/\/shopcinius.com\/fr\/produits\/lits\/lit-onda\/","title":{"rendered":"Lit Onda"},"content":{"rendered":"<p>Fabriqu\u00e9 en bois de h\u00eatre lamellaire massif. Disponible en bois naturel ou en diff\u00e9rentes couleurs. La t\u00eate de lit fait partie int\u00e9grante du lit, tandis que les tables de chevet sont disponibles sur demande. Trait\u00e9s sur demande avec des huiles d&rsquo;impr\u00e9gnation naturelles. \u00c9galement disponible sur mesure.<\/p>\n","protected":false},"excerpt":{"rendered":"<p>Lit en bois au design pur et moderne, le lit Onda rappelle la forme d&rsquo;un berceau mais est parfaitement stable et robuste ; il s&rsquo;int\u00e8gre parfaitement dans un ameublement contemporain. L&rsquo;\u00e9l\u00e9gante t\u00eate de lit &#8211; en h\u00eatre massif comme le structure &#8211; est int\u00e9gr\u00e9e, tandis que les tables de chevet sont sur demande.<\/p>\n","protected":false},"featured_media":7823,"comment_status":"open","ping_status":"closed","template":"","meta":[],"product_brand":[],"product_cat":[128],"product_tag":[106],"class_list":{"0":"post-3813","1":"product","2":"type-product","3":"status-publish","4":"has-post-thumbnail","6":"product_cat-lits","7":"product_tag-commencant-par","8":"product_shipping_class-classe-a-fr-2","10":"first","11":"onbackorder","12":"taxable","13":"shipping-taxable","14":"purchasable","15":"product-type-simple"},"acf":[],"_links":{"self":[{"href":"https:\/\/shopcinius.com\/fr\/wp-json\/wp\/v2\/product\/3813","targetHints":{"allow":["GET"]}}],"collection":[{"href":"https:\/\/shopcinius.com\/fr\/wp-json\/wp\/v2\/product"}],"about":[{"href":"https:\/\/shopcinius.com\/fr\/wp-json\/wp\/v2\/types\/product"}],"replies":[{"embeddable":true,"href":"https:\/\/shopcinius.com\/fr\/wp-json\/wp\/v2\/comments?post=3813"}],"wp:featuredmedia":[{"embeddable":true,"href":"https:\/\/shopcinius.com\/fr\/wp-json\/wp\/v2\/media\/7823"}],"wp:attachment":[{"href":"https:\/\/shopcinius.com\/fr\/wp-json\/wp\/v2\/media?parent=3813"}],"wp:term":[{"taxonomy":"product_brand","embeddable":true,"href":"https:\/\/shopcinius.com\/fr\/wp-json\/wp\/v2\/product_brand?post=3813"},{"taxonomy":"product_cat","embeddable":true,"href":"https:\/\/shopcinius.com\/fr\/wp-json\/wp\/v2\/product_cat?post=3813"},{"taxonomy":"product_tag","embeddable":true,"href":"https:\/\/shopcinius.com\/fr\/wp-json\/wp\/v2\/product_tag?post=3813"}],"curies":[{"name":"wp","href":"https:\/\/api.w.org\/{rel}","templated":true}]}}