{"id":3815,"date":"2022-01-30T20:20:12","date_gmt":"2022-01-30T20:20:12","guid":{"rendered":"https:\/\/shopcinius.com\/prodotti\/non class\u00e9\/lit-maru-2\/"},"modified":"2022-09-09T15:21:03","modified_gmt":"2022-09-09T13:21:03","slug":"lit-maru","status":"publish","type":"product","link":"https:\/\/shopcinius.com\/fr\/produits\/lits\/lit-maru\/","title":{"rendered":"Lit Maru"},"content":{"rendered":"<p>Lit \u00e0 embo\u00eetement complet en bois de h\u00eatre massif lamell\u00e9.Sans pi\u00e8ces m\u00e9talliques (Magnetic Free).Disponible en bois brut ou en diff\u00e9rentes couleurs.Si elle est plac\u00e9e contre le mur, elle peut \u00eatre combin\u00e9e avec la &lsquo;Futon Headboard&rsquo;, qui est fix\u00e9e au mur avec deux crochets en laiton.La \u00ab\u00a0t\u00eate de lit Futon\u00a0\u00bb est tapiss\u00e9e de pur coton, avec une housse amovible, disponible en plusieurs couleurs, avec ou sans id\u00e9ogramme.Trait\u00e9s sur demande avec des huiles d&rsquo;impr\u00e9gnation naturelles.\u00c9galement disponible sur mesure.<\/p>\n","protected":false},"excerpt":{"rendered":"<p>Fabriqu\u00e9 en bois de h\u00eatre massif, le lit Maru pr\u00e9sente une ligne douce et unique: \u00ab\u00a0maru\u00a0\u00bb en japonais signifie \u00ab\u00a0rond\u00a0\u00bb ! C&rsquo;est un lit \u00e9cologique qui s&#8217;embo\u00eete compl\u00e8tement et ne comporte aucune pi\u00e8ce m\u00e9tallique (Magnetic Free).<\/p>\n","protected":false},"featured_media":4109,"comment_status":"open","ping_status":"closed","template":"","meta":[],"product_brand":[],"product_cat":[128],"product_tag":[106],"class_list":{"0":"post-3815","1":"product","2":"type-product","3":"status-publish","4":"has-post-thumbnail","6":"product_cat-lits","7":"product_tag-commencant-par","8":"product_shipping_class-classe-a-fr-2","10":"first","11":"onbackorder","12":"taxable","13":"shipping-taxable","14":"purchasable","15":"product-type-simple"},"acf":[],"_links":{"self":[{"href":"https:\/\/shopcinius.com\/fr\/wp-json\/wp\/v2\/product\/3815","targetHints":{"allow":["GET"]}}],"collection":[{"href":"https:\/\/shopcinius.com\/fr\/wp-json\/wp\/v2\/product"}],"about":[{"href":"https:\/\/shopcinius.com\/fr\/wp-json\/wp\/v2\/types\/product"}],"replies":[{"embeddable":true,"href":"https:\/\/shopcinius.com\/fr\/wp-json\/wp\/v2\/comments?post=3815"}],"wp:featuredmedia":[{"embeddable":true,"href":"https:\/\/shopcinius.com\/fr\/wp-json\/wp\/v2\/media\/4109"}],"wp:attachment":[{"href":"https:\/\/shopcinius.com\/fr\/wp-json\/wp\/v2\/media?parent=3815"}],"wp:term":[{"taxonomy":"product_brand","embeddable":true,"href":"https:\/\/shopcinius.com\/fr\/wp-json\/wp\/v2\/product_brand?post=3815"},{"taxonomy":"product_cat","embeddable":true,"href":"https:\/\/shopcinius.com\/fr\/wp-json\/wp\/v2\/product_cat?post=3815"},{"taxonomy":"product_tag","embeddable":true,"href":"https:\/\/shopcinius.com\/fr\/wp-json\/wp\/v2\/product_tag?post=3815"}],"curies":[{"name":"wp","href":"https:\/\/api.w.org\/{rel}","templated":true}]}}