{"id":3817,"date":"2022-01-30T20:20:12","date_gmt":"2022-01-30T19:20:12","guid":{"rendered":"https:\/\/shopcinius.com\/prodotti\/non class\u00e9\/lit-linear\/"},"modified":"2022-09-09T15:29:05","modified_gmt":"2022-09-09T13:29:05","slug":"lit-linear","status":"publish","type":"product","link":"https:\/\/shopcinius.com\/fr\/produits\/lits\/lit-linear\/","title":{"rendered":"Lit Linear"},"content":{"rendered":"<p>Fabriqu\u00e9 en bois de h\u00eatre lamellaire massif. T\u00eate et pied de lit int\u00e9gr\u00e9s. Disponible en bois naturel ou en diff\u00e9rentes couleurs. Trait\u00e9s sur demande avec des huiles d&rsquo;impr\u00e9gnation naturelles. \u00c9galement disponible sur mesure.<\/p>\n","protected":false},"excerpt":{"rendered":"<p>Le lit Linear en h\u00eatre massif est caract\u00e9ris\u00e9 par sa t\u00eate de lit int\u00e9gr\u00e9e &#8211; \u00e9galement en bois &#8211; qui reprend et compl\u00e8te ses lignes \u00e9l\u00e9gantes et essentielles. Cependant, la v\u00e9ritable particularit\u00e9 de ce lit est le pied de lit int\u00e9gr\u00e9, qui entoure le matelas et donne au lit Linear un caract\u00e8re unique.<\/p>\n","protected":false},"featured_media":4223,"comment_status":"open","ping_status":"closed","template":"","meta":[],"product_brand":[],"product_cat":[128],"product_tag":[106],"class_list":{"0":"post-3817","1":"product","2":"type-product","3":"status-publish","4":"has-post-thumbnail","6":"product_cat-lits","7":"product_tag-commencant-par","8":"product_shipping_class-classe-a-fr-2","10":"first","11":"onbackorder","12":"taxable","13":"shipping-taxable","14":"purchasable","15":"product-type-simple"},"acf":[],"_links":{"self":[{"href":"https:\/\/shopcinius.com\/fr\/wp-json\/wp\/v2\/product\/3817","targetHints":{"allow":["GET"]}}],"collection":[{"href":"https:\/\/shopcinius.com\/fr\/wp-json\/wp\/v2\/product"}],"about":[{"href":"https:\/\/shopcinius.com\/fr\/wp-json\/wp\/v2\/types\/product"}],"replies":[{"embeddable":true,"href":"https:\/\/shopcinius.com\/fr\/wp-json\/wp\/v2\/comments?post=3817"}],"wp:featuredmedia":[{"embeddable":true,"href":"https:\/\/shopcinius.com\/fr\/wp-json\/wp\/v2\/media\/4223"}],"wp:attachment":[{"href":"https:\/\/shopcinius.com\/fr\/wp-json\/wp\/v2\/media?parent=3817"}],"wp:term":[{"taxonomy":"product_brand","embeddable":true,"href":"https:\/\/shopcinius.com\/fr\/wp-json\/wp\/v2\/product_brand?post=3817"},{"taxonomy":"product_cat","embeddable":true,"href":"https:\/\/shopcinius.com\/fr\/wp-json\/wp\/v2\/product_cat?post=3817"},{"taxonomy":"product_tag","embeddable":true,"href":"https:\/\/shopcinius.com\/fr\/wp-json\/wp\/v2\/product_tag?post=3817"}],"curies":[{"name":"wp","href":"https:\/\/api.w.org\/{rel}","templated":true}]}}