{"id":3827,"date":"2022-04-16T16:53:47","date_gmt":"2022-04-16T14:53:47","guid":{"rendered":"https:\/\/shopcinius.com\/prodotti\/non%20class\u00e9\/tatami\/"},"modified":"2026-01-12T16:35:18","modified_gmt":"2026-01-12T15:35:18","slug":"tatami","status":"publish","type":"product","link":"https:\/\/shopcinius.com\/fr\/produits\/tatami-fr\/tatami\/","title":{"rendered":"Tatami"},"content":{"rendered":"<p>\u00ab\u00a0Tatami\u00a0\u00bb. Au Japon et en Chine, un tapis \u00e9labor\u00e9 remplace le lit, les chaises, la table, le canap\u00e9, les fauteuils, son nom est TATAMI. Avec elle, les Japonais recouvrent tout le sol de la maison. Les tatamis sont emball\u00e9s avec des chaumes de riz, des rendements uniformes et attach\u00e9s avec une corde solide, ils atteignent l\u2019\u00e9paisseur d\u2019environ 6 cm. et sont recouverts \u00e0 l\u2019ext\u00e9rieur par un tapis de paille. Les bords sont carr\u00e9s avec une extr\u00eame pr\u00e9cision et les deux c\u00f4t\u00e9s plus longs sont ourl\u00e9s avec une large sangle de lin noir ou coton; ceux des maisons nobles ont, tiss\u00e9s dans la sangle, des motifs ornementaux en noir et blanc.<\/p>\n<p><br class=\"blank\"><br class=\"blank\"><\/p>\n<p><img fetchpriority=\"high\" decoding=\"async\" class=\"alignnone size-medium wp-image-2307\" src=\"https:\/\/shopcinius.com\/wp-content\/uploads\/2022\/04\/tatami_ambiente_p.jpeg\" alt=\"\" width=\"300\" height=\"195\" title=\"\"><\/p>\n<p><br class=\"blank\"><br class=\"blank\"><\/p>\n<p>Lorsque vous marchez sur le Tatami, il c\u00e8de l\u00e9g\u00e8rement \u00e0 la pression du pied nu; les Japonais laissent leurs chaussures \u00e0 l\u2019ext\u00e9rieur de leur maison, et tout bruit est \u00e9touff\u00e9 par leur douceur. Au printemps, pendant les premiers jours ensoleill\u00e9s, ils sont enlev\u00e9s et plac\u00e9s devant la maison pour les a\u00e9rer, appuy\u00e9s deux par deux comme des cartes \u00e0 jouer.<br \/>\nSur le Tatami, les gens mangent, dorment et meurent; ils repr\u00e9sentent \u00e0 la fois le lit, la chaise, le fauteuil et parfois m\u00eame la table.<br \/>\n<br class=\"blank\">La nuit sur le Tatami est \u00e9tendu le futon avec une couette comme couverture et le lit est pr\u00eat. Le matin, tous ces objets sont enferm\u00e9s dans une grande armoire int\u00e9gr\u00e9e et la maison retrouve l\u2019atmosph\u00e8re calme typique des maisons japonaises.<br \/>\n<br class=\"blank\"><strong>INSTRUCTIONS D&rsquo;UTILISATION DU TATAMI<\/strong><br \/>\n<br class=\"blank\"><\/p>\n<p>Le Tatami est un produit naturel en paille de riz; si la paille de riz ne constitue un aliment pour aucun type d\u2019acarien ou d\u2019insecte, avec le temps la poussi\u00e8re et notre \u00e9piderme peuvent se d\u00e9poser sur les Tatamis en devenant \u201cnourriture\u201d pour les acariens ou insectes. Il est donc n\u00e9cessaire de passer chaque mois l\u2019aspirateur sur le Tatami et de l\u2019a\u00e9rer en d\u00e9pla\u00e7ant le matelas. Il est donc n\u00e9cessaire de passer chaque mois l\u2019aspirateur sur le Tatami et de l\u2019a\u00e9rer en d\u00e9pla\u00e7ant le matelas.<br \/>\n<br class=\"blank\">Pour le nettoyage ou l\u2019\u00e9limination des acariens ou des insectes, il est recommand\u00e9 de le nettoyer avec un chiffon humide imbib\u00e9 d\u2019eau et de vinaigre dilu\u00e9 1 \u00e0 5 ou de pulv\u00e9riser du pesticide \u00e9cologique \u00e0 base de pyr\u00e8thre.<br \/>\n<br class=\"blank\">Le matelas pos\u00e9 sur le Tatami doit \u00eatre a\u00e9r\u00e9 plus fr\u00e9quemment (au moins une fois par mois) afin d\u2019\u00e9viter la stagnation de l\u2019humidit\u00e9 qui peut survenir pendant les mois les plus humides ou produits par notre transpiration;<br \/>\nTout cela pour faire respirer le Tatami et le matelas.<br \/>\n<br class=\"blank\">La proc\u00e9dure recommand\u00e9e est la suivante :<br \/>\n<br class=\"blank\">ouverture des fen\u00eatres<br \/>\n<br class=\"blank\">d\u00e9placer le matelas du dessus du tatami<br \/>\n<br class=\"blank\">placer le matelas de mani\u00e8re \u00e0 ce qu\u2019il \u00ab\u00a0respire\u00a0\u00bb le c\u00f4t\u00e9 qui \u00e9tait en contact avec le tatami<br \/>\n<br class=\"blank\">Un d\u00e9faut de conformit\u00e9 du bien qui se produirait \u00e0 la suite du non-respect de ces instructions ne pourra pas \u00eatre imput\u00e9 \u00e0 Cinius et ne pourra pas donner lieu aux rem\u00e8des de la r\u00e9siliation du contrat, de la r\u00e9duction du prix, du remplacement ou de la r\u00e9paration du bien<br \/>\n<br class=\"blank\">(Information aux consommateurs : produit fabriqu\u00e9 en Chine)<br \/>\n<br class=\"blank\"><strong>C\u2019est quoi le tatami ?<\/strong><br \/>\n<br class=\"blank\">Les tatamis sont le pavage de la maison traditionnelle japonaise compos\u00e9e de trois parties : le rembourrage \u00ab\u00a0toko\u00a0\u00bb, emball\u00e9 tr\u00e8s soigneusement avec des chaumes de paille de riz uniformes, tress\u00e9es et attach\u00e9es avec une corde solide, qui atteignent l\u2019\u00e9paisseur de deux pouces ou plus, Environ 6 cm, et pesant environ 30 kg, le rev\u00eatement ext\u00e9rieur visible \u00ab\u00a0omote\u00a0\u00bb est un tapis de paille \u00ab\u00a0igusa\u00a0\u00bb plus ou moins raffin\u00e9.<br \/>\n<br class=\"blank\"><br class=\"blank\"><img decoding=\"async\" class=\"alignnone size-full wp-image-2310\" src=\"https:\/\/shopcinius.com\/wp-content\/uploads\/2022\/04\/tatamip.jpeg\" alt=\"\" width=\"250\" height=\"162\" title=\"\"><br \/>\n<br class=\"blank\"><br class=\"blank\">La paille de meilleure qualit\u00e9 doit \u00eatre longue mais, comme la moisson m\u00e9canis\u00e9e la d\u00e9coupe en petits morceaux, il a fallu m\u00eame importer de Ta\u00efwan.<br class=\"blank\">Les marges sont carr\u00e9es avec pr\u00e9cision, de mani\u00e8re \u00e0 permettre d\u2019\u00eatre c\u00f4te \u00e0 c\u00f4te ou align\u00e9es plus facilement, et celles des deux c\u00f4t\u00e9s plus longs sont ourl\u00e9es au-dessus et sur le c\u00f4t\u00e9 avec une sangle \u00ab\u00a0h\u00e9rissons\u00a0\u00bb de lin ou de coton, de couleur noire pour les plus communs, on peut en trouver, Surtout dans les maisons les plus prestigieuses, bord\u00e9es de rubans, m\u00eame de tissus diff\u00e9rents et d\u00e9cor\u00e9es d\u2019id\u00e9ogrammes ou de symboles stylis\u00e9s tels que le chrysanth\u00e8me, l\u2019un des symboles du Japon.<br \/>\n<br class=\"blank\">Le travail artisanal des Tatamis est confi\u00e9 \u00e0 plusieurs personnes sp\u00e9cialis\u00e9es, certaines dans la production de chacune des trois autres parties dans l\u2019assemblage et la finition, souvent dans certains endroits du Japon on peut voir les artisans devant la porte, qui s\u2019accroupit pr\u00e8s d\u2019un bas m\u00e9tier \u00e0 tisser et \u00e0 nouer des chaumes, qui s\u2019occupe de la finition des tapis.<\/p>\n<div>Les mat\u00e9riaux qui composent les Tatami sont tous naturels et en font donc un produit \u00e9cologique, car compl\u00e8tement biod\u00e9gradable, et en m\u00eame temps avec un grand confort, La particularit\u00e9 est qu\u2019il permet d\u2019avoir un rev\u00eatement de sol enti\u00e8rement adh\u00e9rent \u00e0 la base sur laquelle il est pos\u00e9 sans l\u2019aide de colles et d\u2019une isolation thermique remarquable.<br \/>\n<br class=\"blank\">Bien qu\u2019\u00e9tant une surface compacte lors de la marche, absolument pieds nus ou avec le Tabi, la chaussette japonaise typique avec un doigt s\u00e9par\u00e9, les chaussures doivent obligatoirement quitter la pi\u00e8ce pour \u00e9viter d\u2019offenser le lieu et les personnes qui l\u2019habitent, Les tatamis c\u00e8dent l\u00e9g\u00e8rement \u00e0 la pression du pied, provoquant une agr\u00e9able sensation de contact avec le sol.<br \/>\n<br class=\"blank\">Les Tatamis au fil du temps sont devenus de v\u00e9ritables unit\u00e9s de mesure, en effet l\u2019Architecte con\u00e7oit toujours des pi\u00e8ces contenant un certain nombre de Tatami. L\u2019int\u00e9rieur de l\u2019habitation n\u2019est pas con\u00e7u pour se prot\u00e9ger de la nature mais pour s\u2019int\u00e9grer avec elle en pleine harmonie et \u00e9quilibre.<br \/>\nLes moines du bouddhisme zen des p\u00e9riodes Muromachi et Momoyama ont si bien exprim\u00e9 et formul\u00e9 cet id\u00e9al que la soci\u00e9t\u00e9 japonaise tout enti\u00e8re aspire \u00e0 le suivre. Il en r\u00e9sulte des environnements qui semblent parler \u00e0 l&rsquo;esprit et inspirer calme et \u00e9quilibre.<br \/>\n<br class=\"blank\">Le minimalisme et la simplicit\u00e9 sont les caract\u00e9ristiques que la philosophie zen a conf\u00e9r\u00e9es aux int\u00e9rieurs traditionnels japonais. Cet effet est atteint \u00e0 travers le rythme des surfaces verticales \u00ab\u00a0parois shoji et fusuma\u00a0\u00bb et horizontales, les Tatami sont assortis de mat\u00e9riaux et de couleurs naturels.<br \/>\nAu m\u00eame moment o\u00f9 L\u00e9onard de Vinci a d\u00e9velopp\u00e9 le syst\u00e8me de taille bas\u00e9 sur les proportions du corps humain \u00e0 utiliser en architecture, les artisans et les constructeurs japonais ont standardis\u00e9 les dimensions des tatamis.<br \/>\n<br class=\"blank\">Environ les tatamis correspondent \u00e0 l\u2019espace occup\u00e9 par une personne couch\u00e9e les mesures les plus fr\u00e9quentes (mais peuvent varier d\u2019une province \u00e0 l\u2019autre) sont 90x180cm ou 85x180cm, il y a aussi les moyens tatami qui sont de 90x90cm ou 85x85cm, La pi\u00e8ce avec un tel plancher est appel\u00e9e washitsu, alors que quand on parle d\u2019une pi\u00e8ce \u00e0 l\u2019ouest, on utilise yoshitsu.<br \/>\nAu printemps, pendant les premiers jours ensoleill\u00e9s, les Tatamis sont soulev\u00e9s et plac\u00e9s devant la maison pour les a\u00e9rer, appuy\u00e9s deux par deux comme des cartes \u00e0 jouer.<br \/>\n<br class=\"blank\"><strong>SON HISTOIRE<\/strong><br \/>\n<br class=\"blank\">Un peu de contexte historique nous permettra de mieux comprendre l&rsquo;\u00e9volution des tatamis au fil des si\u00e8cles :<br \/>\nla premi\u00e8re utilisation de l\u2019anc\u00eatre des Tatamis, dat\u00e9e autour du huiti\u00e8me si\u00e8cle p\u00e9riode \u00ab\u00a0Nara\u00a0\u00bb, est \u00e0 attribuer \u00e0 l\u2019empereur \u00ab\u00a0Shomu\u00a0\u00bb qui utilisa un tapis de paille pour dormir, mais seulement depuis la seconde moiti\u00e9 de la p\u00e9riode \u00ab\u00a0Heian\u00a0\u00bb La coutume s\u2019est r\u00e9pandue, en particulier en pr\u00e9sence d\u2019un illustre h\u00f4te, d\u2019\u00e9tendre des nattes rondes \u00ab\u00a0Enza\u00a0\u00bb pour s\u2019y asseoir, et ensuite et jusqu\u2019au XVe si\u00e8cle de longues nattes \u00ab\u00a0Goza\u00a0\u00bb pour y dormir.<br \/>\n<br class=\"blank\">Le nom Tatami, d\u00e9j\u00e0 utilis\u00e9 dans la p\u00e9riode \u00ab\u00a0Heian, indiquait des nattes qui pouvaient \u00eatre pli\u00e9es et empil\u00e9es par le verbe \u00ab\u00a0tatamu\u00a0\u00bb qui a une telle signification.<br \/>\nC\u2019est au XVIe si\u00e8cle, p\u00e9riode \u00ab\u00a0Muromachi, dans le fief de \u00ab\u00a0Bingo\u00a0\u00bb (dans l\u2019actuelle pr\u00e9fecture d\u2019Hiroshima) que fut introduit l\u2019utilisation de tiges de jonc pour tisser des tatamis.<br class=\"blank\">Pendant longtemps, les feudataires de la zone de \u00ab\u00a0Bingo\u00a0\u00bb ont cherch\u00e9 \u00e0 garder secr\u00e8te la technique de production des Tatamis, en fait, pour la diffusion et l\u2019utilisation de ceux-ci dans les habitations des gens ordinaires, il faudra attendre la fin du XIXe si\u00e8cle p\u00e9riode \u00ab\u00a0Meiji\u00a0\u00bbTout se transformera en ce que nous connaissons aujourd\u2019hui : le tapis de l\u2019empereur en Tatami, l'\u00a0\u00bbenza\u00a0\u00bb en \u00ab\u00a0zabuton\u00a0\u00bb coussin rembourr\u00e9 confortable, le \u00ab\u00a0goza\u00a0\u00bb en \u00ab\u00a0shikibuton\u00a0\u00bb ou \u00ab\u00a0futon\u00a0\u00bb matelas confortable couch\u00e9 sur les Tatamis.<br class=\"blank\">L\u2019usage des tatamis se r\u00e9pandra non seulement pour les demeures des nobles mais aussi dans les \u00e9difices religieux, les temples et les monast\u00e8res bouddhistes et shinto\u00efstes<br \/>\n<br class=\"blank\">Les Tatamis, apr\u00e8s avoir atteint la forme actuelle, ont d\u00fb r\u00e9sister aux attaques de la modernisation qui a boulevers\u00e9 les canons de construction, les meubles et les espaces des habitations.<br class=\"blank\">Les Japonais modernes essaient de maintenir la tradition, peut-\u00eatre en cr\u00e9ant au moins une pi\u00e8ce de leur maison avec les Tatamis qui deviennent l\u2019\u00e9l\u00e9ment central de la maison en transmettant \u00e0 travers son parfum incomparable et agr\u00e9able, Sa couleur douce et relaxante une atmosph\u00e8re chaleureuse et sereine.<br \/>\nLes Tatamis accompagnent la vie familiale et individuelle : les repas, la traditionnelle c\u00e9r\u00e9monie du th\u00e9, les relations sociales, la pri\u00e8re, l\u2019amour et m\u00eame la mort.<br \/>\n<br class=\"blank\">L\u2019utilisation des Tatamis est conseill\u00e9e \u00e0 tous ceux qui veulent faire de la maison une oasis de s\u00e9r\u00e9nit\u00e9, en retrouvant le plaisir de marcher en contact avec la nature, sans devoir renoncer mais en augmentant l\u2019esth\u00e9tique et le confort, Qui est de plus en plus attentif \u00e0 l\u2019utilisation de mat\u00e9riaux naturels qui n\u2019affectent pas l\u2019\u00e9cosyst\u00e8me. Selon une pens\u00e9e philosophique, les Tatamis ne sont pas seulement un lieu physique mais une porte d\u2019acc\u00e8s \u00e0 la Conscience, la possibilit\u00e9, m\u00eame dans les petits environnements, d\u2019\u00e9largir son propre espace.<br \/>\n<br class=\"blank\">Le souci croissant des architectes de faire de la maison non pas un dortoir mais un environnement vivant et ouvert fait que le choix des Tatamis est presque une obligation, une base \u00e0 partir de laquelle commencer \u00e0 concevoir des espaces, tant du point de vue des mat\u00e9riaux que purement \u00e9conomique.\u00a0\u00bb<\/div>\n","protected":false},"excerpt":{"rendered":"<p>Les tatamis sont emball\u00e9s avec des chaumes de riz, des rendements uniformes et attach\u00e9s avec une corde solide, ils atteignent l\u2019\u00e9paisseur d\u2019environ 6 cm. et sont recouverts \u00e0 l\u2019ext\u00e9rieur par un tapis de paille.<\/p>\n","protected":false},"featured_media":5055,"comment_status":"closed","ping_status":"closed","template":"","meta":[],"product_brand":[],"product_cat":[154],"product_tag":[],"class_list":{"0":"post-3827","1":"product","2":"type-product","3":"status-publish","4":"has-post-thumbnail","6":"product_cat-tatami-fr","7":"product_shipping_class-classe-n-fr","9":"first","10":"instock","11":"sale","12":"taxable","13":"shipping-taxable","14":"purchasable","15":"product-type-variable"},"acf":[],"_links":{"self":[{"href":"https:\/\/shopcinius.com\/fr\/wp-json\/wp\/v2\/product\/3827","targetHints":{"allow":["GET"]}}],"collection":[{"href":"https:\/\/shopcinius.com\/fr\/wp-json\/wp\/v2\/product"}],"about":[{"href":"https:\/\/shopcinius.com\/fr\/wp-json\/wp\/v2\/types\/product"}],"replies":[{"embeddable":true,"href":"https:\/\/shopcinius.com\/fr\/wp-json\/wp\/v2\/comments?post=3827"}],"wp:featuredmedia":[{"embeddable":true,"href":"https:\/\/shopcinius.com\/fr\/wp-json\/wp\/v2\/media\/5055"}],"wp:attachment":[{"href":"https:\/\/shopcinius.com\/fr\/wp-json\/wp\/v2\/media?parent=3827"}],"wp:term":[{"taxonomy":"product_brand","embeddable":true,"href":"https:\/\/shopcinius.com\/fr\/wp-json\/wp\/v2\/product_brand?post=3827"},{"taxonomy":"product_cat","embeddable":true,"href":"https:\/\/shopcinius.com\/fr\/wp-json\/wp\/v2\/product_cat?post=3827"},{"taxonomy":"product_tag","embeddable":true,"href":"https:\/\/shopcinius.com\/fr\/wp-json\/wp\/v2\/product_tag?post=3827"}],"curies":[{"name":"wp","href":"https:\/\/api.w.org\/{rel}","templated":true}]}}