{"id":3837,"date":"2022-07-04T12:07:11","date_gmt":"2022-07-04T10:07:11","guid":{"rendered":"https:\/\/shopcinius.com\/prodotti\/non class\u00e9\/armoires-et-meubles-a-portes-coulissantes-sur-mesure\/"},"modified":"2022-09-09T17:43:48","modified_gmt":"2022-09-09T15:43:48","slug":"armoires-e-mobile-ad-ante-coulissantes-sur-mesure","status":"publish","type":"product","link":"https:\/\/shopcinius.com\/fr\/produits\/meubles-pour-portes-coulissantes\/armoires-e-mobile-ad-ante-coulissantes-sur-mesure\/","title":{"rendered":"Armoires et meubles \u00e0 portes coulissantes sur mesure"},"content":{"rendered":"","protected":false},"excerpt":{"rendered":"<p><strong>Les armoires \u00e0 portes coulissantes Shoji<\/strong> de Cinius sont confortables et polyvalentes, parfaites pour un mobilier moderne (m\u00eame comme meuble TV, t\u00eate de lit ou meuble \u00e0 chaussures !).<br \/>\n<strong>Le syst\u00e8me japonais avec des rails sans m\u00e9canismes<\/strong> garantit une utilisation extr\u00eamement silencieuse et prot\u00e8ge parfaitement l\u2019int\u00e9rieur du meuble de la poussi\u00e8re.<br \/>\nEn outre, ce sont des <strong>armoires \u00e9cologiques<\/strong> : seuls des bois europ\u00e9ens (h\u00eatre, cerisier, tilleul) sont utilis\u00e9s.<br \/>\nProduits sur mesure et disponibles en diff\u00e9rentes couleurs et mod\u00e8les, ils sont personnalisables \u00e9galement dans la doublure : papier de riz, Plexiglas, bois et bien plus encore!<\/p>\n","protected":false},"featured_media":2955,"comment_status":"closed","ping_status":"closed","template":"","meta":[],"product_brand":[],"product_cat":[136],"product_tag":[75],"class_list":{"0":"post-3837","1":"product","2":"type-product","3":"status-publish","4":"has-post-thumbnail","6":"product_cat-meubles-pour-portes-coulissantes","7":"product_tag-sur-demande","9":"first","10":"outofstock","11":"taxable","12":"shipping-taxable","13":"product-type-simple"},"acf":[],"_links":{"self":[{"href":"https:\/\/shopcinius.com\/fr\/wp-json\/wp\/v2\/product\/3837","targetHints":{"allow":["GET"]}}],"collection":[{"href":"https:\/\/shopcinius.com\/fr\/wp-json\/wp\/v2\/product"}],"about":[{"href":"https:\/\/shopcinius.com\/fr\/wp-json\/wp\/v2\/types\/product"}],"replies":[{"embeddable":true,"href":"https:\/\/shopcinius.com\/fr\/wp-json\/wp\/v2\/comments?post=3837"}],"wp:featuredmedia":[{"embeddable":true,"href":"https:\/\/shopcinius.com\/fr\/wp-json\/wp\/v2\/media\/2955"}],"wp:attachment":[{"href":"https:\/\/shopcinius.com\/fr\/wp-json\/wp\/v2\/media?parent=3837"}],"wp:term":[{"taxonomy":"product_brand","embeddable":true,"href":"https:\/\/shopcinius.com\/fr\/wp-json\/wp\/v2\/product_brand?post=3837"},{"taxonomy":"product_cat","embeddable":true,"href":"https:\/\/shopcinius.com\/fr\/wp-json\/wp\/v2\/product_cat?post=3837"},{"taxonomy":"product_tag","embeddable":true,"href":"https:\/\/shopcinius.com\/fr\/wp-json\/wp\/v2\/product_tag?post=3837"}],"curies":[{"name":"wp","href":"https:\/\/api.w.org\/{rel}","templated":true}]}}