{"id":3890,"date":"2022-06-20T11:17:45","date_gmt":"2022-06-20T09:17:45","guid":{"rendered":"https:\/\/shopcinius.com\/prodotti\/non class\u00e9\/spazio-bed-castello\/"},"modified":"2022-10-26T15:47:03","modified_gmt":"2022-10-26T13:47:03","slug":"lit-superpose-spazio-bed","status":"publish","type":"product","link":"https:\/\/shopcinius.com\/fr\/produits\/chambres-2-3-lits\/lit-superpose-spazio-bed\/","title":{"rendered":"Spazio Bed Castello"},"content":{"rendered":"<p>Lorsque vous disposez de peu d\u2019espace, chaque moyen peut s\u2019av\u00e9rer essentiel pour donner \u00e0 votre habitation un aspect plus confortable et am\u00e9liorer son organisation.<\/p>\n<p>Surtout en ce qui concerne les chambres d\u2019enfants et les \u00e9tudes, il arrive souvent que l\u2019espace soit plut\u00f4t sacrifi\u00e9.<\/p>\n<p>Il faut alors des solutions en mesure de garantir une maximisation de l\u2019espace disponible, qui viennent int\u00e9grer diff\u00e9rents besoins en compl\u00e9ments d\u2019ameublement uniques et ergonomiques.<\/p>\n<p>Pour les lits superpos\u00e9s, nous recommandons le <a href=\"https:\/\/shopcinius.com\/fr\/produits\/tatami-fr\/tatami-2\/\"><b>tatami<\/b><\/a> : sa trame permet de poser le matelas directement au-dessus.<\/p>\n<p>La qualit\u00e9 du bois utilis\u00e9 est \u00e9lev\u00e9e et il existe un choix de nombreuses couleurs diff\u00e9rentes pour r\u00e9pondre aux besoins sp\u00e9cifiques des clients.<\/p>\n<p>Cinius garantit \u00e9galement que le compl\u00e9ment peut \u00eatre adapt\u00e9 aux besoins sp\u00e9cifiques de la maison.<\/p>\n<p>Cette solution peu encombrante est extr\u00eamement pratique et polyvalente, et permet de r\u00e9pondre \u00e0 de nombreux besoins diff\u00e9rents.<\/p>\n<p>Ce type de compl\u00e9ment d&rsquo;ameublement peut \u00eatre utilis\u00e9 confortablement dans une petite chambre d&rsquo;enfant.<\/p>\n<p>Des mod\u00e8les avec diff\u00e9rentes solutions esth\u00e9tiques sont disponibles, mais le design reste toujours extr\u00eamement raffin\u00e9, moderne et propre.<\/p>\n<p>Il y a \u00e9galement des tiroirs pratiques \u00e0 l&rsquo;int\u00e9rieur de la structure, parfaits pour ranger les jouets, les livres, le linge&#8230; bref, tout ce que vous voulez.<\/p>\n","protected":false},"excerpt":{"rendered":"<p>Le lit superpos\u00e9 SpazioBed ajoute aux caract\u00e9ristiques d\u00e9j\u00e0 connues du lit superpos\u00e9 traditionnel quelques variations qui augmentent son confort.<\/p>\n<p>Il s&rsquo;agit d&rsquo;un mod\u00e8le d&rsquo;une taille \u00ab\u00a0confortable\u00a0\u00bb et non exag\u00e9r\u00e9e de 120\/130 cm.<\/p>\n","protected":false},"featured_media":6369,"comment_status":"closed","ping_status":"closed","template":"","meta":[],"product_brand":[],"product_cat":[240,130],"product_tag":[75,106,301],"class_list":{"0":"post-3890","1":"product","2":"type-product","3":"status-publish","4":"has-post-thumbnail","6":"product_cat-chambres-2-3-lits","7":"product_cat-lits-superposes","8":"product_tag-sur-demande","9":"product_tag-commencant-par","10":"product_tag-sicurezza-fr","11":"product_shipping_class-p-letto-voluminoso","13":"first","14":"onbackorder","15":"taxable","16":"shipping-taxable","17":"product-type-simple"},"acf":[],"_links":{"self":[{"href":"https:\/\/shopcinius.com\/fr\/wp-json\/wp\/v2\/product\/3890","targetHints":{"allow":["GET"]}}],"collection":[{"href":"https:\/\/shopcinius.com\/fr\/wp-json\/wp\/v2\/product"}],"about":[{"href":"https:\/\/shopcinius.com\/fr\/wp-json\/wp\/v2\/types\/product"}],"replies":[{"embeddable":true,"href":"https:\/\/shopcinius.com\/fr\/wp-json\/wp\/v2\/comments?post=3890"}],"wp:featuredmedia":[{"embeddable":true,"href":"https:\/\/shopcinius.com\/fr\/wp-json\/wp\/v2\/media\/6369"}],"wp:attachment":[{"href":"https:\/\/shopcinius.com\/fr\/wp-json\/wp\/v2\/media?parent=3890"}],"wp:term":[{"taxonomy":"product_brand","embeddable":true,"href":"https:\/\/shopcinius.com\/fr\/wp-json\/wp\/v2\/product_brand?post=3890"},{"taxonomy":"product_cat","embeddable":true,"href":"https:\/\/shopcinius.com\/fr\/wp-json\/wp\/v2\/product_cat?post=3890"},{"taxonomy":"product_tag","embeddable":true,"href":"https:\/\/shopcinius.com\/fr\/wp-json\/wp\/v2\/product_tag?post=3890"}],"curies":[{"name":"wp","href":"https:\/\/api.w.org\/{rel}","templated":true}]}}