{"id":3897,"date":"2022-06-20T11:10:07","date_gmt":"2022-06-20T09:10:07","guid":{"rendered":"https:\/\/shopcinius.com\/prodotti\/non%20class\u00e9\/yen-e-lit-superpose\/"},"modified":"2022-10-26T16:21:34","modified_gmt":"2022-10-26T14:21:34","slug":"yen-e-lit-superpose","status":"publish","type":"product","link":"https:\/\/shopcinius.com\/fr\/produits\/lits-superposes\/yen-e-lit-superpose\/","title":{"rendered":"YEN-E lit superpos\u00e9"},"content":{"rendered":"<p>Lorsque vous disposez de peu d\u2019espace, chaque moyen peut s\u2019av\u00e9rer essentiel pour donner \u00e0 votre habitation un aspect plus confortable et am\u00e9liorer son organisation.<\/p>\n<p>Surtout en ce qui concerne les chambres d\u2019enfants et les \u00e9tudes, il arrive souvent que l\u2019espace soit plut\u00f4t sacrifi\u00e9.<\/p>\n<p>Il faut alors des solutions en mesure de garantir une maximisation de l\u2019espace disponible, qui viennent int\u00e9grer diff\u00e9rents besoins en compl\u00e9ments d\u2019ameublement uniques et ergonomiques.<\/p>\n<p>Pour les lits superpos\u00e9s, nous recommandons le tatami<a href=\"https:\/\/shopcinius.com\/fr\/produits\/tatami-fr\/tatami-2\/\">(voir<\/a>) : son tissage permet de placer le matelas directement dessus.<\/p>\n<p>La qualit\u00e9 du bois utilis\u00e9 est \u00e9lev\u00e9e et il existe un choix de nombreuses couleurs diff\u00e9rentes pour r\u00e9pondre aux besoins sp\u00e9cifiques des clients.<\/p>\n<p>Cinius garantit \u00e9galement que le compl\u00e9ment peut \u00eatre adapt\u00e9 aux besoins sp\u00e9cifiques de la maison.<\/p>\n<p>Cette solution peu encombrante est extr\u00eamement pratique et polyvalente, et permet de r\u00e9pondre \u00e0 de nombreux besoins diff\u00e9rents.<\/p>\n<p>Ce type de compl\u00e9ment d&rsquo;ameublement peut \u00eatre utilis\u00e9 confortablement dans une petite chambre d&rsquo;enfant.<\/p>\n<p>Des mod\u00e8les avec diff\u00e9rentes solutions esth\u00e9tiques sont disponibles, mais le design reste toujours extr\u00eamement raffin\u00e9, moderne et propre.<\/p>\n<p>Il y a \u00e9galement des tiroirs pratiques \u00e0 l&rsquo;int\u00e9rieur de la structure, parfaits pour ranger les jouets, les livres, le linge&#8230; bref, tout ce que vous voulez.<\/p>\n","protected":false},"excerpt":{"rendered":"<p>Le lit superpos\u00e9 double YEN-E a un cadre en solid bois de h\u00eatre massif.<\/p>\n<p>Personnalisable dans les dimensions et les couleurs, il dispose de plusieurs accessoires, y compris l\u2019escalier \u00e0 \u00e9chelons ou l\u2019escalier en cubes tr\u00e8s pratique.<\/p>\n","protected":false},"featured_media":2842,"comment_status":"closed","ping_status":"closed","template":"","meta":[],"product_brand":[],"product_cat":[130],"product_tag":[75,106,301],"class_list":{"0":"post-3897","1":"product","2":"type-product","3":"status-publish","4":"has-post-thumbnail","6":"product_cat-lits-superposes","7":"product_tag-sur-demande","8":"product_tag-commencant-par","9":"product_tag-sicurezza-fr","11":"first","12":"outofstock","13":"taxable","14":"shipping-taxable","15":"product-type-simple"},"acf":[],"_links":{"self":[{"href":"https:\/\/shopcinius.com\/fr\/wp-json\/wp\/v2\/product\/3897","targetHints":{"allow":["GET"]}}],"collection":[{"href":"https:\/\/shopcinius.com\/fr\/wp-json\/wp\/v2\/product"}],"about":[{"href":"https:\/\/shopcinius.com\/fr\/wp-json\/wp\/v2\/types\/product"}],"replies":[{"embeddable":true,"href":"https:\/\/shopcinius.com\/fr\/wp-json\/wp\/v2\/comments?post=3897"}],"wp:featuredmedia":[{"embeddable":true,"href":"https:\/\/shopcinius.com\/fr\/wp-json\/wp\/v2\/media\/2842"}],"wp:attachment":[{"href":"https:\/\/shopcinius.com\/fr\/wp-json\/wp\/v2\/media?parent=3897"}],"wp:term":[{"taxonomy":"product_brand","embeddable":true,"href":"https:\/\/shopcinius.com\/fr\/wp-json\/wp\/v2\/product_brand?post=3897"},{"taxonomy":"product_cat","embeddable":true,"href":"https:\/\/shopcinius.com\/fr\/wp-json\/wp\/v2\/product_cat?post=3897"},{"taxonomy":"product_tag","embeddable":true,"href":"https:\/\/shopcinius.com\/fr\/wp-json\/wp\/v2\/product_tag?post=3897"}],"curies":[{"name":"wp","href":"https:\/\/api.w.org\/{rel}","templated":true}]}}