{"id":3900,"date":"2022-05-23T13:01:49","date_gmt":"2022-05-23T11:01:49","guid":{"rendered":"https:\/\/shopcinius.com\/prodotti\/non%20class\u00e9\/lit-mezzanine-nido\/"},"modified":"2022-12-07T15:41:47","modified_gmt":"2022-12-07T14:41:47","slug":"cabane-dans-les-arbres","status":"publish","type":"product","link":"https:\/\/shopcinius.com\/fr\/produits\/lits-mezzanines\/cabane-dans-les-arbres\/","title":{"rendered":"Maison de l&rsquo;arbre"},"content":{"rendered":"<p>L&rsquo;espace situ\u00e9 sous la <b>cabane<\/b> peut \u00eatre utilis\u00e9 comme un deuxi\u00e8me espace de couchage (avec un lit normal au sol), un espace d&rsquo;\u00e9tude, un espace de jeu, une armoire&#8230; Il n&rsquo;y a pas de limites !<br \/>\nComme support pour le matelas sont utilis\u00e9s les tatamis, qui sont:<\/p>\n<ul>\n<li>praticable;<\/li>\n<li>hautement respirant ;<\/li>\n<li>facile \u00e0 nettoyer.<\/li>\n<\/ul>\n<p>Nous vous recommandons l&rsquo;<b>escalier cubique modulaire<\/b> (hauteur standard 120 cm, personnalisable sur demande), un meuble moderne qui est \u00e0 la fois un acc\u00e8s pratique au lit gigogne et une biblioth\u00e8que\/un meuble \u00e0 tiroirs.<br \/>\nLe Lit mezzanine <b>Nido<\/b> comprend le cadre et la plate-forme de lit sur\u00e9lev\u00e9e : si vous souhaitez l&rsquo;installer comme un lit superpos\u00e9, une <b>deuxi\u00e8me plate-forme de lit peut \u00eatre ajout\u00e9e<\/b> \u00e0 30\/40 cm du sol (sur demande).<br \/>\nLa <b>rampe de s\u00e9curit\u00e9<\/b> est incluse : elle entoure le matelas sur deux c\u00f4t\u00e9s et peut avoir une hauteur de 40 cm (3 barres espac\u00e9es de 7 cm) ou de 80 cm (4 barres espac\u00e9es de 14 cm).<br \/>\nLa distance standard entre le sol et le sommet du <b>lit mezzanine Nido<\/b> peut \u00eatre de 100, 150 ou 180 cm.<\/p>\n<ul>\n<li>Lit mezzanine en h\u00eatre massif lamin\u00e9<\/li>\n<li>Disponible en bois brut ou en diff\u00e9rentes couleurs<\/li>\n<li>Trait\u00e9s sur demande avec des huiles d&rsquo;impr\u00e9gnation naturelles.<\/li>\n<li>\u00c9galement disponible <strong>sur mesure<\/strong><\/li>\n<\/ul>\n","protected":false},"excerpt":{"rendered":"<h3>Mezzanine et lit sur\u00e9lev\u00e9 \u00ab\u00a0Tree House\u00a0\u00bb (maison dans les arbres)<\/h3>\n<h4>Le lit superpos\u00e9 le plus s\u00fbr pour vos enfants !<\/h4>\n<p>La <b>Maison de l&rsquo;arbre<\/b> est le lit superpos\u00e9 des enfants selon Cinius !<br \/>\nAvec son cadre en <b>bois de h\u00eatre massif<\/b>, ce lit d&rsquo;enfant est tr\u00e8s s\u00fbr car<\/p>\n<ul>\n<li>structurellement autosuffisants (l&rsquo;espace situ\u00e9 en dessous peut \u00e9galement \u00eatre laiss\u00e9 vide ou utilis\u00e9 \u00e0 d&rsquo;autres fins) ;<\/li>\n<li>ancr\u00e9 au mur et\/ou au plafond.<\/li>\n<\/ul>\n","protected":false},"featured_media":4418,"comment_status":"closed","ping_status":"closed","template":"","meta":[],"product_brand":[],"product_cat":[132,114],"product_tag":[106,301],"class_list":{"0":"post-3900","1":"product","2":"type-product","3":"status-publish","4":"has-post-thumbnail","6":"product_cat-lits-mezzanines","7":"product_cat-chambres-pour-enfants","8":"product_tag-commencant-par","9":"product_tag-sicurezza-fr","10":"product_shipping_class-p-letto-voluminoso","12":"first","13":"onbackorder","14":"sale","15":"taxable","16":"shipping-taxable","17":"purchasable","18":"product-type-simple"},"acf":[],"_links":{"self":[{"href":"https:\/\/shopcinius.com\/fr\/wp-json\/wp\/v2\/product\/3900","targetHints":{"allow":["GET"]}}],"collection":[{"href":"https:\/\/shopcinius.com\/fr\/wp-json\/wp\/v2\/product"}],"about":[{"href":"https:\/\/shopcinius.com\/fr\/wp-json\/wp\/v2\/types\/product"}],"replies":[{"embeddable":true,"href":"https:\/\/shopcinius.com\/fr\/wp-json\/wp\/v2\/comments?post=3900"}],"wp:featuredmedia":[{"embeddable":true,"href":"https:\/\/shopcinius.com\/fr\/wp-json\/wp\/v2\/media\/4418"}],"wp:attachment":[{"href":"https:\/\/shopcinius.com\/fr\/wp-json\/wp\/v2\/media?parent=3900"}],"wp:term":[{"taxonomy":"product_brand","embeddable":true,"href":"https:\/\/shopcinius.com\/fr\/wp-json\/wp\/v2\/product_brand?post=3900"},{"taxonomy":"product_cat","embeddable":true,"href":"https:\/\/shopcinius.com\/fr\/wp-json\/wp\/v2\/product_cat?post=3900"},{"taxonomy":"product_tag","embeddable":true,"href":"https:\/\/shopcinius.com\/fr\/wp-json\/wp\/v2\/product_tag?post=3900"}],"curies":[{"name":"wp","href":"https:\/\/api.w.org\/{rel}","templated":true}]}}